{"id":7308,"date":"2017-07-06T14:01:50","date_gmt":"2017-07-06T12:01:50","guid":{"rendered":"https:\/\/www.wg-west.de\/schulleben\/jugendbegleiterprogramm-2\/"},"modified":"2025-07-23T15:41:51","modified_gmt":"2025-07-23T13:41:51","slug":"foerderung_und_unterstuetzung","status":"publish","type":"page","link":"https:\/\/www.wg-west.de\/de_ls\/schulleben\/foerderung_und_unterstuetzung\/","title":{"rendered":"F\u00f6rderung &#038; Unterst\u00fctzung"},"content":{"rendered":"<div id=\"fws_69e4cc003ac53\"  data-column-margin=\"default\" data-midnight=\"dark\" data-top-percent=\"3%\"  class=\"wpb_row vc_row-fluid vc_row\"  style=\"padding-top: calc(100vw * 0.03); padding-bottom: 0px; \"><div class=\"row-bg-wrap\" data-bg-animation=\"none\" data-bg-animation-delay=\"\" data-bg-overlay=\"false\"><div class=\"inner-wrap row-bg-layer\" ><div class=\"row-bg viewport-desktop\"  style=\"\"><\/div><\/div><\/div><div class=\"row_col_wrap_12 col span_12 dark left\">\n\t<div  class=\"vc_col-sm-12 wpb_column column_container vc_column_container col no-extra-padding inherit_tablet inherit_phone\"  data-padding-pos=\"all\" data-has-bg-color=\"false\" data-bg-color=\"\" data-bg-opacity=\"1\" data-animation=\"\" data-delay=\"0\" >\n\t\t<div class=\"vc_column-inner\" >\n\t\t\t<div class=\"wpb_wrapper\">\n\t\t\t\t\n<div class=\"wpb_text_column wpb_content_element\" >\n\t<h1 style=\"text-align: center;\">F\u00f6rderung &amp; Unterst\u00fctzung<img loading=\"lazy\" decoding=\"async\" class=\"wp-image-7795 aligncenter\" src=\"https:\/\/www.wg-west.de\/cms\/wp-content\/uploads\/2025\/07\/Leitsatz_Sprache-und-Verantwortung-300x218.png\" alt=\"\" width=\"188\" height=\"137\" srcset=\"https:\/\/www.wg-west.de\/cms\/wp-content\/uploads\/2025\/07\/Leitsatz_Sprache-und-Verantwortung-300x218.png 300w, https:\/\/www.wg-west.de\/cms\/wp-content\/uploads\/2025\/07\/Leitsatz_Sprache-und-Verantwortung-18x12.png 18w, https:\/\/www.wg-west.de\/cms\/wp-content\/uploads\/2025\/07\/Leitsatz_Sprache-und-Verantwortung.png 468w\" sizes=\"auto, (max-width: 188px) 100vw, 188px\" \/><\/h1>\n<\/div>\n\n\n\n\n\t\t\t<\/div> \n\t\t<\/div>\n\t<\/div> \n<\/div><\/div>\n\t\t<div id=\"fws_69e4cc003bc17\"  data-column-margin=\"default\" data-midnight=\"dark\" data-top-percent=\"3%\"  class=\"wpb_row vc_row-fluid vc_row\"  style=\"padding-top: calc(100vw * 0.03); padding-bottom: 0px; \"><div class=\"row-bg-wrap\" data-bg-animation=\"none\" data-bg-animation-delay=\"\" data-bg-overlay=\"false\"><div class=\"inner-wrap row-bg-layer\" ><div class=\"row-bg viewport-desktop\"  style=\"\"><\/div><\/div><\/div><div class=\"row_col_wrap_12 col span_12 dark left\">\n\t<div  class=\"vc_col-sm-12 wpb_column column_container vc_column_container col no-extra-padding inherit_tablet inherit_phone\"  data-padding-pos=\"all\" data-has-bg-color=\"false\" data-bg-color=\"\" data-bg-opacity=\"1\" data-animation=\"\" data-delay=\"0\" >\n\t\t<div class=\"vc_column-inner\" >\n\t\t\t<div class=\"wpb_wrapper\">\n\t\t\t\t\n<div class=\"wpb_text_column wpb_content_element\" >\n\t<h2 style=\"text-align: center;\">KLIF (Klassenlehrerstunde &#8211; Individuelle F\u00f6rderung)<\/h2>\n<\/div>\n\n\n\n\n\t\t\t<\/div> \n\t\t<\/div>\n\t<\/div> \n<\/div><\/div>\n\t\t<div id=\"fws_69e4cc003c4a8\"  data-column-margin=\"default\" data-midnight=\"dark\"  class=\"wpb_row vc_row-fluid vc_row\"  style=\"padding-top: 0px; padding-bottom: 0px; \"><div class=\"row-bg-wrap\" data-bg-animation=\"none\" data-bg-animation-delay=\"\" data-bg-overlay=\"false\"><div class=\"inner-wrap row-bg-layer\" ><div class=\"row-bg viewport-desktop\"  style=\"\"><\/div><\/div><\/div><div class=\"row_col_wrap_12 col span_12 dark left\">\n\t<div  class=\"vc_col-sm-6 wpb_column column_container vc_column_container col no-extra-padding inherit_tablet inherit_phone\"  data-padding-pos=\"all\" data-has-bg-color=\"false\" data-bg-color=\"\" data-bg-opacity=\"1\" data-animation=\"\" data-delay=\"0\" >\n\t\t<div class=\"vc_column-inner\" >\n\t\t\t<div class=\"wpb_wrapper\">\n\t\t\t\t\n<div class=\"wpb_text_column wpb_content_element\" >\n\t<p><strong>Was wollen wir?<\/strong><\/p>\n<p>Die Sch\u00fcler und Sch\u00fclerinnen sollen lernen:\nIch \u00fcbernehme Verantwortung f\u00fcr mich.\nIch \u00fcbernehme auch Verantwortung f\u00fcr andere.<\/p>\n<p><strong>Was ist KLIF?<\/strong><\/p>\n<p>Das ist eine Klassenlehrer-Stunde an der Wirtschaftsschule.\nUnd in der ersten Klasse am Wirtschaftsgymnasium.<\/p>\n<p><strong>Warum ist KLIF toll?<\/strong><\/p>\n<p>Bei KLIF<\/p>\n<ul>\n<li>Es geht nicht um Noten.<\/li>\n<li>Der einzelne Sch\u00fcler oder die einzelne Sch\u00fclerin steht im Mittel-Punkt.<\/li>\n<li>Man kann auch andere Sachen machen als Fach-Unterricht.<\/li>\n<\/ul>\n<\/div>\n\n\n\n\n\t\t\t<\/div> \n\t\t<\/div>\n\t<\/div> \n\n\t<div  class=\"vc_col-sm-6 wpb_column column_container vc_column_container col no-extra-padding inherit_tablet inherit_phone\"  data-padding-pos=\"all\" data-has-bg-color=\"false\" data-bg-color=\"\" data-bg-opacity=\"1\" data-animation=\"\" data-delay=\"0\" >\n\t\t<div class=\"vc_column-inner\" >\n\t\t\t<div class=\"wpb_wrapper\">\n\t\t\t\t\n<div class=\"wpb_text_column wpb_content_element\" >\n\t<p><strong>\u00a0Was machen wir bei KLIF?<\/strong><\/p>\n<p>Wir helfen den Sch\u00fclerinnen und Sch\u00fclern: dass sie merken, wo sie gut sind. Dass sie den Alltag besser organisieren k\u00f6nnen. Dass sie in Teams arbeiten k\u00f6nnen. Die Klassenlehrer und Klassenlehrerinnen haben Zeit. Sie k\u00f6nnen mit einzelnen Sch\u00fclerinnen und Sch\u00fclern sprechen.<\/p>\n<p><img loading=\"lazy\" decoding=\"async\" class=\"alignleft wp-image-2853 size-full\" src=\"https:\/\/www.wg-west.de\/cms\/wp-content\/uploads\/2023\/06\/KLIF_Logo.jpeg\" alt=\"\" width=\"216\" height=\"164\" \/><\/p>\n<\/div>\n\n\n\n\n\t\t\t<\/div> \n\t\t<\/div>\n\t<\/div> \n<\/div><\/div>\n\t\t<div id=\"fws_69e4cc003d067\"  data-column-margin=\"default\" data-midnight=\"dark\"  class=\"wpb_row vc_row-fluid vc_row\"  style=\"padding-top: 0px; padding-bottom: 0px; \"><div class=\"row-bg-wrap\" data-bg-animation=\"none\" data-bg-animation-delay=\"\" data-bg-overlay=\"false\"><div class=\"inner-wrap row-bg-layer\" ><div class=\"row-bg viewport-desktop\"  style=\"\"><\/div><\/div><\/div><div class=\"row_col_wrap_12 col span_12 dark left\">\n\t<div  class=\"vc_col-sm-12 wpb_column column_container vc_column_container col no-extra-padding inherit_tablet inherit_phone\"  data-padding-pos=\"all\" data-has-bg-color=\"false\" data-bg-color=\"\" data-bg-opacity=\"1\" data-animation=\"\" data-delay=\"0\" >\n\t\t<div class=\"vc_column-inner\" >\n\t\t\t<div class=\"wpb_wrapper\">\n\t\t\t\t\n<div class=\"wpb_text_column wpb_content_element\" >\n\t<h4>Erfahrungen der Sch\u00fclerinnen und Sch\u00fcler mit KLIF<\/h4>\n<\/div>\n\n\n\n\n\t\t\t<\/div> \n\t\t<\/div>\n\t<\/div> \n<\/div><\/div>\n\t\t<div id=\"fws_69e4cc003d7af\"  data-column-margin=\"default\" data-midnight=\"dark\"  class=\"wpb_row vc_row-fluid vc_row\"  style=\"padding-top: 0px; padding-bottom: 0px; \"><div class=\"row-bg-wrap\" data-bg-animation=\"none\" data-bg-animation-delay=\"\" data-bg-overlay=\"false\"><div class=\"inner-wrap row-bg-layer\" ><div class=\"row-bg viewport-desktop\"  style=\"\"><\/div><\/div><\/div><div class=\"row_col_wrap_12 col span_12 dark left\">\n\t<div  class=\"vc_col-sm-12 wpb_column column_container vc_column_container col no-extra-padding inherit_tablet inherit_phone\"  data-padding-pos=\"all\" data-has-bg-color=\"false\" data-bg-color=\"\" data-bg-opacity=\"1\" data-animation=\"\" data-delay=\"0\" >\n\t\t<div class=\"vc_column-inner\" >\n\t\t\t<div class=\"wpb_wrapper\">\n\t\t\t\t<div class=\"testimonial_slider span_12 col\" data-color=\"extra-color-1-dark\" data-rating-color=\"accent-color\" data-controls=\"next_prev_arrows\" data-add-border=\"\" data-autorotate=\"4000\" data-style=\"multiple_visible\" ><div class=\"slides\"><div class=\"flickity-viewport\"> <div class=\"flickity-slider\"><blockquote> <div data-shadow=\"\" class=\"image-icon\" >&#8220;<\/div> <p>Mein Wohlbefinden in der Klasse hat sich verbessert. <span role=\"none\" class=\"bottom-arrow\"><\/span><\/p><span class=\"testimonial-name\">Yasemin<\/span><span class=\"title\"><\/span><\/blockquote><blockquote> <div data-shadow=\"\" class=\"image-icon\" >&#8220;<\/div> <p>Ich konnte meine schulische Leistung verbessern und die Art, wie ich lerne. <span role=\"none\" class=\"bottom-arrow\"><\/span><\/p><span class=\"testimonial-name\">Leo<\/span><span class=\"title\"><\/span><\/blockquote><blockquote> <div data-shadow=\"\" class=\"image-icon\" >&#8220;<\/div> <p>Meine Tutorin hat aufmerksam zugeh\u00f6rt und sich M\u00fche gegeben, eine gute Atmosph\u00e4re zu schaffen. <span role=\"none\" class=\"bottom-arrow\"><\/span><\/p><span class=\"testimonial-name\">Dora<\/span><span class=\"title\"><\/span><\/blockquote><blockquote> <div data-shadow=\"\" class=\"image-icon\" >&#8220;<\/div> <p>Der Tutor ging vertrauensvoll mit meinem Anliegen um und half mir, meine Noten zu verbessern. <span role=\"none\" class=\"bottom-arrow\"><\/span><\/p><span class=\"testimonial-name\">Tobias<\/span><span class=\"title\"><\/span><\/blockquote><blockquote> <div data-shadow=\"\" class=\"image-icon\" >&#8220;<\/div> <p>Das Tutoring hat mir meine Schw\u00e4chen aufgezeigt und wie ich daran arbeiten kann, um meine Ziele zu erreichen. <span role=\"none\" class=\"bottom-arrow\"><\/span><\/p><span class=\"testimonial-name\">Cedric<\/span><span class=\"title\"><\/span><\/blockquote><\/div><\/div><\/div><\/div>\n\t\t\t<\/div> \n\t\t<\/div>\n\t<\/div> \n<\/div><\/div>\n\t\t<div id=\"fws_69e4cc003e44b\"  data-column-margin=\"default\" data-midnight=\"dark\" data-top-percent=\"3%\"  class=\"wpb_row vc_row-fluid vc_row\"  style=\"padding-top: calc(100vw * 0.03); padding-bottom: 0px; \"><div class=\"row-bg-wrap\" data-bg-animation=\"none\" data-bg-animation-delay=\"\" data-bg-overlay=\"false\"><div class=\"inner-wrap row-bg-layer\" ><div class=\"row-bg viewport-desktop\"  style=\"\"><\/div><\/div><\/div><div class=\"row_col_wrap_12 col span_12 dark left\">\n\t<div  class=\"vc_col-sm-12 wpb_column column_container vc_column_container col no-extra-padding inherit_tablet inherit_phone\"  data-padding-pos=\"all\" data-has-bg-color=\"false\" data-bg-color=\"\" data-bg-opacity=\"1\" data-animation=\"\" data-delay=\"0\" >\n\t\t<div class=\"vc_column-inner\" >\n\t\t\t<div class=\"wpb_wrapper\">\n\t\t\t\t\n<div class=\"wpb_text_column wpb_content_element\" >\n\t<h2 style=\"text-align: center;\">Jugend-Begleiter-Programm am WG West<\/h2>\n<\/div>\n\n\n\n\n\t\t\t<\/div> \n\t\t<\/div>\n\t<\/div> \n<\/div><\/div>\n\t\t<div id=\"fws_69e4cc003ebfa\"  data-column-margin=\"default\" data-midnight=\"dark\"  class=\"wpb_row vc_row-fluid vc_row\"  style=\"padding-top: 0px; padding-bottom: 0px; \"><div class=\"row-bg-wrap\" data-bg-animation=\"none\" data-bg-animation-delay=\"\" data-bg-overlay=\"false\"><div class=\"inner-wrap row-bg-layer\" ><div class=\"row-bg viewport-desktop\"  style=\"\"><\/div><\/div><\/div><div class=\"row_col_wrap_12 col span_12 dark left\">\n\t<div  class=\"vc_col-sm-6 wpb_column column_container vc_column_container col no-extra-padding inherit_tablet inherit_phone\"  data-padding-pos=\"all\" data-has-bg-color=\"false\" data-bg-color=\"\" data-bg-opacity=\"1\" data-animation=\"\" data-delay=\"0\" >\n\t\t<div class=\"vc_column-inner\" >\n\t\t\t<div class=\"wpb_wrapper\">\n\t\t\t\t\n<div class=\"wpb_text_column wpb_content_element\" >\n\t<p>Das Ministerium f\u00fcr Kultus, Jugend und Sport hat ein Programm f\u00fcr alle Schulen im Land gemacht. Das Programm hei\u00dft: Jugend-Begleiter-Programm. Die Jugend-Stiftung Baden-W\u00fcrttemberg hilft bei dem Programm.\nDie Stiftung hilft Kindern und Jugendlichen.\nDas Programm soll die Sch\u00fcler und Sch\u00fclerinnen gut unterst\u00fctzen.<\/p>\n<p>Die Sch\u00fcler und Sch\u00fclerinnen k\u00f6nnen w\u00e4hlen, was sie machen wollen. In den letzten Jahren gab es:<\/p>\n<ul>\n<li>Theater<\/li>\n<li>Chor<\/li>\n<li>Fu\u00dfball<\/li>\n<li>Tennis<\/li>\n<li>Englisch<\/li>\n<li>Deutsch<\/li>\n<li>einen F\u00fchrer-Schein f\u00fcr die Bibliothek<\/li>\n<li>wie man wissenschaftlich arbeitet<\/li>\n<li>Stuttgart kennenlernen<\/li>\n<li>Zeichnen<\/li>\n<li>Unterricht am Keyboard<\/li>\n<li>Betreuung in unserer Mediathek. Hier gibt es Computer und B\u00fccher.<\/li>\n<\/ul>\n<\/div>\n\n\n\n\n\t\t\t<\/div> \n\t\t<\/div>\n\t<\/div> \n\n\t<div  class=\"vc_col-sm-6 wpb_column column_container vc_column_container col no-extra-padding inherit_tablet inherit_phone\"  data-padding-pos=\"all\" data-has-bg-color=\"false\" data-bg-color=\"\" data-bg-opacity=\"1\" data-animation=\"\" data-delay=\"0\" >\n\t\t<div class=\"vc_column-inner\" >\n\t\t\t<div class=\"wpb_wrapper\">\n\t\t\t\t\n<div class=\"wpb_text_column wpb_content_element\" >\n\t<p>Die Leute, die die Sch\u00fcler betreuen, sind ehrenamtlich. Das hei\u00dft: Sie bekommen kein Geld daf\u00fcr. Die Angebote finden jede Woche statt. Immer zur gleichen Zeit. Das geht mindestens ein halbes Jahr. In jeder Gruppe sind mindestens 6 Sch\u00fcler und Sch\u00fclerinnen. Und es k\u00f6nnen maximal 10 Personen mitmachen. Die Sch\u00fcler und Sch\u00fclerinnen m\u00fcssen sich anmelden. Dann sind sie versichert. Manche Angebote kosten etwas. Das Geld muss man vor dem Beginn des Kurses bezahlen.<\/p>\n<h4>Ansprech-Partner:<\/h4>\n<p>Frau Estermann<\/p>\n<h4>Organisation<\/h4>\n<p>Frau Limmeroth<br \/>\nE-Mail: <a href=\"mailto:dagmar.limmeroth@wg-west.de\">dagmar.limmeroth@wg-west.de<\/a><\/p>\n<\/div>\n\n\n\n\n\t\t\t<\/div> \n\t\t<\/div>\n\t<\/div> \n<\/div><\/div>\n\t\t<div id=\"fws_69e4cc003f93a\"  data-column-margin=\"default\" data-midnight=\"dark\" data-top-percent=\"2%\"  class=\"wpb_row vc_row-fluid vc_row\"  style=\"padding-top: calc(100vw * 0.02); padding-bottom: 0px; \"><div class=\"row-bg-wrap\" data-bg-animation=\"none\" data-bg-animation-delay=\"\" data-bg-overlay=\"false\"><div class=\"inner-wrap row-bg-layer\" ><div class=\"row-bg viewport-desktop\"  style=\"\"><\/div><\/div><\/div><div class=\"row_col_wrap_12 col span_12 dark left\">\n\t<div  class=\"vc_col-sm-6 wpb_column column_container vc_column_container col no-extra-padding inherit_tablet inherit_phone\"  data-padding-pos=\"all\" data-has-bg-color=\"false\" data-bg-color=\"\" data-bg-opacity=\"1\" data-animation=\"\" data-delay=\"0\" >\n\t\t<div class=\"vc_column-inner\" >\n\t\t\t<div class=\"wpb_wrapper\">\n\t\t\t\t<div class=\"img-with-aniamtion-wrap center\" data-max-width=\"100%\" data-max-width-mobile=\"default\" data-shadow=\"none\" data-animation=\"fade-in\" >\n      <div class=\"inner\">\n        <div class=\"hover-wrap\"> \n          <div class=\"hover-wrap-inner\">\n            <img loading=\"lazy\" decoding=\"async\" class=\"img-with-animation skip-lazy\" data-delay=\"0\" height=\"600\" width=\"800\" data-animation=\"fade-in\" src=\"https:\/\/www.wg-west.de\/cms\/wp-content\/uploads\/2017\/07\/wg-west-schule-stuttgart-mannschaft.jpg\" alt=\"\" srcset=\"https:\/\/www.wg-west.de\/cms\/wp-content\/uploads\/2017\/07\/wg-west-schule-stuttgart-mannschaft.jpg 800w, https:\/\/www.wg-west.de\/cms\/wp-content\/uploads\/2017\/07\/wg-west-schule-stuttgart-mannschaft-300x225.jpg 300w, https:\/\/www.wg-west.de\/cms\/wp-content\/uploads\/2017\/07\/wg-west-schule-stuttgart-mannschaft-768x576.jpg 768w\" sizes=\"auto, (max-width: 800px) 100vw, 800px\" \/>\n          <\/div>\n        <\/div>\n        \n      <\/div>\n    <\/div>\n\t\t\t<\/div> \n\t\t<\/div>\n\t<\/div> \n\n\t<div  class=\"vc_col-sm-6 wpb_column column_container vc_column_container col no-extra-padding inherit_tablet inherit_phone\"  data-padding-pos=\"all\" data-has-bg-color=\"false\" data-bg-color=\"\" data-bg-opacity=\"1\" data-animation=\"\" data-delay=\"0\" >\n\t\t<div class=\"vc_column-inner\" >\n\t\t\t<div class=\"wpb_wrapper\">\n\t\t\t\t<div class=\"img-with-aniamtion-wrap center\" data-max-width=\"100%\" data-max-width-mobile=\"default\" data-shadow=\"none\" data-animation=\"fade-in\" >\n      <div class=\"inner\">\n        <div class=\"hover-wrap\"> \n          <div class=\"hover-wrap-inner\">\n            <img loading=\"lazy\" decoding=\"async\" class=\"img-with-animation skip-lazy\" data-delay=\"0\" height=\"600\" width=\"800\" data-animation=\"fade-in\" src=\"https:\/\/www.wg-west.de\/cms\/wp-content\/uploads\/2017\/07\/wg-west-schule-stuttgart-mannschaft-2.jpg\" alt=\"\" srcset=\"https:\/\/www.wg-west.de\/cms\/wp-content\/uploads\/2017\/07\/wg-west-schule-stuttgart-mannschaft-2.jpg 800w, https:\/\/www.wg-west.de\/cms\/wp-content\/uploads\/2017\/07\/wg-west-schule-stuttgart-mannschaft-2-300x225.jpg 300w, https:\/\/www.wg-west.de\/cms\/wp-content\/uploads\/2017\/07\/wg-west-schule-stuttgart-mannschaft-2-768x576.jpg 768w\" sizes=\"auto, (max-width: 800px) 100vw, 800px\" \/>\n          <\/div>\n        <\/div>\n        \n      <\/div>\n    <\/div>\n\t\t\t<\/div> \n\t\t<\/div>\n\t<\/div> \n<\/div><\/div>\n\t\t<div id=\"fws_69e4cc0042085\"  data-column-margin=\"default\" data-midnight=\"dark\"  class=\"wpb_row vc_row-fluid vc_row\"  style=\"padding-top: 0px; padding-bottom: 0px; \"><div class=\"row-bg-wrap\" data-bg-animation=\"none\" data-bg-animation-delay=\"\" data-bg-overlay=\"false\"><div class=\"inner-wrap row-bg-layer\" ><div class=\"row-bg viewport-desktop\"  style=\"\"><\/div><\/div><\/div><div class=\"row_col_wrap_12 col span_12 dark left\">\n\t<div  class=\"vc_col-sm-12 wpb_column column_container vc_column_container col no-extra-padding inherit_tablet inherit_phone\"  data-padding-pos=\"all\" data-has-bg-color=\"false\" data-bg-color=\"\" data-bg-opacity=\"1\" data-animation=\"\" data-delay=\"0\" >\n\t\t<div class=\"vc_column-inner\" >\n\t\t\t<div class=\"wpb_wrapper\">\n\t\t\t\t<div class=\"divider-wrap\" data-alignment=\"default\"><div style=\"margin-top: 40px; height: 1px; margin-bottom: 40px;\" data-width=\"100%\" data-animate=\"\" data-animation-delay=\"\" data-color=\"default\" class=\"divider-border\"><\/div><\/div>\n\t\t\t<\/div> \n\t\t<\/div>\n\t<\/div> \n<\/div><\/div>","protected":false},"excerpt":{"rendered":"F\u00f6rderung &amp; Unterst\u00fctzung KLIF (Klassenlehrerstunde - Individuelle F\u00f6rderung) Was ist unser Ziel? Wir wollen unsere Sch\u00fclerinnen und Sch\u00fcler auf ein verantwortungsbewusstes Leben vorbereiten. Das bedeutet zu lernen, Verantwortung f\u00fcr sich...","protected":false},"author":1,"featured_media":0,"parent":6606,"menu_order":0,"comment_status":"closed","ping_status":"closed","template":"","meta":{"footnotes":""},"class_list":["post-7308","page","type-page","status-publish"],"_links":{"self":[{"href":"https:\/\/www.wg-west.de\/de_ls\/wp-json\/wp\/v2\/pages\/7308","targetHints":{"allow":["GET"]}}],"collection":[{"href":"https:\/\/www.wg-west.de\/de_ls\/wp-json\/wp\/v2\/pages"}],"about":[{"href":"https:\/\/www.wg-west.de\/de_ls\/wp-json\/wp\/v2\/types\/page"}],"author":[{"embeddable":true,"href":"https:\/\/www.wg-west.de\/de_ls\/wp-json\/wp\/v2\/users\/1"}],"replies":[{"embeddable":true,"href":"https:\/\/www.wg-west.de\/de_ls\/wp-json\/wp\/v2\/comments?post=7308"}],"version-history":[{"count":42,"href":"https:\/\/www.wg-west.de\/de_ls\/wp-json\/wp\/v2\/pages\/7308\/revisions"}],"predecessor-version":[{"id":7797,"href":"https:\/\/www.wg-west.de\/de_ls\/wp-json\/wp\/v2\/pages\/7308\/revisions\/7797"}],"up":[{"embeddable":true,"href":"https:\/\/www.wg-west.de\/de_ls\/wp-json\/wp\/v2\/pages\/6606"}],"wp:attachment":[{"href":"https:\/\/www.wg-west.de\/de_ls\/wp-json\/wp\/v2\/media?parent=7308"}],"curies":[{"name":"wp","href":"https:\/\/api.w.org\/{rel}","templated":true}]}}