{"id":6268,"date":"2017-07-06T14:02:52","date_gmt":"2017-07-06T12:02:52","guid":{"rendered":"https:\/\/www.wg-west.de\/service\/downloads-2\/"},"modified":"2025-07-22T12:16:55","modified_gmt":"2025-07-22T10:16:55","slug":"entschuldigungen","status":"publish","type":"page","link":"https:\/\/www.wg-west.de\/de_ls\/service\/entschuldigungen\/","title":{"rendered":"Entschuldigungen"},"content":{"rendered":"<div id=\"fws_69e2661b88463\"  data-column-margin=\"default\" data-midnight=\"dark\"  class=\"wpb_row vc_row-fluid vc_row\"  style=\"padding-top: 0px; padding-bottom: 0px; \"><div class=\"row-bg-wrap\" data-bg-animation=\"none\" data-bg-animation-delay=\"\" data-bg-overlay=\"false\"><div class=\"inner-wrap row-bg-layer\" ><div class=\"row-bg viewport-desktop\"  style=\"\"><\/div><\/div><\/div><div class=\"row_col_wrap_12 col span_12 dark left\">\n\t<div  class=\"vc_col-sm-12 wpb_column column_container vc_column_container col no-extra-padding inherit_tablet inherit_phone\"  data-padding-pos=\"all\" data-has-bg-color=\"false\" data-bg-color=\"\" data-bg-opacity=\"1\" data-animation=\"\" data-delay=\"0\" >\n\t\t<div class=\"vc_column-inner\" >\n\t\t\t<div class=\"wpb_wrapper\">\n\t\t\t\t\n<div class=\"wpb_text_column wpb_content_element\" >\n\t<h1 style=\"text-align: left;\">Entschuldigungen<\/h1>\n<\/div>\n\n\n\n<div class=\"divider-wrap\" data-alignment=\"default\"><div style=\"height: 40px;\" class=\"divider\"><\/div><\/div><div id=\"Kollegium\" data-midnight=\"\" data-column-margin=\"default\" class=\"wpb_row vc_row-fluid vc_row inner_row\"  style=\"\"><div class=\"row-bg-wrap\"> <div class=\"row-bg\" ><\/div> <\/div><div class=\"row_col_wrap_12_inner col span_12  left\">\n\t<div  class=\"vc_col-sm-12 wpb_column column_container vc_column_container col child_column no-extra-padding inherit_tablet inherit_phone\"   data-padding-pos=\"all\" data-has-bg-color=\"false\" data-bg-color=\"\" data-bg-opacity=\"1\" data-animation=\"\" data-delay=\"0\" >\n\t\t<div class=\"vc_column-inner\" >\n\t\t<div class=\"wpb_wrapper\">\n\t\t\t<div class=\"img-with-aniamtion-wrap\" data-max-width=\"100%\" data-max-width-mobile=\"default\" data-shadow=\"none\" data-animation=\"none\" >\n      <div class=\"inner\">\n        <div class=\"hover-wrap\"> \n          <div class=\"hover-wrap-inner\">\n            <a href=\"https:\/\/www.wg-west.de\/cms\/wp-content\/uploads\/2025\/07\/Entschuldigungsregeln-scaled.png\" class=\"pp\">\n              <img loading=\"lazy\" decoding=\"async\" class=\"img-with-animation skip-lazy\" data-delay=\"0\" height=\"2560\" width=\"1810\" data-animation=\"none\" src=\"https:\/\/www.wg-west.de\/cms\/wp-content\/uploads\/2025\/07\/Entschuldigungsregeln-scaled.png\" alt=\"\" srcset=\"https:\/\/www.wg-west.de\/cms\/wp-content\/uploads\/2025\/07\/Entschuldigungsregeln-scaled.png 1810w, https:\/\/www.wg-west.de\/cms\/wp-content\/uploads\/2025\/07\/Entschuldigungsregeln-212x300.png 212w, https:\/\/www.wg-west.de\/cms\/wp-content\/uploads\/2025\/07\/Entschuldigungsregeln-724x1024.png 724w, https:\/\/www.wg-west.de\/cms\/wp-content\/uploads\/2025\/07\/Entschuldigungsregeln-768x1086.png 768w, https:\/\/www.wg-west.de\/cms\/wp-content\/uploads\/2025\/07\/Entschuldigungsregeln-1086x1536.png 1086w, https:\/\/www.wg-west.de\/cms\/wp-content\/uploads\/2025\/07\/Entschuldigungsregeln-1448x2048.png 1448w, https:\/\/www.wg-west.de\/cms\/wp-content\/uploads\/2025\/07\/Entschuldigungsregeln-8x12.png 8w\" sizes=\"auto, (max-width: 1810px) 100vw, 1810px\" \/>\n            <\/a>\n          <\/div>\n        <\/div>\n         \n      <\/div>\n      <\/div>\n\t\t<\/div> \n\t<\/div>\n\t<\/div> \n<\/div><\/div><div id=\"Kollegium\" data-midnight=\"\" data-column-margin=\"default\" class=\"wpb_row vc_row-fluid vc_row inner_row\"  style=\"\"><div class=\"row-bg-wrap\"> <div class=\"row-bg\" ><\/div> <\/div><div class=\"row_col_wrap_12_inner col span_12  left\">\n\t<div  class=\"vc_col-sm-12 wpb_column column_container vc_column_container col child_column no-extra-padding inherit_tablet inherit_phone\"   data-padding-pos=\"all\" data-has-bg-color=\"false\" data-bg-color=\"\" data-bg-opacity=\"1\" data-animation=\"\" data-delay=\"0\" >\n\t\t<div class=\"vc_column-inner\" >\n\t\t<div class=\"wpb_wrapper\">\n\t\t\t<div class=\"divider-wrap\" data-alignment=\"default\"><div style=\"margin-top: 20px; height: 1px; margin-bottom: 20px;\" data-width=\"100%\" data-animate=\"\" data-animation-delay=\"\" data-color=\"default\" class=\"divider-border\"><\/div><\/div><div class=\"img-with-aniamtion-wrap\" data-max-width=\"100%\" data-max-width-mobile=\"default\" data-shadow=\"none\" data-animation=\"none\" >\n      <div class=\"inner\">\n        <div class=\"hover-wrap\"> \n          <div class=\"hover-wrap-inner\">\n            <a href=\"https:\/\/www.wg-west.de\/cms\/wp-content\/uploads\/2025\/07\/Beurlaubungsregeln-scaled.png\" class=\"pp\">\n              <img loading=\"lazy\" decoding=\"async\" class=\"img-with-animation skip-lazy\" data-delay=\"0\" height=\"2560\" width=\"1810\" data-animation=\"none\" src=\"https:\/\/www.wg-west.de\/cms\/wp-content\/uploads\/2025\/07\/Beurlaubungsregeln-scaled.png\" alt=\"\" srcset=\"https:\/\/www.wg-west.de\/cms\/wp-content\/uploads\/2025\/07\/Beurlaubungsregeln-scaled.png 1810w, https:\/\/www.wg-west.de\/cms\/wp-content\/uploads\/2025\/07\/Beurlaubungsregeln-212x300.png 212w, https:\/\/www.wg-west.de\/cms\/wp-content\/uploads\/2025\/07\/Beurlaubungsregeln-724x1024.png 724w, https:\/\/www.wg-west.de\/cms\/wp-content\/uploads\/2025\/07\/Beurlaubungsregeln-768x1086.png 768w, https:\/\/www.wg-west.de\/cms\/wp-content\/uploads\/2025\/07\/Beurlaubungsregeln-1086x1536.png 1086w, https:\/\/www.wg-west.de\/cms\/wp-content\/uploads\/2025\/07\/Beurlaubungsregeln-1448x2048.png 1448w, https:\/\/www.wg-west.de\/cms\/wp-content\/uploads\/2025\/07\/Beurlaubungsregeln-8x12.png 8w\" sizes=\"auto, (max-width: 1810px) 100vw, 1810px\" \/>\n            <\/a>\n          <\/div>\n        <\/div>\n         \n      <\/div>\n      <\/div>\n\t\t<\/div> \n\t<\/div>\n\t<\/div> \n<\/div><\/div>\n\t\t\t<\/div> \n\t\t<\/div>\n\t<\/div> \n<\/div><\/div>\n\t\t<div id=\"fws_69e2661b8b920\"  data-column-margin=\"default\" data-midnight=\"dark\" data-top-percent=\"6%\" data-bottom-percent=\"0%\"  class=\"wpb_row vc_row-fluid vc_row\"  style=\"padding-top: calc(100vw * 0.06); padding-bottom: calc(100vw * 0.00); \"><div class=\"row-bg-wrap\" data-bg-animation=\"none\" data-bg-animation-delay=\"\" data-bg-overlay=\"false\"><div class=\"inner-wrap row-bg-layer\" ><div class=\"row-bg viewport-desktop\"  style=\"\"><\/div><\/div><\/div><div class=\"row_col_wrap_12 col span_12 dark left\">\n\t<div  class=\"vc_col-sm-8 wpb_column column_container vc_column_container col no-extra-padding inherit_tablet inherit_phone\"  data-padding-pos=\"all\" data-has-bg-color=\"false\" data-bg-color=\"\" data-bg-opacity=\"1\" data-animation=\"\" data-delay=\"0\" >\n\t\t<div class=\"vc_column-inner\" >\n\t\t\t<div class=\"wpb_wrapper\">\n\t\t\t\t\n<div class=\"wpb_text_column wpb_content_element  vc_custom_1745774592228\" >\n\t<p>Liebe Sch\u00fclerinnen und Sch\u00fcler, liebe Eltern,<\/p>\n<p>Bitte nutzen Sie f\u00fcr Entschuldigungen das folgende Formular:<br \/>\n<div class='w3eden'><!-- WPDM Link Template: Default Template ( Old ) -->\n\n\n<div class=\"wpdm-link-template link-template-default\" >\n\n    <div class=\"media\">\n        <div class=\"mr-3\"><img decoding=\"async\" class=\"wpdm_icon\" alt=\"Icon\" src=\"https:\/\/www.wg-west.de\/cms\/wp-content\/plugins\/download-manager\/assets\/file-type-icons\/pdf.svg\" \/><\/div>\n        <div class=\"media-body\">\n            <div>\n                <strong class=\"package-title\">Entschuldigungsformular<\/strong> | 148.29 KB\n            <\/div>\n            <a class='wpdm-download-link download-on-click btn btn-primary' rel='nofollow' href='#' data-downloadurl=\"https:\/\/www.wg-west.de\/de_ls\/download\/entschuldigungsformular-2\/?wpdmdl=669&refresh=69e2661b8f47b1776444955\">Download<\/a>\n        <\/div>\n\n    <\/div>\n    <div style=\"clear: both\"><\/div>\n<\/div>\n<div style=\"clear: both\"><\/div>\n\n<\/div><br \/>\nF\u00fcllen Sie f\u00fcr Beurlaubungsantr\u00e4ge bitte dieses Formular aus:<br \/>\n<div class='w3eden'><!-- WPDM Link Template: Default Template ( Old ) -->\n\n\n<div class=\"wpdm-link-template link-template-default\" >\n\n    <div class=\"media\">\n        <div class=\"mr-3\"><img decoding=\"async\" class=\"wpdm_icon\" alt=\"Icon\" src=\"https:\/\/www.wg-west.de\/cms\/wp-content\/plugins\/download-manager\/assets\/file-type-icons\/pdf.svg\" \/><\/div>\n        <div class=\"media-body\">\n            <div>\n                <strong class=\"package-title\">Beurlaubung<\/strong> | 280.33 KB\n            <\/div>\n            <a class='wpdm-download-link download-on-click btn btn-primary' rel='nofollow' href='#' data-downloadurl=\"https:\/\/www.wg-west.de\/de_ls\/download\/beurlaubung\/?wpdmdl=426&refresh=69e2661b9a8ce1776444955\">Download<\/a>\n        <\/div>\n\n    <\/div>\n    <div style=\"clear: both\"><\/div>\n<\/div>\n<div style=\"clear: both\"><\/div>\n\n<\/div>\n<\/div>\n\n\n\n\n\t\t\t<\/div> \n\t\t<\/div>\n\t<\/div> \n\n\t<div  class=\"vc_col-sm-4 wpb_column column_container vc_column_container col no-extra-padding inherit_tablet inherit_phone\"  data-padding-pos=\"all\" data-has-bg-color=\"false\" data-bg-color=\"\" data-bg-opacity=\"1\" data-animation=\"\" data-delay=\"0\" >\n\t\t<div class=\"vc_column-inner\" >\n\t\t\t<div class=\"wpb_wrapper\">\n\t\t\t\t\n<div class=\"wpb_text_column wpb_content_element\" >\n\t<p>Hier finden Sie die Entschuldigungs- und Beurlaubungsregelungen zum Download:<br \/>\n<div class='w3eden'><!-- WPDM Link Template: Default Template ( Old ) -->\n\n\n<div class=\"wpdm-link-template link-template-default\" >\n\n    <div class=\"media\">\n        <div class=\"mr-3\"><img decoding=\"async\" class=\"wpdm_icon\" alt=\"Icon\" src=\"https:\/\/www.wg-west.de\/cms\/wp-content\/plugins\/download-manager\/assets\/file-type-icons\/pdf.svg\" \/><\/div>\n        <div class=\"media-body\">\n            <div>\n                <strong class=\"package-title\">Entschuldigungs- und Beurlaubungsregeln<\/strong> | 1,020.45 KB\n            <\/div>\n            <a class='wpdm-download-link download-on-click btn btn-primary' rel='nofollow' href='#' data-downloadurl=\"https:\/\/www.wg-west.de\/de_ls\/download\/6465\/?wpdmdl=6465&refresh=69e2661ba42c01776444955\">Download<\/a>\n        <\/div>\n\n    <\/div>\n    <div style=\"clear: both\"><\/div>\n<\/div>\n<div style=\"clear: both\"><\/div>\n\n<\/div>\n<\/div>\n\n\n\n\n\t\t\t<\/div> \n\t\t<\/div>\n\t<\/div> \n<\/div><\/div>","protected":false},"excerpt":{"rendered":"Entschuldigungen Liebe Sch\u00fclerinnen und Sch\u00fcler, liebe Eltern, Bitte nutzen Sie f\u00fcr Entschuldigungen das folgende Formular: Entschuldigungsformular | 148.29 KB Download F\u00fcllen Sie f\u00fcr Beurlaubungsantr\u00e4ge bitte dieses Formular aus: Beurlaubung |...","protected":false},"author":1,"featured_media":0,"parent":56,"menu_order":0,"comment_status":"closed","ping_status":"closed","template":"","meta":{"footnotes":""},"class_list":["post-6268","page","type-page","status-publish"],"_links":{"self":[{"href":"https:\/\/www.wg-west.de\/de_ls\/wp-json\/wp\/v2\/pages\/6268","targetHints":{"allow":["GET"]}}],"collection":[{"href":"https:\/\/www.wg-west.de\/de_ls\/wp-json\/wp\/v2\/pages"}],"about":[{"href":"https:\/\/www.wg-west.de\/de_ls\/wp-json\/wp\/v2\/types\/page"}],"author":[{"embeddable":true,"href":"https:\/\/www.wg-west.de\/de_ls\/wp-json\/wp\/v2\/users\/1"}],"replies":[{"embeddable":true,"href":"https:\/\/www.wg-west.de\/de_ls\/wp-json\/wp\/v2\/comments?post=6268"}],"version-history":[{"count":190,"href":"https:\/\/www.wg-west.de\/de_ls\/wp-json\/wp\/v2\/pages\/6268\/revisions"}],"predecessor-version":[{"id":7781,"href":"https:\/\/www.wg-west.de\/de_ls\/wp-json\/wp\/v2\/pages\/6268\/revisions\/7781"}],"up":[{"embeddable":true,"href":"https:\/\/www.wg-west.de\/de_ls\/wp-json\/wp\/v2\/pages\/56"}],"wp:attachment":[{"href":"https:\/\/www.wg-west.de\/de_ls\/wp-json\/wp\/v2\/media?parent=6268"}],"curies":[{"name":"wp","href":"https:\/\/api.w.org\/{rel}","templated":true}]}}