{"id":62,"date":"2017-07-06T14:03:35","date_gmt":"2017-07-06T12:03:35","guid":{"rendered":"http:\/\/www.wg-west.de\/cms\/?page_id=62"},"modified":"2026-01-21T16:17:24","modified_gmt":"2026-01-21T15:17:24","slug":"lehrerausbildung","status":"publish","type":"page","link":"https:\/\/www.wg-west.de\/de_ls\/lehrerausbildung\/","title":{"rendered":"Schul-Praktikum"},"content":{"rendered":"<div id=\"fws_69f5ef4cd7f83\"  data-column-margin=\"default\" data-midnight=\"dark\" data-top-percent=\"6%\" data-bottom-percent=\"0%\"  class=\"wpb_row vc_row-fluid vc_row\"  style=\"padding-top: calc(100vw * 0.06); padding-bottom: calc(100vw * 0.00); \"><div class=\"row-bg-wrap\" data-bg-animation=\"none\" data-bg-animation-delay=\"\" data-bg-overlay=\"false\"><div class=\"inner-wrap row-bg-layer\" ><div class=\"row-bg viewport-desktop\"  style=\"\"><\/div><\/div><\/div><div class=\"row_col_wrap_12 col span_12 dark left\">\n\t<div  class=\"vc_col-sm-12 wpb_column column_container vc_column_container col no-extra-padding inherit_tablet inherit_phone\"  data-padding-pos=\"all\" data-has-bg-color=\"false\" data-bg-color=\"\" data-bg-opacity=\"1\" data-animation=\"\" data-delay=\"0\" >\n\t\t<div class=\"vc_column-inner\" >\n\t\t\t<div class=\"wpb_wrapper\">\n\t\t\t\t\n<div class=\"wpb_text_column wpb_content_element  vc_custom_1568816660177\" >\n\t<h2 style=\"text-align: center;\">Schulpraktikum f\u00fcr Studierende am WG West<\/h2>\n<h1><\/h1>\n<h1><\/h1>\n<\/div>\n\n\n\n<div class=\"divider-wrap\" data-alignment=\"default\"><div style=\"height: 40px;\" class=\"divider\"><\/div><\/div><div id=\"fws_69f5ef4cd8d63\" data-midnight=\"\" data-column-margin=\"default\" class=\"wpb_row vc_row-fluid vc_row inner_row\"  style=\"\"><div class=\"row-bg-wrap\"> <div class=\"row-bg\" ><\/div> <\/div><div class=\"row_col_wrap_12_inner col span_12  left\">\n\t<div  class=\"vc_col-sm-6 wpb_column column_container vc_column_container col child_column no-extra-padding inherit_tablet inherit_phone\"   data-padding-pos=\"all\" data-has-bg-color=\"false\" data-bg-color=\"\" data-bg-opacity=\"1\" data-animation=\"\" data-delay=\"0\" >\n\t\t<div class=\"vc_column-inner\" >\n\t\t<div class=\"wpb_wrapper\">\n\t\t\t\n<div class=\"wpb_text_column wpb_content_element\" >\n\t<p>Liebe Studentinnen und Studenten,<\/p>\n<\/div>\n\n\n\n\n\t\t<\/div> \n\t<\/div>\n\t<\/div> \n\n\t<div  class=\"vc_col-sm-6 wpb_column column_container vc_column_container col child_column no-extra-padding inherit_tablet inherit_phone\"   data-padding-pos=\"all\" data-has-bg-color=\"false\" data-bg-color=\"\" data-bg-opacity=\"1\" data-animation=\"\" data-delay=\"0\" >\n\t\t<div class=\"vc_column-inner\" >\n\t\t<div class=\"wpb_wrapper\">\n\t\t\t\n\t\t<\/div> \n\t<\/div>\n\t<\/div> \n<\/div><\/div><div id=\"fws_69f5ef4cd9777\" data-midnight=\"\" data-column-margin=\"default\" class=\"wpb_row vc_row-fluid vc_row inner_row\"  style=\"\"><div class=\"row-bg-wrap\"> <div class=\"row-bg\" ><\/div> <\/div><div class=\"row_col_wrap_12_inner col span_12  left\">\n\t<div  class=\"vc_col-sm-6 wpb_column column_container vc_column_container col child_column no-extra-padding inherit_tablet inherit_phone\"   data-padding-pos=\"all\" data-has-bg-color=\"false\" data-bg-color=\"\" data-bg-opacity=\"1\" data-animation=\"\" data-delay=\"0\" >\n\t\t<div class=\"vc_column-inner\" >\n\t\t<div class=\"wpb_wrapper\">\n\t\t\t\n<div class=\"wpb_text_column wpb_content_element\" >\n\t<p>Das Schulpraktikum ist f\u00fcr Studierende von den Fachrichtungen: Lehr-Amt an Beruflichen Schulen, Lehr-Amt an Gymnasien.\n\nDie Studierenden sollen schon im Studium sehen: Wie ist der Beruf als Lehrer oder Lehrerin? Was muss ich in dem Beruf k\u00f6nnen? Was muss ich f\u00fcr den Beruf lernen?\n\nDie Studierenden sollen auch sehen: Wie ist der Alltag in der Schule? Wie sind die Lehrer und Lehrerinnen in der Schule? Was ist schwierig an dem Beruf?<\/p>\n<p>Dadurch k\u00f6nnen die Studierenden besser wissen: Ob sie gut f\u00fcr den Beruf sind. Was sie im Haupt-Studium an der Hoch-Schule oder Universit\u00e4t besonders lernen wollen.<\/p>\n<p class=\"translation-block\">Die Sch\u00fcler und das Kollegium und die Schul-Leitung vom WG West und die Ausbildungs-Lehrerin von der Schule wollen Ihnen dabei helfen. Sie wollen Sie unterst\u00fctzen. Sie wollen Sie motivieren. Das WG West kann Ihnen viele Schularten anbieten. Das k\u00f6nnen Sie in unserem Schulprofil sehen. Das Schulprofil ist eine Liste mit Schularten. Die Liste steht auf unserer Internet-Seite (bei \"Schul-Arten\").<\/p>\n<\/div>\n\n\n\n\n\t\t<\/div> \n\t<\/div>\n\t<\/div> \n\n\t<div  class=\"vc_col-sm-6 wpb_column column_container vc_column_container col child_column no-extra-padding inherit_tablet inherit_phone\"   data-padding-pos=\"all\" data-has-bg-color=\"false\" data-bg-color=\"\" data-bg-opacity=\"1\" data-animation=\"\" data-delay=\"0\" >\n\t\t<div class=\"vc_column-inner\" >\n\t\t<div class=\"wpb_wrapper\">\n\t\t\t\n<div class=\"wpb_text_column wpb_content_element\" >\n\t<p>Sie wollen sich f\u00fcr das Praxis-Semester anmelden? Dann m\u00fcssen Sie sich auf der Internet-Seite vom Kultus-Ministerium von Baden-W\u00fcrttemberg informieren.\nDie Internet-Seite ist:<\/p>\n<p><a href=\"http:\/\/www.praxissemester-bw.de\">http:\/\/www.praxissemester-bw.de<\/a>\u00a0(siehe unten)<\/p>\n<p>oder<\/p>\n<p>Sie k\u00f6nnen auch unsere Ausbildungs-Lehrerin f\u00fcr das Praxis-Semester fragen. Die Ausbildungs-Lehrerin hei\u00dft Sabrina Bauer. Ihre E-Mail-Adresse ist: <a href=\"mailto:Sabrina.Bauer@wg-west.de\">mailto:Sabrina.Bauer@wg-west.de<\/a>).<\/p>\n<p>Vielleicht machen Sie auch das Referendariat an unserer Schule? Und sp\u00e4ter arbeiten Sie im Kollegium bei uns?<\/p>\n<p>Das w\u00e4re sch\u00f6n.<\/p>\n<\/div>\n\n\n\n\n\t\t<\/div> \n\t<\/div>\n\t<\/div> \n<\/div><\/div><div class=\"divider-wrap\" data-alignment=\"default\"><div style=\"height: 40px;\" class=\"divider\"><\/div><\/div><div class=\"img-with-aniamtion-wrap\" data-max-width=\"100%\" data-max-width-mobile=\"default\" data-shadow=\"none\" data-animation=\"none\" >\n      <div class=\"inner\">\n        <div class=\"hover-wrap\"> \n          <div class=\"hover-wrap-inner\">\n            <a href=\"http:\/\/www.praxissemester-bw.de\" target=\"_self\" class=\"\">\n              <img loading=\"lazy\" decoding=\"async\" class=\"img-with-animation skip-lazy\" data-delay=\"0\" height=\"877\" width=\"1500\" data-animation=\"none\" src=\"https:\/\/www.wg-west.de\/cms\/wp-content\/uploads\/2023\/08\/Schulpraktikum_Website_Lehrer_online.jpg\" alt=\"\" srcset=\"https:\/\/www.wg-west.de\/cms\/wp-content\/uploads\/2023\/08\/Schulpraktikum_Website_Lehrer_online.jpg 1500w, https:\/\/www.wg-west.de\/cms\/wp-content\/uploads\/2023\/08\/Schulpraktikum_Website_Lehrer_online-300x175.jpg 300w, https:\/\/www.wg-west.de\/cms\/wp-content\/uploads\/2023\/08\/Schulpraktikum_Website_Lehrer_online-1024x599.jpg 1024w, https:\/\/www.wg-west.de\/cms\/wp-content\/uploads\/2023\/08\/Schulpraktikum_Website_Lehrer_online-768x449.jpg 768w\" sizes=\"auto, (max-width: 1500px) 100vw, 1500px\" \/>\n            <\/a>\n          <\/div>\n        <\/div>\n        \n      <\/div>\n      <\/div><div class=\"divider-wrap\" data-alignment=\"default\"><div style=\"margin-top: 40px; height: 1px; margin-bottom: 40px;\" data-width=\"100%\" data-animate=\"\" data-animation-delay=\"\" data-color=\"default\" class=\"divider-border\"><\/div><\/div>\n\t\t\t<\/div> \n\t\t<\/div>\n\t<\/div> \n<\/div><\/div>","protected":false},"excerpt":{"rendered":"Schulpraktikum f\u00fcr Studierende des Lehramts am WG West Liebe Studentinnen und Studenten, das Schulpraktikum soll Studierenden der Studieng\u00e4nge zum h\u00f6heren Lehramt an Beruflichen Schulen und Studierenden des Lehramts an Gymnasien...","protected":false},"author":1,"featured_media":0,"parent":0,"menu_order":0,"comment_status":"closed","ping_status":"closed","template":"","meta":{"footnotes":""},"class_list":["post-62","page","type-page","status-publish"],"_links":{"self":[{"href":"https:\/\/www.wg-west.de\/de_ls\/wp-json\/wp\/v2\/pages\/62","targetHints":{"allow":["GET"]}}],"collection":[{"href":"https:\/\/www.wg-west.de\/de_ls\/wp-json\/wp\/v2\/pages"}],"about":[{"href":"https:\/\/www.wg-west.de\/de_ls\/wp-json\/wp\/v2\/types\/page"}],"author":[{"embeddable":true,"href":"https:\/\/www.wg-west.de\/de_ls\/wp-json\/wp\/v2\/users\/1"}],"replies":[{"embeddable":true,"href":"https:\/\/www.wg-west.de\/de_ls\/wp-json\/wp\/v2\/comments?post=62"}],"version-history":[{"count":17,"href":"https:\/\/www.wg-west.de\/de_ls\/wp-json\/wp\/v2\/pages\/62\/revisions"}],"predecessor-version":[{"id":4737,"href":"https:\/\/www.wg-west.de\/de_ls\/wp-json\/wp\/v2\/pages\/62\/revisions\/4737"}],"wp:attachment":[{"href":"https:\/\/www.wg-west.de\/de_ls\/wp-json\/wp\/v2\/media?parent=62"}],"curies":[{"name":"wp","href":"https:\/\/api.w.org\/{rel}","templated":true}]}}