{"id":6042,"date":"2025-01-30T21:35:35","date_gmt":"2025-01-30T20:35:35","guid":{"rendered":"https:\/\/www.wg-west.de\/?page_id=6042"},"modified":"2026-01-21T14:23:30","modified_gmt":"2026-01-21T13:23:30","slug":"ausfluege-veranstaltungen","status":"publish","type":"page","link":"https:\/\/www.wg-west.de\/de_ls\/schulleben\/ausfluege-veranstaltungen\/","title":{"rendered":"Ausfl\u00fcge &#038; Veranstaltungen"},"content":{"rendered":"<div id=\"fws_69e19556eb174\"  data-column-margin=\"default\" data-midnight=\"dark\" data-top-percent=\"3%\"  class=\"wpb_row vc_row-fluid vc_row\"  style=\"padding-top: calc(100vw * 0.03); padding-bottom: 0px; \"><div class=\"row-bg-wrap\" data-bg-animation=\"none\" data-bg-animation-delay=\"\" data-bg-overlay=\"false\"><div class=\"inner-wrap row-bg-layer\" ><div class=\"row-bg viewport-desktop\"  style=\"\"><\/div><\/div><\/div><div class=\"row_col_wrap_12 col span_12 dark left\">\n\t<div  class=\"vc_col-sm-12 wpb_column column_container vc_column_container col no-extra-padding inherit_tablet inherit_phone flex_gap_desktop_10px\"  data-padding-pos=\"all\" data-has-bg-color=\"false\" data-bg-color=\"\" data-bg-opacity=\"1\" data-animation=\"\" data-delay=\"0\" >\n\t\t<div class=\"vc_column-inner\" >\n\t\t\t<div class=\"wpb_wrapper\">\n\t\t\t\t\n<div class=\"wpb_text_column wpb_content_element\" >\n\t<h1 style=\"text-align: center;\">Ausfl\u00fcge &amp; Veranstaltungen<img loading=\"lazy\" decoding=\"async\" class=\"wp-image-7786 aligncenter\" src=\"https:\/\/www.wg-west.de\/cms\/wp-content\/uploads\/2025\/07\/Leitsaetze_gesamt-300x271.png\" alt=\"\" width=\"162\" height=\"146\" srcset=\"https:\/\/www.wg-west.de\/cms\/wp-content\/uploads\/2025\/07\/Leitsaetze_gesamt-300x271.png 300w, https:\/\/www.wg-west.de\/cms\/wp-content\/uploads\/2025\/07\/Leitsaetze_gesamt-1024x924.png 1024w, https:\/\/www.wg-west.de\/cms\/wp-content\/uploads\/2025\/07\/Leitsaetze_gesamt-768x693.png 768w, https:\/\/www.wg-west.de\/cms\/wp-content\/uploads\/2025\/07\/Leitsaetze_gesamt-13x12.png 13w, https:\/\/www.wg-west.de\/cms\/wp-content\/uploads\/2025\/07\/Leitsaetze_gesamt.png 1148w\" sizes=\"auto, (max-width: 162px) 100vw, 162px\" \/><\/h1>\n<\/div>\n\n\n\n<div class=\"divider-wrap\" data-alignment=\"default\"><div style=\"height: 20px;\" class=\"divider\"><\/div><\/div>\n\t\t\t<\/div> \n\t\t<\/div>\n\t<\/div> \n<\/div><\/div>\n\t\t<div id=\"fws_69e19556ec209\"  data-column-margin=\"default\" data-midnight=\"dark\"  class=\"wpb_row vc_row-fluid vc_row\"  style=\"padding-top: 0px; padding-bottom: 0px; \"><div class=\"row-bg-wrap\" data-bg-animation=\"none\" data-bg-animation-delay=\"\" data-bg-overlay=\"false\"><div class=\"inner-wrap row-bg-layer\" ><div class=\"row-bg viewport-desktop\"  style=\"\"><\/div><\/div><\/div><div class=\"row_col_wrap_12 col span_12 dark left\">\n\t<div  class=\"vc_col-sm-6 wpb_column column_container vc_column_container col no-extra-padding inherit_tablet inherit_phone flex_gap_desktop_10px\"  data-padding-pos=\"all\" data-has-bg-color=\"false\" data-bg-color=\"\" data-bg-opacity=\"1\" data-animation=\"\" data-delay=\"0\" >\n\t\t<div class=\"vc_column-inner\" >\n\t\t\t<div class=\"wpb_wrapper\">\n\t\t\t\t\n<div class=\"wpb_text_column wpb_content_element\" >\n\t<p style=\"text-align: left;\">Wir machen viele verschiedene Sachen zusammen.\nZum Beispiel: Teambuilding, Klassen-Fahrten oder Projekt-Tage.\nSolche Sachen sind f\u00fcr die Gemeinschaft wichtig.<\/p>\n<h4 style=\"text-align: left;\">Was wir in den letzten Schuljahren gemacht haben<\/h4>\n<ul style=\"text-align: left;\">\n<li>Einf\u00fchrungs-Tage (Klettergarten, Stadt-Rallye, Fernseh-Turm, WIR-Workshops, zusammen mit einem Theaterp\u00e4dagogen)<\/li>\n<li>Klassen-Fahrten; die Sch\u00fclerinnen und Sch\u00fcler lernen auf der Reise L\u00e4nder und St\u00e4dte kennen<\/li>\n<li>Es gibt auch eine Reise zum Ski-Fahren.<\/li>\n<li>Es gibt auch Exkursionen. Exkursionen sind kurze Reisen. \nZum Beispiel: das Stuttgarter Ballett besuchen, das Haus der Geschichte besuchen, eine Firma besuchen<\/li>\n<li>Teilnahme am Girls Day und Boys Day<\/li>\n<li>Fu\u00dfball-Turnier<\/li>\n<li>Es gibt Projekt-Tage. Bei den Projekt-Tagen macht man etwas anderes als Unterricht.<\/li>\n<li>Es gibt auch Messen f\u00fcr \u00dcbungs-Firmen. Hier \u00fcbt man, was man in einer Firma machen muss.<\/li>\n<li>Im Sommer machen wir f\u00fcr alle ein Schul-Fest.<\/li>\n<li>und vieles mehr &#8230;<\/li>\n<\/ul>\n<h4 style=\"text-align: left;\">Hier kommen Fotos von den Veranstaltungen.<\/h4>\n<p style=\"text-align: left;\">weitere Berichte, auch von Au\u00dferunterrichtlichen Veranstaltungen, findet Ihr \/ finden Sie stets auf unserer News-Seite.<\/p>\n<\/div>\n\n\n\n<div class=\"divider-wrap\" data-alignment=\"default\"><div style=\"height: 25px;\" class=\"divider\"><\/div><\/div><a class=\"nectar-button medium regular extra-color-1 has-icon  regular-button\"  role=\"button\" style=\"\"  href=\"https:\/\/www.wg-west.de\/de_ls\/news\/\" data-color-override=\"false\" data-hover-color-override=\"false\" data-hover-text-color-override=\"#fff\"><span>Zur Seite \"News\"<\/span><i  class=\"fa fa-folder-open\"><\/i><\/a>\n\t\t\t<\/div> \n\t\t<\/div>\n\t<\/div> \n\n\t<div  class=\"vc_col-sm-6 wpb_column column_container vc_column_container col no-extra-padding inherit_tablet inherit_phone flex_gap_desktop_10px\"  data-padding-pos=\"all\" data-has-bg-color=\"false\" data-bg-color=\"\" data-bg-opacity=\"1\" data-animation=\"\" data-delay=\"0\" >\n\t\t<div class=\"vc_column-inner\" >\n\t\t\t<div class=\"wpb_wrapper\">\n\t\t\t\t<div class=\"nectar-flip-box\" data-min-height=\"400\" data-flip-direction=\"horizontal-to-left\" data-h_text_align=\"center\" data-v_text_align=\"center\"><div class=\"flip-box-front\"  data-bg-overlay=\"\" data-text-color=\"light\" style=\"background-image: url('https:\/\/www.wg-west.de\/cms\/wp-content\/uploads\/2023\/11\/AU_Veranstaltungen_Strassburg_2.jpg'); background-color: #ffffff; min-height: 400px;\"> <div class=\"inner\"><\/div> <\/div><div class=\"flip-box-back\"  data-bg-overlay=\"\" data-text-color=\"light\" style=\"background-color: #000000; min-height: 400px;\"> <div class=\"inner\">Sch\u00fcler und Sch\u00fclerinnen vom WG West vor dem M\u00fcnster in Stra\u00dfburg.<\/div> <\/div><\/div>\n\t\t\t<\/div> \n\t\t<\/div>\n\t<\/div> \n<\/div><\/div>\n\t\t<div id=\"fws_69e19556ede51\"  data-column-margin=\"default\" data-midnight=\"dark\"  class=\"wpb_row vc_row-fluid vc_row\"  style=\"padding-top: 0px; padding-bottom: 0px; \"><div class=\"row-bg-wrap\" data-bg-animation=\"none\" data-bg-animation-delay=\"\" data-bg-overlay=\"false\"><div class=\"inner-wrap row-bg-layer\" ><div class=\"row-bg viewport-desktop\"  style=\"\"><\/div><\/div><\/div><div class=\"row_col_wrap_12 col span_12 dark left\">\n\t<div  class=\"vc_col-sm-3 wpb_column column_container vc_column_container col no-extra-padding inherit_tablet inherit_phone flex_gap_desktop_10px\"  data-padding-pos=\"all\" data-has-bg-color=\"false\" data-bg-color=\"\" data-bg-opacity=\"1\" data-animation=\"\" data-delay=\"0\" >\n\t\t<div class=\"vc_column-inner\" >\n\t\t\t<div class=\"wpb_wrapper\">\n\t\t\t\t<div class=\"nectar-flip-box\" data-min-height=\"400\" data-flip-direction=\"horizontal-to-left\" data-h_text_align=\"center\" data-v_text_align=\"center\"><div class=\"flip-box-front\"  data-bg-overlay=\"\" data-text-color=\"light\" style=\"background-image: url('https:\/\/www.wg-west.de\/cms\/wp-content\/uploads\/2024\/02\/Skiausfahrt_1.jpg'); background-color: #ffffff; min-height: 400px;\"> <div class=\"inner\"><\/div> <\/div><div class=\"flip-box-back\"  data-bg-overlay=\"\" data-text-color=\"light\" style=\"background-color: #000000; min-height: 400px;\"> <div class=\"inner\">Ski-Ausflug nach Innsbruck.<\/div> <\/div><\/div>\n\t\t\t<\/div> \n\t\t<\/div>\n\t<\/div> \n\n\t<div  class=\"vc_col-sm-3 wpb_column column_container vc_column_container col no-extra-padding inherit_tablet inherit_phone flex_gap_desktop_10px\"  data-padding-pos=\"all\" data-has-bg-color=\"false\" data-bg-color=\"\" data-bg-opacity=\"1\" data-animation=\"\" data-delay=\"0\" >\n\t\t<div class=\"vc_column-inner\" >\n\t\t\t<div class=\"wpb_wrapper\">\n\t\t\t\t<div class=\"nectar-flip-box\" data-min-height=\"400\" data-flip-direction=\"horizontal-to-left\" data-h_text_align=\"center\" data-v_text_align=\"center\"><div class=\"flip-box-front\"  data-bg-overlay=\"\" data-text-color=\"light\" style=\"background-image: url('https:\/\/www.wg-west.de\/cms\/wp-content\/uploads\/2018\/10\/klettergarten3.jpg'); background-color: #ffffff; min-height: 400px;\"> <div class=\"inner\"><\/div> <\/div><div class=\"flip-box-back\"  data-bg-overlay=\"\" data-text-color=\"light\" style=\"background-color: #000000; min-height: 400px;\"> <div class=\"inner\">Einf\u00fchrungs-Tage: Besuch im Kletter-Garten<\/div> <\/div><\/div>\n\t\t\t<\/div> \n\t\t<\/div>\n\t<\/div> \n\n\t<div  class=\"vc_col-sm-3 wpb_column column_container vc_column_container col no-extra-padding inherit_tablet inherit_phone flex_gap_desktop_10px\"  data-padding-pos=\"all\" data-has-bg-color=\"false\" data-bg-color=\"\" data-bg-opacity=\"1\" data-animation=\"\" data-delay=\"0\" >\n\t\t<div class=\"vc_column-inner\" >\n\t\t\t<div class=\"wpb_wrapper\">\n\t\t\t\t<div class=\"nectar-flip-box\" data-min-height=\"400\" data-flip-direction=\"horizontal-to-left\" data-h_text_align=\"center\" data-v_text_align=\"center\"><div class=\"flip-box-front\"  data-bg-overlay=\"\" data-text-color=\"light\" style=\"background-image: url('https:\/\/www.wg-west.de\/cms\/wp-content\/uploads\/2018\/09\/WS1.jpg'); background-color: #ffffff; min-height: 400px;\"> <div class=\"inner\"><\/div> <\/div><div class=\"flip-box-back\"  data-bg-overlay=\"\" data-text-color=\"light\" style=\"background-color: #000000; min-height: 400px;\"> <div class=\"inner\">Besuch im \u201eMuseum f\u00fcr Stuttgart\u201c im Stuttgarter Stadt-Palais.<\/div> <\/div><\/div>\n\t\t\t<\/div> \n\t\t<\/div>\n\t<\/div> \n\n\t<div  class=\"vc_col-sm-3 wpb_column column_container vc_column_container col no-extra-padding inherit_tablet inherit_phone flex_gap_desktop_10px\"  data-padding-pos=\"all\" data-has-bg-color=\"false\" data-bg-color=\"\" data-bg-opacity=\"1\" data-animation=\"\" data-delay=\"0\" >\n\t\t<div class=\"vc_column-inner\" >\n\t\t\t<div class=\"wpb_wrapper\">\n\t\t\t\t<div class=\"nectar-flip-box\" data-min-height=\"400\" data-flip-direction=\"horizontal-to-left\" data-h_text_align=\"center\" data-v_text_align=\"center\"><div class=\"flip-box-front\"  data-bg-overlay=\"\" data-text-color=\"light\" style=\"background-image: url('https:\/\/www.wg-west.de\/cms\/wp-content\/uploads\/2023\/11\/AU_Veranstaltungen_Schachspiel.jpg'); background-color: #ffffff; min-height: 400px;\"> <div class=\"inner\"><\/div> <\/div><div class=\"flip-box-back\"  data-bg-overlay=\"\" data-text-color=\"light\" style=\"background-color: #000000; min-height: 400px;\"> <div class=\"inner\">Schachspiel an den Projekttagen<\/div> <\/div><\/div>\n\t\t\t<\/div> \n\t\t<\/div>\n\t<\/div> \n<\/div><\/div>\n\t\t<div id=\"fws_69e19556f19e3\"  data-column-margin=\"default\" data-midnight=\"dark\"  class=\"wpb_row vc_row-fluid vc_row\"  style=\"padding-top: 0px; padding-bottom: 0px; \"><div class=\"row-bg-wrap\" data-bg-animation=\"none\" data-bg-animation-delay=\"\" data-bg-overlay=\"false\"><div class=\"inner-wrap row-bg-layer\" ><div class=\"row-bg viewport-desktop\"  style=\"\"><\/div><\/div><\/div><div class=\"row_col_wrap_12 col span_12 dark left\">\n\t<div  class=\"vc_col-sm-3 wpb_column column_container vc_column_container col no-extra-padding inherit_tablet inherit_phone flex_gap_desktop_10px\"  data-padding-pos=\"all\" data-has-bg-color=\"false\" data-bg-color=\"\" data-bg-opacity=\"1\" data-animation=\"\" data-delay=\"0\" >\n\t\t<div class=\"vc_column-inner\" >\n\t\t\t<div class=\"wpb_wrapper\">\n\t\t\t\t<div class=\"nectar-flip-box\" data-min-height=\"400\" data-flip-direction=\"horizontal-to-left\" data-h_text_align=\"center\" data-v_text_align=\"center\"><div class=\"flip-box-front\"  data-bg-overlay=\"\" data-text-color=\"light\" style=\"background-image: url('https:\/\/www.wg-west.de\/cms\/wp-content\/uploads\/2024\/07\/Paris_Bild_1.jpg'); background-color: #ffffff; min-height: 400px;\"> <div class=\"inner\"><\/div> <\/div><div class=\"flip-box-back\"  data-bg-overlay=\"\" data-text-color=\"light\" style=\"background-color: #000000; min-height: 400px;\"> <div class=\"inner\">Abschlussfahrt einer BK-Klasse nach Paris.<\/div> <\/div><\/div>\n\t\t\t<\/div> \n\t\t<\/div>\n\t<\/div> \n\n\t<div  class=\"vc_col-sm-3 wpb_column column_container vc_column_container col no-extra-padding inherit_tablet inherit_phone flex_gap_desktop_10px\"  data-padding-pos=\"all\" data-has-bg-color=\"false\" data-bg-color=\"\" data-bg-opacity=\"1\" data-animation=\"\" data-delay=\"0\" >\n\t\t<div class=\"vc_column-inner\" >\n\t\t\t<div class=\"wpb_wrapper\">\n\t\t\t\t<div class=\"nectar-flip-box\" data-min-height=\"400\" data-flip-direction=\"horizontal-to-left\" data-h_text_align=\"center\" data-v_text_align=\"center\"><div class=\"flip-box-front\"  data-bg-overlay=\"\" data-text-color=\"light\" style=\"background-image: url('https:\/\/www.wg-west.de\/cms\/wp-content\/uploads\/2023\/11\/AU_Veranstaltungen_Projekttage_2.jpg'); background-color: #ffffff; min-height: 400px;\"> <div class=\"inner\"><\/div> <\/div><div class=\"flip-box-back\"  data-bg-overlay=\"\" data-text-color=\"light\" style=\"background-color: #000000; min-height: 400px;\"> <div class=\"inner\">Bei Projekt-Tagen machen Sch\u00fclerinnen ein Senioren-Heim sch\u00f6ner.<\/div> <\/div><\/div>\n\t\t\t<\/div> \n\t\t<\/div>\n\t<\/div> \n\n\t<div  class=\"vc_col-sm-3 wpb_column column_container vc_column_container col no-extra-padding inherit_tablet inherit_phone flex_gap_desktop_10px\"  data-padding-pos=\"all\" data-has-bg-color=\"false\" data-bg-color=\"\" data-bg-opacity=\"1\" data-animation=\"\" data-delay=\"0\" >\n\t\t<div class=\"vc_column-inner\" >\n\t\t\t<div class=\"wpb_wrapper\">\n\t\t\t\t<div class=\"nectar-flip-box\" data-min-height=\"400\" data-flip-direction=\"horizontal-to-left\" data-h_text_align=\"center\" data-v_text_align=\"center\"><div class=\"flip-box-front\"  data-bg-overlay=\"\" data-text-color=\"light\" style=\"background-image: url('https:\/\/www.wg-west.de\/cms\/wp-content\/uploads\/2023\/11\/AU_Veranstaltungen_Projekttage_Uebungsfirmenmesse.jpg'); background-color: #ffffff; min-height: 400px;\"> <div class=\"inner\"><\/div> <\/div><div class=\"flip-box-back\"  data-bg-overlay=\"\" data-text-color=\"light\" style=\"background-color: #000000; min-height: 400px;\"> <div class=\"inner\">Sch\u00fclerinnen an einem Stand bei einer \u00dcbungsfirmen-Messe,<\/div> <\/div><\/div><div class=\"nectar-cta  alignment_tablet_default alignment_phone_default display_tablet_inherit display_phone_inherit\" data-color=\"default\" data-using-bg=\"false\" data-style=\"see-through\" data-display=\"block\" data-alignment=\"left\" data-text-color=\"std\" style=\"--nectar-button-color: var(--nectar-default); --nectar-icon-gap: 10px; \"><h6> <span class=\"text\">mehr Infos <\/span><span class=\"link_wrap\" ><a  class=\"link_text\" role=\"button\" href=\"https:\/\/www.wg-west.de\/de_ls\/2025\/04\/03\/besuch-der-uebungsfirmenmesse-in-pforzheim-mit-dem-bk\/\"><span class=\"arrow\"><\/span><\/a><\/span><\/h6><\/div>\n\t\t\t<\/div> \n\t\t<\/div>\n\t<\/div> \n\n\t<div  class=\"vc_col-sm-3 wpb_column column_container vc_column_container col no-extra-padding inherit_tablet inherit_phone flex_gap_desktop_10px\"  data-padding-pos=\"all\" data-has-bg-color=\"false\" data-bg-color=\"\" data-bg-opacity=\"1\" data-animation=\"\" data-delay=\"0\" >\n\t\t<div class=\"vc_column-inner\" >\n\t\t\t<div class=\"wpb_wrapper\">\n\t\t\t\t<div class=\"nectar-flip-box\" data-min-height=\"400\" data-flip-direction=\"horizontal-to-left\" data-h_text_align=\"center\" data-v_text_align=\"center\"><div class=\"flip-box-front\"  data-bg-overlay=\"\" data-text-color=\"light\" style=\"background-image: url('https:\/\/www.wg-west.de\/cms\/wp-content\/uploads\/2018\/03\/Betriebsbesichtigung-Brillux.jpg'); background-color: #ffffff; min-height: 400px;\"> <div class=\"inner\"><\/div> <\/div><div class=\"flip-box-back\"  data-bg-overlay=\"\" data-text-color=\"light\" style=\"background-color: #000000; min-height: 400px;\"> <div class=\"inner\">Besuch bei der Firma Brillux.<\/div> <\/div><\/div>\n\t\t\t<\/div> \n\t\t<\/div>\n\t<\/div> \n<\/div><\/div>","protected":false},"excerpt":{"rendered":"Ausfl\u00fcge &amp; Veranstaltungen Mit unseren vielseitigen gemeinschaftlichen Aktivit\u00e4ten vom Teambuilding \u00fcber Klassenfahrten bis hin zu unseren f\u00e4cher- und schulart\u00fcbergreifenden Projekttagen sorgen wir f\u00fcr das - trotz aller Individualit\u00e4t - wichtige...","protected":false},"author":3,"featured_media":0,"parent":6606,"menu_order":0,"comment_status":"closed","ping_status":"closed","template":"","meta":{"footnotes":""},"class_list":["post-6042","page","type-page","status-publish"],"_links":{"self":[{"href":"https:\/\/www.wg-west.de\/de_ls\/wp-json\/wp\/v2\/pages\/6042","targetHints":{"allow":["GET"]}}],"collection":[{"href":"https:\/\/www.wg-west.de\/de_ls\/wp-json\/wp\/v2\/pages"}],"about":[{"href":"https:\/\/www.wg-west.de\/de_ls\/wp-json\/wp\/v2\/types\/page"}],"author":[{"embeddable":true,"href":"https:\/\/www.wg-west.de\/de_ls\/wp-json\/wp\/v2\/users\/3"}],"replies":[{"embeddable":true,"href":"https:\/\/www.wg-west.de\/de_ls\/wp-json\/wp\/v2\/comments?post=6042"}],"version-history":[{"count":13,"href":"https:\/\/www.wg-west.de\/de_ls\/wp-json\/wp\/v2\/pages\/6042\/revisions"}],"predecessor-version":[{"id":8515,"href":"https:\/\/www.wg-west.de\/de_ls\/wp-json\/wp\/v2\/pages\/6042\/revisions\/8515"}],"up":[{"embeddable":true,"href":"https:\/\/www.wg-west.de\/de_ls\/wp-json\/wp\/v2\/pages\/6606"}],"wp:attachment":[{"href":"https:\/\/www.wg-west.de\/de_ls\/wp-json\/wp\/v2\/media?parent=6042"}],"curies":[{"name":"wp","href":"https:\/\/api.w.org\/{rel}","templated":true}]}}