{"id":4704,"date":"2017-07-06T14:03:35","date_gmt":"2017-07-06T12:03:35","guid":{"rendered":"https:\/\/www.wg-west.de\/service\/lehrerausbildung-2\/"},"modified":"2026-01-21T16:10:57","modified_gmt":"2026-01-21T15:10:57","slug":"anmeldung","status":"publish","type":"page","link":"https:\/\/www.wg-west.de\/de_ls\/anmeldung\/","title":{"rendered":"Anmeldung"},"content":{"rendered":"<div id=\"fws_69e616a878455\"  data-column-margin=\"default\" data-midnight=\"dark\"  class=\"wpb_row vc_row-fluid vc_row\"  style=\"padding-top: 0px; padding-bottom: 0px; \"><div class=\"row-bg-wrap\" data-bg-animation=\"none\" data-bg-animation-delay=\"\" data-bg-overlay=\"false\"><div class=\"inner-wrap row-bg-layer\" ><div class=\"row-bg viewport-desktop\"  style=\"\"><\/div><\/div><\/div><div class=\"row_col_wrap_12 col span_12 dark left\">\n\t<div  class=\"vc_col-sm-12 wpb_column column_container vc_column_container col no-extra-padding inherit_tablet inherit_phone\"  data-padding-pos=\"all\" data-has-bg-color=\"false\" data-bg-color=\"\" data-bg-opacity=\"1\" data-animation=\"\" data-delay=\"0\" >\n\t\t<div class=\"vc_column-inner\" >\n\t\t\t<div class=\"wpb_wrapper\">\n\t\t\t\t\n<div class=\"wpb_text_column wpb_content_element\" >\n\t<h1 style=\"text-align: center;\">Anmeldung am WG West<\/h1>\n<\/div>\n\n\n\n\n\t\t\t<\/div> \n\t\t<\/div>\n\t<\/div> \n<\/div><\/div>\n\t\t<div id=\"fws_69e616a8793ce\"  data-column-margin=\"default\" data-midnight=\"dark\"  class=\"wpb_row vc_row-fluid vc_row\"  style=\"padding-top: 0px; padding-bottom: 0px; \"><div class=\"row-bg-wrap\" data-bg-animation=\"none\" data-bg-animation-delay=\"\" data-bg-overlay=\"false\"><div class=\"inner-wrap row-bg-layer\" ><div class=\"row-bg viewport-desktop\"  style=\"\"><\/div><\/div><\/div><div class=\"row_col_wrap_12 col span_12 dark left\">\n\t<div  class=\"vc_col-sm-12 wpb_column column_container vc_column_container col no-extra-padding inherit_tablet inherit_phone\"  data-padding-pos=\"all\" data-has-bg-color=\"false\" data-bg-color=\"\" data-bg-opacity=\"1\" data-animation=\"\" data-delay=\"0\" >\n\t\t<div class=\"vc_column-inner\" >\n\t\t\t<div class=\"wpb_wrapper\">\n\t\t\t\t\n<div class=\"wpb_text_column wpb_content_element\" >\n\t<h2><strong>Online-Bewerberverfahren <\/strong><strong>BewO<\/strong><\/h2>\n<p><strong>f\u00fcr die \u00f6ffentlichen <\/strong><strong>dreij\u00e4hrigen Beruflichen Gymnasien (BG), die <\/strong><strong>Berufskollegs (BK) und die Berufsfachschule (BFS)<br \/>\n<\/strong><\/p>\n<\/div>\n\n\n\n\n<div class=\"wpb_text_column wpb_content_element\" >\n\t<p>Sch\u00fclerinnen und Sch\u00fcler bewerben sich mit BewO online um einen Schulplatz f\u00fcr das Schuljahr 2026\/27 an allen dreij\u00e4hrigen <strong>Beruflichen Gymnasien (BG)<\/strong> und fast allen <strong>Berufskollegs (BK)<\/strong> an den \u00f6ffentlichen Schulen der Regierungsbezirke Stuttgart, Karlsruhe, Freiburg und T\u00fcbingen.<\/p>\n<p>Ihr k\u00f6nnt Euch auch f\u00fcr die Wirtschafts-Schule bewerben.\nDas k\u00f6nnt Ihr auch mit BewO machen. <strong>Berufsfachschule (BFS)<\/strong>\u00a0(Wirtschaftsschule) l\u00e4uft \u00fcber BewO.<\/p>\n<\/div>\n\n\n\n<div class=\"divider-wrap\" data-alignment=\"default\"><div style=\"margin-top: 40px; height: 1px; margin-bottom: 40px;\" data-width=\"100%\" data-animate=\"\" data-animation-delay=\"\" data-color=\"default\" class=\"divider-border\"><\/div><\/div>\n\t\t\t<\/div> \n\t\t<\/div>\n\t<\/div> \n<\/div><\/div>\n\t\t<div id=\"fws_69e616a879f67\"  data-column-margin=\"default\" data-midnight=\"dark\"  class=\"wpb_row vc_row-fluid vc_row\"  style=\"padding-top: 0px; padding-bottom: 0px; \"><div class=\"row-bg-wrap\" data-bg-animation=\"none\" data-bg-animation-delay=\"\" data-bg-overlay=\"false\"><div class=\"inner-wrap row-bg-layer\" ><div class=\"row-bg viewport-desktop\"  style=\"\"><\/div><\/div><\/div><div class=\"row_col_wrap_12 col span_12 dark left\">\n\t<div  class=\"vc_col-sm-6 wpb_column column_container vc_column_container col no-extra-padding inherit_tablet inherit_phone\"  data-padding-pos=\"all\" data-has-bg-color=\"false\" data-bg-color=\"\" data-bg-opacity=\"1\" data-animation=\"\" data-delay=\"0\" >\n\t\t<div class=\"vc_column-inner\" >\n\t\t\t<div class=\"wpb_wrapper\">\n\t\t\t\t\n<div class=\"wpb_text_column wpb_content_element\" >\n\t<p>Im Internet findet Ihr die Seite mit BewO unter: <a href=\"http:\/\/www.schule-in-bw.de\/bewo\">www.schule-in-bw.de\/bewo<\/a> (hier ein Bild von der Internetseite).\nIhr m\u00fcsst eine E-Mail-Adresse angeben.\nDann bekommt Ihr an diese Adresse Infos \u00fcber die Bewerbung.<\/p>\n<\/div>\n\n\n\n<div class=\"img-with-aniamtion-wrap  custom-size\" data-max-width=\"100%\" data-max-width-mobile=\"default\" data-shadow=\"none\" data-animation=\"none\" >\n      <div class=\"inner\">\n        <div class=\"hover-wrap\"> \n          <div class=\"hover-wrap-inner\">\n            <a href=\"https:\/\/www.wg-west.de\/cms\/wp-content\/uploads\/2023\/11\/BewO_Website.jpg\" class=\"pp\">\n              <img loading=\"lazy\" decoding=\"async\" class=\"img-with-animation skip-lazy\" data-delay=\"0\" height=\"683\" width=\"1024\" data-animation=\"none\" src=\"https:\/\/www.wg-west.de\/cms\/wp-content\/uploads\/2023\/11\/BewO_Website-1024x683.jpg\" alt=\"\" srcset=\"https:\/\/www.wg-west.de\/cms\/wp-content\/uploads\/2023\/11\/BewO_Website-1024x683.jpg 1024w, https:\/\/www.wg-west.de\/cms\/wp-content\/uploads\/2023\/11\/BewO_Website-300x200.jpg 300w, https:\/\/www.wg-west.de\/cms\/wp-content\/uploads\/2023\/11\/BewO_Website-768x512.jpg 768w, https:\/\/www.wg-west.de\/cms\/wp-content\/uploads\/2023\/11\/BewO_Website-18x12.jpg 18w, https:\/\/www.wg-west.de\/cms\/wp-content\/uploads\/2023\/11\/BewO_Website-900x600.jpg 900w, https:\/\/www.wg-west.de\/cms\/wp-content\/uploads\/2023\/11\/BewO_Website.jpg 1500w\" sizes=\"auto, (max-width: 1024px) 100vw, 1024px\" \/>\n            <\/a>\n          <\/div>\n        <\/div>\n         \n      <\/div>\n      <\/div>\n\t\t\t<\/div> \n\t\t<\/div>\n\t<\/div> \n\n\t<div  class=\"vc_col-sm-6 wpb_column column_container vc_column_container col no-extra-padding inherit_tablet inherit_phone\"  data-padding-pos=\"all\" data-has-bg-color=\"false\" data-bg-color=\"\" data-bg-opacity=\"1\" data-animation=\"\" data-delay=\"0\" >\n\t\t<div class=\"vc_column-inner\" >\n\t\t\t<div class=\"wpb_wrapper\">\n\t\t\t\t\n<div class=\"wpb_text_column wpb_content_element\" >\n\t<p>Wir haben auch Info-Flyer.\nDie k\u00f6nnt Ihr hier herunterladen:<\/p>\n<ul>\n<li>BewO-2026-Flyer-BG-BK f\u00fcr das <strong>WG und das BK<\/strong><\/li>\n<li>BewO-2026-Flyer-2BFS f\u00fcr die <strong>Berufsfachschule<\/strong><\/li>\n<\/ul>\n<\/div>\n\n\n\n<div class=\"divider-wrap\" data-alignment=\"default\"><div style=\"height: 20px;\" class=\"divider\"><\/div><\/div><a class=\"nectar-button medium regular extra-color-1 has-icon  regular-button\"  role=\"button\" style=\"\"  href=\"https:\/\/www.wg-west.de\/cms\/wp-content\/uploads\/2025\/11\/BewO-2026-Flyer-BG-BK-RPS.pdf\" data-color-override=\"false\" data-hover-color-override=\"false\" data-hover-text-color-override=\"#fff\"><span>Download BewO-Flyer WG, BK<\/span><i  class=\"fa fa-folder-open\"><\/i><\/a><div class=\"divider-wrap\" data-alignment=\"default\"><div style=\"height: 20px;\" class=\"divider\"><\/div><\/div><a class=\"nectar-button medium regular extra-color-1 has-icon  regular-button\"  role=\"button\" style=\"\"  href=\"https:\/\/www.wg-west.de\/cms\/wp-content\/uploads\/2025\/11\/BewO-2026-Flyer-2BFS-RPS.pdf\" data-color-override=\"false\" data-hover-color-override=\"false\" data-hover-text-color-override=\"#fff\"><span>Download BewO-Flyer BFS<\/span><i  class=\"fa fa-folder-open\"><\/i><\/a>\n\t\t\t<\/div> \n\t\t<\/div>\n\t<\/div> \n<\/div><\/div>\n\t\t<div id=\"fws_69e616a87c102\"  data-column-margin=\"default\" data-midnight=\"dark\"  class=\"wpb_row vc_row-fluid vc_row\"  style=\"padding-top: 0px; padding-bottom: 0px; \"><div class=\"row-bg-wrap\" data-bg-animation=\"none\" data-bg-animation-delay=\"\" data-bg-overlay=\"false\"><div class=\"inner-wrap row-bg-layer\" ><div class=\"row-bg viewport-desktop\"  style=\"\"><\/div><\/div><\/div><div class=\"row_col_wrap_12 col span_12 dark left\">\n\t<div  class=\"vc_col-sm-12 wpb_column column_container vc_column_container col no-extra-padding inherit_tablet inherit_phone\"  data-padding-pos=\"all\" data-has-bg-color=\"false\" data-bg-color=\"\" data-bg-opacity=\"1\" data-animation=\"\" data-delay=\"0\" >\n\t\t<div class=\"vc_column-inner\" >\n\t\t\t<div class=\"wpb_wrapper\">\n\t\t\t\t<div class=\"divider-wrap\" data-alignment=\"default\"><div style=\"margin-top: 40px; height: 1px; margin-bottom: 40px;\" data-width=\"100%\" data-animate=\"\" data-animation-delay=\"\" data-color=\"default\" class=\"divider-border\"><\/div><\/div>\n\t\t\t<\/div> \n\t\t<\/div>\n\t<\/div> \n<\/div><\/div>\n\t\t<div id=\"fws_69e616a87cb1d\"  data-column-margin=\"default\" data-midnight=\"dark\"  class=\"wpb_row vc_row-fluid vc_row\"  style=\"padding-top: 0px; padding-bottom: 0px; \"><div class=\"row-bg-wrap\" data-bg-animation=\"none\" data-bg-animation-delay=\"\" data-bg-overlay=\"false\"><div class=\"inner-wrap row-bg-layer\" ><div class=\"row-bg viewport-desktop\"  style=\"\"><\/div><\/div><\/div><div class=\"row_col_wrap_12 col span_12 dark left\">\n\t<div  class=\"vc_col-sm-6 wpb_column column_container vc_column_container col no-extra-padding inherit_tablet inherit_phone\"  data-padding-pos=\"all\" data-has-bg-color=\"false\" data-bg-color=\"\" data-bg-opacity=\"1\" data-animation=\"\" data-delay=\"0\" >\n\t\t<div class=\"vc_column-inner\" >\n\t\t\t<div class=\"wpb_wrapper\">\n\t\t\t\t\n<div class=\"wpb_text_column wpb_content_element\" >\n\t<p>Hier seht Ihr Bilder f\u00fcr den Flyer f\u00fcr das WG und das BK.<\/p>\n<\/div>\n\n\n\n\n\t\t\t<\/div> \n\t\t<\/div>\n\t<\/div> \n\n\t<div  class=\"vc_col-sm-6 wpb_column column_container vc_column_container col no-extra-padding inherit_tablet inherit_phone\"  data-padding-pos=\"all\" data-has-bg-color=\"false\" data-bg-color=\"\" data-bg-opacity=\"1\" data-animation=\"\" data-delay=\"0\" >\n\t\t<div class=\"vc_column-inner\" >\n\t\t\t<div class=\"wpb_wrapper\">\n\t\t\t\t\n\t\t\t<\/div> \n\t\t<\/div>\n\t<\/div> \n<\/div><\/div>\n\t\t<div id=\"fws_69e616a87d716\"  data-column-margin=\"default\" data-midnight=\"dark\"  class=\"wpb_row vc_row-fluid vc_row\"  style=\"padding-top: 0px; padding-bottom: 0px; \"><div class=\"row-bg-wrap\" data-bg-animation=\"none\" data-bg-animation-delay=\"\" data-bg-overlay=\"false\"><div class=\"inner-wrap row-bg-layer\" ><div class=\"row-bg viewport-desktop\"  style=\"\"><\/div><\/div><\/div><div class=\"row_col_wrap_12 col span_12 dark left\">\n\t<div  class=\"vc_col-sm-6 wpb_column column_container vc_column_container col no-extra-padding inherit_tablet inherit_phone\"  data-padding-pos=\"all\" data-has-bg-color=\"false\" data-bg-color=\"\" data-bg-opacity=\"1\" data-animation=\"\" data-delay=\"0\" >\n\t\t<div class=\"vc_column-inner\" >\n\t\t\t<div class=\"wpb_wrapper\">\n\t\t\t\t<div class=\"img-with-aniamtion-wrap  custom-size\" data-max-width=\"100%\" data-max-width-mobile=\"default\" data-shadow=\"none\" data-animation=\"none\" >\n      <div class=\"inner\">\n        <div class=\"hover-wrap\"> \n          <div class=\"hover-wrap-inner\">\n            <a href=\"https:\/\/www.wg-west.de\/cms\/wp-content\/uploads\/2025\/11\/BewO-2026-Flyer-BG-BK.jpg\" class=\"pp\">\n              <img loading=\"lazy\" decoding=\"async\" class=\"img-with-animation skip-lazy\" data-delay=\"0\" height=\"710\" width=\"1024\" data-animation=\"none\" src=\"https:\/\/www.wg-west.de\/cms\/wp-content\/uploads\/2025\/11\/BewO-2026-Flyer-BG-BK-1024x710.jpg\" alt=\"\" srcset=\"https:\/\/www.wg-west.de\/cms\/wp-content\/uploads\/2025\/11\/BewO-2026-Flyer-BG-BK-1024x710.jpg 1024w, https:\/\/www.wg-west.de\/cms\/wp-content\/uploads\/2025\/11\/BewO-2026-Flyer-BG-BK-300x208.jpg 300w, https:\/\/www.wg-west.de\/cms\/wp-content\/uploads\/2025\/11\/BewO-2026-Flyer-BG-BK-768x533.jpg 768w, https:\/\/www.wg-west.de\/cms\/wp-content\/uploads\/2025\/11\/BewO-2026-Flyer-BG-BK-1536x1066.jpg 1536w, https:\/\/www.wg-west.de\/cms\/wp-content\/uploads\/2025\/11\/BewO-2026-Flyer-BG-BK-2048x1421.jpg 2048w, https:\/\/www.wg-west.de\/cms\/wp-content\/uploads\/2025\/11\/BewO-2026-Flyer-BG-BK-18x12.jpg 18w\" sizes=\"auto, (max-width: 1024px) 100vw, 1024px\" \/>\n            <\/a>\n          <\/div>\n        <\/div>\n         \n      <\/div>\n      <\/div>\n\t\t\t<\/div> \n\t\t<\/div>\n\t<\/div> \n\n\t<div  class=\"vc_col-sm-6 wpb_column column_container vc_column_container col no-extra-padding inherit_tablet inherit_phone\"  data-padding-pos=\"all\" data-has-bg-color=\"false\" data-bg-color=\"\" data-bg-opacity=\"1\" data-animation=\"\" data-delay=\"0\" >\n\t\t<div class=\"vc_column-inner\" >\n\t\t\t<div class=\"wpb_wrapper\">\n\t\t\t\t<div class=\"img-with-aniamtion-wrap  custom-size\" data-max-width=\"100%\" data-max-width-mobile=\"default\" data-shadow=\"none\" data-animation=\"none\" >\n      <div class=\"inner\">\n        <div class=\"hover-wrap\"> \n          <div class=\"hover-wrap-inner\">\n            <a href=\"https:\/\/www.wg-west.de\/cms\/wp-content\/uploads\/2025\/11\/BewO-2026-Flyer-BG-BK_Rueckseite.jpg\" class=\"pp\">\n              <img loading=\"lazy\" decoding=\"async\" class=\"img-with-animation skip-lazy\" data-delay=\"0\" height=\"649\" width=\"1024\" data-animation=\"none\" src=\"https:\/\/www.wg-west.de\/cms\/wp-content\/uploads\/2025\/11\/BewO-2026-Flyer-BG-BK_Rueckseite-1024x649.jpg\" alt=\"\" srcset=\"https:\/\/www.wg-west.de\/cms\/wp-content\/uploads\/2025\/11\/BewO-2026-Flyer-BG-BK_Rueckseite-1024x649.jpg 1024w, https:\/\/www.wg-west.de\/cms\/wp-content\/uploads\/2025\/11\/BewO-2026-Flyer-BG-BK_Rueckseite-300x190.jpg 300w, https:\/\/www.wg-west.de\/cms\/wp-content\/uploads\/2025\/11\/BewO-2026-Flyer-BG-BK_Rueckseite-768x487.jpg 768w, https:\/\/www.wg-west.de\/cms\/wp-content\/uploads\/2025\/11\/BewO-2026-Flyer-BG-BK_Rueckseite-1536x973.jpg 1536w, https:\/\/www.wg-west.de\/cms\/wp-content\/uploads\/2025\/11\/BewO-2026-Flyer-BG-BK_Rueckseite-2048x1298.jpg 2048w, https:\/\/www.wg-west.de\/cms\/wp-content\/uploads\/2025\/11\/BewO-2026-Flyer-BG-BK_Rueckseite-18x12.jpg 18w\" sizes=\"auto, (max-width: 1024px) 100vw, 1024px\" \/>\n            <\/a>\n          <\/div>\n        <\/div>\n         \n      <\/div>\n      <\/div>\n\t\t\t<\/div> \n\t\t<\/div>\n\t<\/div> \n<\/div><\/div>\n\t\t<div id=\"fws_69e616a87fb4a\"  data-column-margin=\"default\" data-midnight=\"dark\"  class=\"wpb_row vc_row-fluid vc_row\"  style=\"padding-top: 0px; padding-bottom: 0px; \"><div class=\"row-bg-wrap\" data-bg-animation=\"none\" data-bg-animation-delay=\"\" data-bg-overlay=\"false\"><div class=\"inner-wrap row-bg-layer\" ><div class=\"row-bg viewport-desktop\"  style=\"\"><\/div><\/div><\/div><div class=\"row_col_wrap_12 col span_12 dark left\">\n\t<div  class=\"vc_col-sm-6 wpb_column column_container vc_column_container col no-extra-padding inherit_tablet inherit_phone\"  data-padding-pos=\"all\" data-has-bg-color=\"false\" data-bg-color=\"\" data-bg-opacity=\"1\" data-animation=\"\" data-delay=\"0\" >\n\t\t<div class=\"vc_column-inner\" >\n\t\t\t<div class=\"wpb_wrapper\">\n\t\t\t\t\n<div class=\"wpb_text_column wpb_content_element\" >\n\t<p>Hier seht Ihr ein Bild f\u00fcr den Flyer f\u00fcr die BFS (Wirtschaftsschule).<\/p>\n<\/div>\n\n\n\n\n\t\t\t<\/div> \n\t\t<\/div>\n\t<\/div> \n\n\t<div  class=\"vc_col-sm-6 wpb_column column_container vc_column_container col no-extra-padding inherit_tablet inherit_phone\"  data-padding-pos=\"all\" data-has-bg-color=\"false\" data-bg-color=\"\" data-bg-opacity=\"1\" data-animation=\"\" data-delay=\"0\" >\n\t\t<div class=\"vc_column-inner\" >\n\t\t\t<div class=\"wpb_wrapper\">\n\t\t\t\t\n\t\t\t<\/div> \n\t\t<\/div>\n\t<\/div> \n<\/div><\/div>\n\t\t<div id=\"fws_69e616a8807e9\"  data-column-margin=\"default\" data-midnight=\"dark\"  class=\"wpb_row vc_row-fluid vc_row\"  style=\"padding-top: 0px; padding-bottom: 0px; \"><div class=\"row-bg-wrap\" data-bg-animation=\"none\" data-bg-animation-delay=\"\" data-bg-overlay=\"false\"><div class=\"inner-wrap row-bg-layer\" ><div class=\"row-bg viewport-desktop\"  style=\"\"><\/div><\/div><\/div><div class=\"row_col_wrap_12 col span_12 dark left\">\n\t<div  class=\"vc_col-sm-6 wpb_column column_container vc_column_container col no-extra-padding inherit_tablet inherit_phone\"  data-padding-pos=\"all\" data-has-bg-color=\"false\" data-bg-color=\"\" data-bg-opacity=\"1\" data-animation=\"\" data-delay=\"0\" >\n\t\t<div class=\"vc_column-inner\" >\n\t\t\t<div class=\"wpb_wrapper\">\n\t\t\t\t<div class=\"img-with-aniamtion-wrap  custom-size\" data-max-width=\"100%\" data-max-width-mobile=\"default\" data-shadow=\"none\" data-animation=\"none\" >\n      <div class=\"inner\">\n        <div class=\"hover-wrap\"> \n          <div class=\"hover-wrap-inner\">\n            <a href=\"https:\/\/www.wg-west.de\/cms\/wp-content\/uploads\/2025\/11\/BewO-2026-Flyer-2BFS.jpg\" class=\"pp\">\n              <img loading=\"lazy\" decoding=\"async\" class=\"img-with-animation skip-lazy\" data-delay=\"0\" height=\"712\" width=\"1024\" data-animation=\"none\" src=\"https:\/\/www.wg-west.de\/cms\/wp-content\/uploads\/2025\/11\/BewO-2026-Flyer-2BFS-1024x712.jpg\" alt=\"\" srcset=\"https:\/\/www.wg-west.de\/cms\/wp-content\/uploads\/2025\/11\/BewO-2026-Flyer-2BFS-1024x712.jpg 1024w, https:\/\/www.wg-west.de\/cms\/wp-content\/uploads\/2025\/11\/BewO-2026-Flyer-2BFS-300x209.jpg 300w, https:\/\/www.wg-west.de\/cms\/wp-content\/uploads\/2025\/11\/BewO-2026-Flyer-2BFS-768x534.jpg 768w, https:\/\/www.wg-west.de\/cms\/wp-content\/uploads\/2025\/11\/BewO-2026-Flyer-2BFS-1536x1068.jpg 1536w, https:\/\/www.wg-west.de\/cms\/wp-content\/uploads\/2025\/11\/BewO-2026-Flyer-2BFS-2048x1424.jpg 2048w, https:\/\/www.wg-west.de\/cms\/wp-content\/uploads\/2025\/11\/BewO-2026-Flyer-2BFS-18x12.jpg 18w\" sizes=\"auto, (max-width: 1024px) 100vw, 1024px\" \/>\n            <\/a>\n          <\/div>\n        <\/div>\n         \n      <\/div>\n      <\/div>\n\t\t\t<\/div> \n\t\t<\/div>\n\t<\/div> \n\n\t<div  class=\"vc_col-sm-6 wpb_column column_container vc_column_container col no-extra-padding inherit_tablet inherit_phone\"  data-padding-pos=\"all\" data-has-bg-color=\"false\" data-bg-color=\"\" data-bg-opacity=\"1\" data-animation=\"\" data-delay=\"0\" >\n\t\t<div class=\"vc_column-inner\" >\n\t\t\t<div class=\"wpb_wrapper\">\n\t\t\t\t<div class=\"img-with-aniamtion-wrap  custom-size\" data-max-width=\"100%\" data-max-width-mobile=\"default\" data-shadow=\"none\" data-animation=\"none\" >\n      <div class=\"inner\">\n        <div class=\"hover-wrap\"> \n          <div class=\"hover-wrap-inner\">\n            <a href=\"https:\/\/www.wg-west.de\/cms\/wp-content\/uploads\/2025\/11\/BewO-2026-Flyer-2BFS_Rueckseite.jpg\" class=\"pp\">\n              <img loading=\"lazy\" decoding=\"async\" class=\"img-with-animation skip-lazy\" data-delay=\"0\" height=\"657\" width=\"1024\" data-animation=\"none\" src=\"https:\/\/www.wg-west.de\/cms\/wp-content\/uploads\/2025\/11\/BewO-2026-Flyer-2BFS_Rueckseite-1024x657.jpg\" alt=\"\" srcset=\"https:\/\/www.wg-west.de\/cms\/wp-content\/uploads\/2025\/11\/BewO-2026-Flyer-2BFS_Rueckseite-1024x657.jpg 1024w, https:\/\/www.wg-west.de\/cms\/wp-content\/uploads\/2025\/11\/BewO-2026-Flyer-2BFS_Rueckseite-300x192.jpg 300w, https:\/\/www.wg-west.de\/cms\/wp-content\/uploads\/2025\/11\/BewO-2026-Flyer-2BFS_Rueckseite-768x493.jpg 768w, https:\/\/www.wg-west.de\/cms\/wp-content\/uploads\/2025\/11\/BewO-2026-Flyer-2BFS_Rueckseite-1536x985.jpg 1536w, https:\/\/www.wg-west.de\/cms\/wp-content\/uploads\/2025\/11\/BewO-2026-Flyer-2BFS_Rueckseite-2048x1313.jpg 2048w, https:\/\/www.wg-west.de\/cms\/wp-content\/uploads\/2025\/11\/BewO-2026-Flyer-2BFS_Rueckseite-18x12.jpg 18w\" sizes=\"auto, (max-width: 1024px) 100vw, 1024px\" \/>\n            <\/a>\n          <\/div>\n        <\/div>\n         \n      <\/div>\n      <\/div>\n\t\t\t<\/div> \n\t\t<\/div>\n\t<\/div> \n<\/div><\/div>\n\t\t<div id=\"fws_69e616a8833d0\"  data-column-margin=\"default\" data-midnight=\"dark\"  class=\"wpb_row vc_row-fluid vc_row\"  style=\"padding-top: 0px; padding-bottom: 0px; \"><div class=\"row-bg-wrap\" data-bg-animation=\"none\" data-bg-animation-delay=\"\" data-bg-overlay=\"false\"><div class=\"inner-wrap row-bg-layer\" ><div class=\"row-bg viewport-desktop\"  style=\"\"><\/div><\/div><\/div><div class=\"row_col_wrap_12 col span_12 dark left\">\n\t<div  class=\"vc_col-sm-12 wpb_column column_container vc_column_container col no-extra-padding inherit_tablet inherit_phone\"  data-padding-pos=\"all\" data-has-bg-color=\"false\" data-bg-color=\"\" data-bg-opacity=\"1\" data-animation=\"\" data-delay=\"0\" >\n\t\t<div class=\"vc_column-inner\" >\n\t\t\t<div class=\"wpb_wrapper\">\n\t\t\t\t<div class=\"divider-wrap\" data-alignment=\"default\"><div style=\"margin-top: 40px; height: 1px; margin-bottom: 40px;\" data-width=\"100%\" data-animate=\"\" data-animation-delay=\"\" data-color=\"default\" class=\"divider-border\"><\/div><\/div>\n\t\t\t<\/div> \n\t\t<\/div>\n\t<\/div> \n<\/div><\/div>","protected":false},"excerpt":{"rendered":"Anmeldung am WG West Online-Bewerberverfahren BewO f\u00fcr die \u00f6ffentlichen dreij\u00e4hrigen Beruflichen Gymnasien (BG), die Berufskollegs (BK) und die Berufsfachschule (BFS) Sch\u00fclerinnen und Sch\u00fcler bewerben sich mit BewO online um einen...","protected":false},"author":1,"featured_media":0,"parent":0,"menu_order":0,"comment_status":"closed","ping_status":"closed","template":"","meta":{"footnotes":""},"class_list":["post-4704","page","type-page","status-publish"],"_links":{"self":[{"href":"https:\/\/www.wg-west.de\/de_ls\/wp-json\/wp\/v2\/pages\/4704","targetHints":{"allow":["GET"]}}],"collection":[{"href":"https:\/\/www.wg-west.de\/de_ls\/wp-json\/wp\/v2\/pages"}],"about":[{"href":"https:\/\/www.wg-west.de\/de_ls\/wp-json\/wp\/v2\/types\/page"}],"author":[{"embeddable":true,"href":"https:\/\/www.wg-west.de\/de_ls\/wp-json\/wp\/v2\/users\/1"}],"replies":[{"embeddable":true,"href":"https:\/\/www.wg-west.de\/de_ls\/wp-json\/wp\/v2\/comments?post=4704"}],"version-history":[{"count":47,"href":"https:\/\/www.wg-west.de\/de_ls\/wp-json\/wp\/v2\/pages\/4704\/revisions"}],"predecessor-version":[{"id":8208,"href":"https:\/\/www.wg-west.de\/de_ls\/wp-json\/wp\/v2\/pages\/4704\/revisions\/8208"}],"wp:attachment":[{"href":"https:\/\/www.wg-west.de\/de_ls\/wp-json\/wp\/v2\/media?parent=4704"}],"curies":[{"name":"wp","href":"https:\/\/api.w.org\/{rel}","templated":true}]}}