{"id":25,"date":"2017-07-06T12:59:31","date_gmt":"2017-07-06T10:59:31","guid":{"rendered":"http:\/\/www.wg-west.de\/cms\/?page_id=25"},"modified":"2026-01-21T16:30:29","modified_gmt":"2026-01-21T15:30:29","slug":"wirtschaftsgymnasium","status":"publish","type":"page","link":"https:\/\/www.wg-west.de\/de_ls\/schularten\/wirtschaftsgymnasium\/","title":{"rendered":"Wirtschafts-Gymnasium"},"content":{"rendered":"<div id=\"fws_69e6009ddad4c\"  data-column-margin=\"default\" data-midnight=\"dark\"  class=\"wpb_row vc_row-fluid vc_row\"  style=\"padding-top: 0px; padding-bottom: 0px; \"><div class=\"row-bg-wrap\" data-bg-animation=\"none\" data-bg-animation-delay=\"\" data-bg-overlay=\"false\"><div class=\"inner-wrap row-bg-layer\" ><div class=\"row-bg viewport-desktop\"  style=\"\"><\/div><\/div><\/div><div class=\"row_col_wrap_12 col span_12 dark left\">\n\t<div  class=\"vc_col-sm-8 wpb_column column_container vc_column_container col no-extra-padding inherit_tablet inherit_phone flex_gap_desktop_10px\"  data-padding-pos=\"all\" data-has-bg-color=\"false\" data-bg-color=\"\" data-bg-opacity=\"1\" data-animation=\"\" data-delay=\"0\" >\n\t\t<div class=\"vc_column-inner\" >\n\t\t\t<div class=\"wpb_wrapper\">\n\t\t\t\t\n<div class=\"wpb_text_column wpb_content_element  wpb_animate_when_almost_visible wpb_fadeIn fadeIn vc_custom_1691187234607\" >\n\t<h1 style=\"text-align: left;\"><img loading=\"lazy\" decoding=\"async\" class=\"size-full wp-image-3414 alignleft\" src=\"https:\/\/www.wg-west.de\/cms\/wp-content\/uploads\/2023\/08\/Gelb_kl.jpg\" alt=\"\" width=\"74\" height=\"100\" \/>Wirtschafts-Gymnasium<\/h1>\n<p>&nbsp;<\/p>\n<p>&nbsp;<\/p>\n<\/div>\n\n\n\n\n\t\t\t<\/div> \n\t\t<\/div>\n\t<\/div> \n\n\t<div  class=\"vc_col-sm-4 wpb_column column_container vc_column_container col no-extra-padding inherit_tablet inherit_phone flex_gap_desktop_10px\"  data-padding-pos=\"all\" data-has-bg-color=\"false\" data-bg-color=\"\" data-bg-opacity=\"1\" data-animation=\"\" data-delay=\"0\" >\n\t\t<div class=\"vc_column-inner\" >\n\t\t\t<div class=\"wpb_wrapper\">\n\t\t\t\t\n<div class=\"wpb_text_column wpb_content_element\" >\n\t<p><strong>Alle Infos zur Anmeldung gibt es hier:<\/strong><\/p>\n<\/div>\n\n\n\n<div class=\"divider-wrap\" data-alignment=\"default\"><div style=\"height: 20px;\" class=\"divider\"><\/div><\/div><a class=\"nectar-button medium regular extra-color-1 has-icon  regular-button\"  role=\"button\" style=\"color: #ffffff; background-color: #d30000;\"  href=\"https:\/\/www.wg-west.de\/de_ls\/anmeldung\/\" data-color-override=\"#d30000\" data-hover-color-override=\"false\" data-hover-text-color-override=\"#fff\"><span>Infos f\u00fcr Bewerber*innen<\/span><i style=\"color: #ffffff;\"  class=\"fa fa-external-link\"><\/i><\/a>\n\t\t\t<\/div> \n\t\t<\/div>\n\t<\/div> \n<\/div><\/div>\n\t\t<div id=\"fws_69e6009ddc243\"  data-column-margin=\"default\" data-midnight=\"dark\" data-bottom-percent=\"0%\"  class=\"wpb_row vc_row-fluid vc_row\"  style=\"padding-top: 0px; padding-bottom: calc(100vw * 0.00); \"><div class=\"row-bg-wrap\" data-bg-animation=\"none\" data-bg-animation-delay=\"\" data-bg-overlay=\"false\"><div class=\"inner-wrap row-bg-layer\" ><div class=\"row-bg viewport-desktop\"  style=\"\"><\/div><\/div><\/div><div class=\"row_col_wrap_12 col span_12 dark left\">\n\t<div  class=\"vc_col-sm-12 wpb_column column_container vc_column_container col no-extra-padding inherit_tablet inherit_phone flex_gap_desktop_10px\"  data-padding-pos=\"all\" data-has-bg-color=\"false\" data-bg-color=\"\" data-bg-opacity=\"1\" data-animation=\"\" data-delay=\"0\" >\n\t\t<div class=\"vc_column-inner\" >\n\t\t\t<div class=\"wpb_wrapper\">\n\t\t\t\t<div id=\"fws_69e6009ddc8a2\" data-midnight=\"\" data-column-margin=\"default\" class=\"wpb_row vc_row-fluid vc_row inner_row\"  style=\"\"><div class=\"row-bg-wrap\"> <div class=\"row-bg\" ><\/div> <\/div><div class=\"row_col_wrap_12_inner col span_12  left\">\n\t<div  class=\"vc_col-sm-6 wpb_column column_container vc_column_container col child_column no-extra-padding inherit_tablet inherit_phone flex_gap_desktop_10px\"   data-padding-pos=\"all\" data-has-bg-color=\"false\" data-bg-color=\"\" data-bg-opacity=\"1\" data-animation=\"\" data-delay=\"0\" >\n\t\t<div class=\"vc_column-inner\" >\n\t\t<div class=\"wpb_wrapper\">\n\t\t\t\n<div class=\"wpb_text_column wpb_content_element  wpb_animate_when_almost_visible wpb_fadeIn fadeIn\" >\n\t<h4>Was wir lernen sollen<\/h4>\n<p>Die Schulzeit am Wirtschafts-Gymnasium dauert 3 Jahre. Die Sch\u00fcler und Sch\u00fclerinnen k\u00f6nnen dort die Allgemeine Hochschulreife bekommen.\nDas hei\u00dft:\nSie k\u00f6nnen dann an jeder Universit\u00e4t studieren.\nOder sie k\u00f6nnen eine Ausbildung machen.\nDas Wirtschafts-Gymnasium will:\n- Die Sch\u00fcler und Sch\u00fclerinnen sollen gut f\u00fcr ein Studium vorbereitet sein.\n- Die Sch\u00fcler und Sch\u00fclerinnen sollen viel \u00fcber Wirtschaft lernen.<\/p>\n<p>Sie k\u00f6nnen auch die Fachhochschulreife nach dem 2. Schul-Jahr bekommen.<\/p>\n<div class='w3eden'><!-- WPDM Link Template: Default Template ( Old ) -->\n\n\n<div class=\"wpdm-link-template link-template-default\" >\n\n    <div class=\"media\">\n        <div class=\"mr-3\"><img decoding=\"async\" class=\"wpdm_icon\" alt=\"Icon\" src=\"https:\/\/www.wg-west.de\/cms\/wp-content\/plugins\/download-manager\/assets\/file-type-icons\/pdf.svg\" \/><\/div>\n        <div class=\"media-body\">\n            <div>\n                <strong class=\"package-title\">Flyer Schularten<\/strong> | 369.87 KB\n            <\/div>\n            <a class='wpdm-download-link download-on-click btn btn-primary' rel='nofollow' href='#' data-downloadurl=\"https:\/\/www.wg-west.de\/de_ls\/download\/flyer-schularten\/?wpdmdl=8224&refresh=69e6009de14161776681117\">Download<\/a>\n        <\/div>\n\n    <\/div>\n    <div style=\"clear: both\"><\/div>\n<\/div>\n<div style=\"clear: both\"><\/div>\n\n<\/div><br \/>\n<div class='w3eden'><!-- WPDM Link Template: Default Template ( Old ) -->\n\n\n<div class=\"wpdm-link-template link-template-default\" >\n\n    <div class=\"media\">\n        <div class=\"mr-3\"><img decoding=\"async\" class=\"wpdm_icon\" alt=\"Icon\" src=\"https:\/\/www.wg-west.de\/cms\/wp-content\/plugins\/download-manager\/assets\/file-type-icons\/pdf.svg\" \/><\/div>\n        <div class=\"media-body\">\n            <div>\n                <strong class=\"package-title\">Stundentafel WG<\/strong> | 164.75 KB\n            <\/div>\n            <a class='wpdm-download-link download-on-click btn btn-primary' rel='nofollow' href='#' data-downloadurl=\"https:\/\/www.wg-west.de\/de_ls\/download\/stundentafel-wg\/?wpdmdl=1753&refresh=69e6009df036b1776681117\">Download<\/a>\n        <\/div>\n\n    <\/div>\n    <div style=\"clear: both\"><\/div>\n<\/div>\n<div style=\"clear: both\"><\/div>\n\n<\/div>\n<\/div>\n\n\n\n\n\t\t<\/div> \n\t<\/div>\n\t<\/div> \n\n\t<div  class=\"vc_col-sm-6 wpb_column column_container vc_column_container col child_column no-extra-padding inherit_tablet inherit_phone flex_gap_desktop_10px\"   data-padding-pos=\"all\" data-has-bg-color=\"false\" data-bg-color=\"\" data-bg-opacity=\"1\" data-animation=\"\" data-delay=\"0\" >\n\t\t<div class=\"vc_column-inner\" >\n\t\t<div class=\"wpb_wrapper\">\n\t\t\t\n<div class=\"wpb_text_column wpb_content_element  wpb_animate_when_almost_visible wpb_fadeIn fadeIn\" >\n\t<h4>Besondere Dinge<\/h4>\n<p class=\"translation-block\">An der Schule lernen die Sch\u00fclerinnen und Sch\u00fcler viel \u00fcber die Wirtschaft.\nSie lernen auch viele andere Sachen.\nSie k\u00f6nnen danach gut in einer Firma arbeiten.\nOder Sie k\u00f6nnen an einer Universit\u00e4t studieren.\nAn der Schule gibt es unterschiedliche Klassen:\n- die klassischen Klassen,\n- die internationalen Klassen. \nDie klassischen Klassen haben das Fach\n\"Volks- und Betriebs-Wirtschafts-Lehre\". Die internationalen Klassen haben das Fach \u201einternationale Volks- und Betriebs-Wirtschafts-Lehre\u201c.\nDas Fach wird 6 Stunden pro Woche unterrichtet.\nIn den internationalen Klassen wird das Fach auch auf Englisch unterrichtet.<\/p>\n<p class=\"translation-block\">Sie k\u00f6nnen unter verschiedenen F\u00e4chern w\u00e4hlen. \nZum Beispiel: - Global Studies (auch auf Englisch), - Verm\u00f6gens-Management, - Wirtschaftsgeografie.<\/p>\n<p class=\"translation-block\">Interessieren Sie sich f\u00fcr Musik und Kunst?\nDann k\u00f6nnen Sie zwischen diesen Wahl-F\u00e4chern w\u00e4hlen: Kunst oder Musik.<\/p>\n<p>Im 2. und 3. Schul-Jahr k\u00f6nnen Sie noch ein zus\u00e4tzliches Fach w\u00e4hlen: das Wahl-Fach \"\u00d6konomische Studien\". Das wird auch auf Englisch unterrichtet.<\/p>\n<p>Wir bieten Deutsch und Englisch als F\u00e4cher f\u00fcr den Pflicht-Unterricht an.\nDie meisten m\u00fcssen zus\u00e4tzlich auch die Sprache \nFranz\u00f6sisch f\u00fcr Anf\u00e4nger, \nFranz\u00f6sisch f\u00fcr Fortgeschrittene oder\nSpanisch f\u00fcr Anf\u00e4nger w\u00e4hlen.<\/p>\n<p>Werbung f\u00fcr das Fach Franz\u00f6sisch:<br \/>\nFilm: <a href=\"https:\/\/www.youtube.com\/watch?v=mFG8TDcZQgs\">https:\/\/www.youtube.com\/watch?v=mFG8TDcZQgs<\/a><br \/>\nFlyer: <a href=\"http:\/\/www.wg-west.de\/cms\/wp-content\/uploads\/2022\/01\/2021-Partnerschaftskonzeption_Flyer-Franzo\u0308sisch.pdf\">2021 Partnerschaftskonzeption_Flyer-Franzo\u0308sisch<\/a><\/p>\n<\/div>\n\n\n\n\n\t\t<\/div> \n\t<\/div>\n\t<\/div> \n<\/div><\/div><div class=\"divider-wrap\" data-alignment=\"default\"><div style=\"margin-top: 50px; height: 1px; margin-bottom: 50px;\" data-width=\"100%\" data-animate=\"\" data-animation-delay=\"\" data-color=\"default\" class=\"divider-border\"><\/div><\/div>\n<div class=\"wpb_text_column wpb_content_element  wpb_animate_when_almost_visible wpb_fadeIn fadeIn vc_custom_1691180744428\" >\n\t<h4>Profilf\u00e4cher<\/h4>\n<\/div>\n\n\n\n\n\t\t\t<\/div> \n\t\t<\/div>\n\t<\/div> \n<\/div><\/div>\n\t\t<div id=\"fws_69e6009e0368e\"  data-column-margin=\"default\" data-midnight=\"dark\"  class=\"wpb_row vc_row-fluid vc_row\"  style=\"padding-top: 0px; padding-bottom: 0px; \"><div class=\"row-bg-wrap\" data-bg-animation=\"none\" data-bg-animation-delay=\"\" data-bg-overlay=\"false\"><div class=\"inner-wrap row-bg-layer\" ><div class=\"row-bg viewport-desktop\"  style=\"\"><\/div><\/div><\/div><div class=\"row_col_wrap_12 col span_12 dark left\">\n\t<div  class=\"vc_col-sm-6 wpb_column column_container vc_column_container col no-extra-padding inherit_tablet inherit_phone flex_gap_desktop_10px\"  data-padding-pos=\"all\" data-has-bg-color=\"false\" data-bg-color=\"\" data-bg-opacity=\"1\" data-animation=\"\" data-delay=\"0\" >\n\t\t<div class=\"vc_column-inner\" >\n\t\t\t<div class=\"wpb_wrapper\">\n\t\t\t\t<div class=\"toggles\" data-br=\"none\" data-starting=\"default\" data-style=\"default\"><div class=\"toggle default\" data-inner-wrap=\"true\"><h3 class=\"toggle-title\"><a href=\"#\" role=\"button\" class=\"toggle-heading\"><i role=\"presentation\" class=\"fa fa-plus\"><\/i>Profil \u201eVolks- und Betriebswirtschaftslehre\u201c<\/a><\/h3><div><div class=\"inner-toggle-wrap\">\n<div class=\"wpb_text_column wpb_content_element\" >\n\t<p>Im Fach Volks- und Betriebs-Wirtschafts-Lehre lernen die Sch\u00fcler und Sch\u00fclerinnen viel \u00fcber Wirtschaft. Das lernen sie:<\/p>\n<ul>\n<li>f\u00fcr den privaten Bereich (als Verbraucher)<\/li>\n<li>f\u00fcr das soziale Leben (als B\u00fcrger von Deutschland)<\/li>\n<li>f\u00fcr den beruflichen Bereich (als Arbeit-Nehmer).<\/li>\n<\/ul>\n<p>Die Sch\u00fcler und Sch\u00fclerinnen k\u00f6nnen dann besser F\u00fchrungs-Positionen \u00fcbernehmen. \nSie k\u00f6nnen auch besser studieren.<\/p>\n<\/div>\n\n\n\n<\/div><\/div><\/div><\/div>\n\t\t\t<\/div> \n\t\t<\/div>\n\t<\/div> \n\n\t<div  class=\"vc_col-sm-6 wpb_column column_container vc_column_container col no-extra-padding inherit_tablet inherit_phone flex_gap_desktop_10px\"  data-padding-pos=\"all\" data-has-bg-color=\"false\" data-bg-color=\"\" data-bg-opacity=\"1\" data-animation=\"\" data-delay=\"0\" >\n\t\t<div class=\"vc_column-inner\" >\n\t\t\t<div class=\"wpb_wrapper\">\n\t\t\t\t<div class=\"toggles\" data-br=\"none\" data-starting=\"default\" data-style=\"default\"><div class=\"toggle default\" data-inner-wrap=\"true\"><h3 class=\"toggle-title\"><a href=\"#\" role=\"button\" class=\"toggle-heading\"><i role=\"presentation\" class=\"fa fa-plus\"><\/i>Profil \u201eInternationale Volks- und Betriebswirtschaftslehre\u201c<\/a><\/h3><div><div class=\"inner-toggle-wrap\">\n<div class=\"wpb_text_column wpb_content_element\" >\n\t<p>Die WG West bietet einen besonderen Unterricht an.\nDas Fach hei\u00dft: \u201eInternationale Volks- und Betriebs-Wirtschafts-Lehre\u201c.\nEs gibt auch noch andere F\u00e4cher.\nZum Beispiel: - \u201eGlobal Studies\u201c, - \u201e\u00d6konomische Studien\u201c.<\/p>\n<p>Dieses Profil ist f\u00fcr Sch\u00fcler und Sch\u00fclerinnen,\ndie sp\u00e4ter in einer Firma eine F\u00fchrungsrolle haben m\u00f6chten. Die Firma kann auch im Ausland sein.\nSie lernen auch:\n- andere L\u00e4nder kennen.\n- andere Kulturen kennen.\n- andere Berufe kennen.\nDas ist wichtig f\u00fcr die Arbeit in einer Firma.\nIn diesem Profil werden manche F\u00e4cher auf Englisch unterrichtet.\nDeshalb bekommen die Sch\u00fcler und Sch\u00fclerinnen einen besonderen Abschluss.\nSie bekommen die Allgemeine Hochschulreife. Und die Sch\u00fcler und Sch\u00fclerinnen bekommen das \u201eInternationale Abitur Baden-W\u00fcrttemberg\u201c.<\/p>\n<\/div>\n\n\n\n<\/div><\/div><\/div><\/div>\n\t\t\t<\/div> \n\t\t<\/div>\n\t<\/div> \n<\/div><\/div>\n\t\t<div id=\"fws_69e6009e052e8\"  data-column-margin=\"default\" data-midnight=\"dark\"  class=\"wpb_row vc_row-fluid vc_row\"  style=\"padding-top: 0px; padding-bottom: 0px; \"><div class=\"row-bg-wrap\" data-bg-animation=\"none\" data-bg-animation-delay=\"\" data-bg-overlay=\"false\"><div class=\"inner-wrap row-bg-layer\" ><div class=\"row-bg viewport-desktop\"  style=\"\"><\/div><\/div><\/div><div class=\"row_col_wrap_12 col span_12 dark left\">\n\t<div  class=\"vc_col-sm-12 wpb_column column_container vc_column_container col no-extra-padding inherit_tablet inherit_phone flex_gap_desktop_10px\"  data-padding-pos=\"all\" data-has-bg-color=\"false\" data-bg-color=\"\" data-bg-opacity=\"1\" data-animation=\"\" data-delay=\"0\" >\n\t\t<div class=\"vc_column-inner\" >\n\t\t\t<div class=\"wpb_wrapper\">\n\t\t\t\t<div class=\"divider-wrap\" data-alignment=\"default\"><div style=\"margin-top: 40px; height: 1px; margin-bottom: 40px;\" data-width=\"100%\" data-animate=\"\" data-animation-delay=\"\" data-color=\"default\" class=\"divider-border\"><\/div><\/div>\n\t\t\t<\/div> \n\t\t<\/div>\n\t<\/div> \n<\/div><\/div>\n\t\t<div id=\"fws_69e6009e05dcb\"  data-column-margin=\"default\" data-midnight=\"dark\"  class=\"wpb_row vc_row-fluid vc_row\"  style=\"padding-top: 0px; padding-bottom: 0px; \"><div class=\"row-bg-wrap\" data-bg-animation=\"none\" data-bg-animation-delay=\"\" data-bg-overlay=\"false\"><div class=\"inner-wrap row-bg-layer\" ><div class=\"row-bg viewport-desktop\"  style=\"\"><\/div><\/div><\/div><div class=\"row_col_wrap_12 col span_12 dark left\">\n\t<div  class=\"vc_col-sm-6 wpb_column column_container vc_column_container col no-extra-padding inherit_tablet inherit_phone flex_gap_desktop_10px\"  data-padding-pos=\"all\" data-has-bg-color=\"false\" data-bg-color=\"\" data-bg-opacity=\"1\" data-animation=\"\" data-delay=\"0\" >\n\t\t<div class=\"vc_column-inner\" >\n\t\t\t<div class=\"wpb_wrapper\">\n\t\t\t\t\n<div class=\"wpb_text_column wpb_content_element\" >\n\t<h4>Seminarkurs<\/h4>\n<p>Im 2. Schul-Jahr k\u00f6nnen Sie an einem Seminar-Kurs teilnehmen.\nDer Seminar-Kurs dauert ein Jahr.\nIn dem Jahr arbeiten Sie an einem bestimmten Thema.\nZum Beispiel:\n- \"China: Politik \u2013 Wirtschaft \u2013 Philosophie\", \n- \"Energie-Wende geht alle an \u2013 Ein Fakten-Check (\u00d6ko Audit)\". \n\nDer Seminar-Kurs ist wichtig f\u00fcr das Studium an einer Universit\u00e4t.\nSie lernen bei uns, wie man alleine lernt. \nDer Seminar-Kurs kann einen Teil der Abitur-Pr\u00fcfung ersetzen.\nDas hei\u00dft:\nSie m\u00fcssen nicht mehr eine schriftliche oder eine m\u00fcndliche Pr\u00fcfung machen.\nSie bekommen in der Eingangs-Klasse mehr Infos dazu.<\/p>\n<h4>KLIF<\/h4>\n<p>Es gibt eine feste Klassen-Lehrer-Stunde.<\/p>\n<p>In dieser Stunde wollen wir mehr Infos \u00fcber die Klassen-Organisation und Klassen-F\u00fchrung.\nDie Sch\u00fcler und Sch\u00fclerinnen lernen hier: - ihre St\u00e4rken, - wie man mit seiner Zeit umgeht, - wie man Pr\u00e4sentationen macht.<\/p>\n<p class=\"translation-block\">Mehr Infos gibt es auf der Seite \u201eSchul-Leben\u201c.\nAuf der Seite steht: Verantwortung f\u00fcr mich.<\/p>\n<\/div>\n\n\n\n\n\t\t\t<\/div> \n\t\t<\/div>\n\t<\/div> \n\n\t<div  class=\"vc_col-sm-6 wpb_column column_container vc_column_container col no-extra-padding inherit_tablet inherit_phone flex_gap_desktop_10px\"  data-padding-pos=\"all\" data-has-bg-color=\"false\" data-bg-color=\"\" data-bg-opacity=\"1\" data-animation=\"\" data-delay=\"0\" >\n\t\t<div class=\"vc_column-inner\" >\n\t\t\t<div class=\"wpb_wrapper\">\n\t\t\t\t\n<div class=\"wpb_text_column wpb_content_element\" >\n\t<h4>Besondere Dinge<\/h4>\n<p>Das WG West macht immer wieder Info-Tage.\nDann k\u00f6nnen Sie Infos \u00fcber Berufe bekommen.\nUnd Infos \u00fcber Universit\u00e4ten.<\/p>\n<p>Wir machen auch \u201e Kennenlerntage \u201c.\nDas sind Tage f\u00fcr neue Sch\u00fcler und Sch\u00fclerinnen.\nDie Neuen k\u00f6nnen sich dann besser kennenlernen.<\/p>\n<p>In der Eingangs-Klasse gibt es viele Aktionen.\nZum Beispiel: - Ein soziales Projekt, - eine Betriebs-Besichtigung, - ein Vorlese-Projekt.\nDie Sch\u00fcler und Sch\u00fclerinnen k\u00f6nnen auch nach Frankreich, Spanien oder Indien reisen.\nUnd sie k\u00f6nnen im zweiten Schul-Jahr eine Studien-Fahrt machen.<\/p>\n<\/div>\n\n\n\n\n\t\t\t<\/div> \n\t\t<\/div>\n\t<\/div> \n<\/div><\/div>\n\t\t<div id=\"fws_69e6009e06c27\"  data-column-margin=\"default\" data-midnight=\"dark\"  class=\"wpb_row vc_row-fluid vc_row\"  style=\"padding-top: 0px; padding-bottom: 0px; \"><div class=\"row-bg-wrap\" data-bg-animation=\"none\" data-bg-animation-delay=\"\" data-bg-overlay=\"false\"><div class=\"inner-wrap row-bg-layer\" ><div class=\"row-bg viewport-desktop\"  style=\"\"><\/div><\/div><\/div><div class=\"row_col_wrap_12 col span_12 dark left\">\n\t<div  class=\"vc_col-sm-12 wpb_column column_container vc_column_container col no-extra-padding inherit_tablet inherit_phone flex_gap_desktop_10px\"  data-padding-pos=\"all\" data-has-bg-color=\"false\" data-bg-color=\"\" data-bg-opacity=\"1\" data-animation=\"\" data-delay=\"0\" >\n\t\t<div class=\"vc_column-inner\" >\n\t\t\t<div class=\"wpb_wrapper\">\n\t\t\t\t<div class=\"divider-wrap\" data-alignment=\"default\"><div style=\"margin-top: 40px; height: 1px; margin-bottom: 40px;\" data-width=\"100%\" data-animate=\"\" data-animation-delay=\"\" data-color=\"default\" class=\"divider-border\"><\/div><\/div>\n\t\t\t<\/div> \n\t\t<\/div>\n\t<\/div> \n<\/div><\/div>\n\t\t<div id=\"fws_69e6009e07390\"  data-column-margin=\"default\" data-midnight=\"dark\"  class=\"wpb_row vc_row-fluid vc_row\"  style=\"padding-top: 0px; padding-bottom: 0px; \"><div class=\"row-bg-wrap\" data-bg-animation=\"none\" data-bg-animation-delay=\"\" data-bg-overlay=\"false\"><div class=\"inner-wrap row-bg-layer\" ><div class=\"row-bg viewport-desktop\"  style=\"\"><\/div><\/div><\/div><div class=\"row_col_wrap_12 col span_12 dark left\">\n\t<div  class=\"vc_col-sm-6 wpb_column column_container vc_column_container col no-extra-padding inherit_tablet inherit_phone flex_gap_desktop_10px\"  data-padding-pos=\"all\" data-has-bg-color=\"false\" data-bg-color=\"\" data-bg-opacity=\"1\" data-animation=\"\" data-delay=\"0\" >\n\t\t<div class=\"vc_column-inner\" >\n\t\t\t<div class=\"wpb_wrapper\">\n\t\t\t\t\n<div class=\"wpb_text_column wpb_content_element\" >\n\t<h4>Was m\u00fcssen Sie tun,\ndamit Sie aufgenommen werden k\u00f6nnen?<\/h4>\n<ul>\n<li><b><\/b>Sie m\u00fcssen einen bestimmten Schul-Abschluss haben.\nZum Beispiel: Real-Schul-Abschluss, Berufsfachschulabschluss, Werkrealschulabschluss, Gemeinschaftsschulabschluss.\nSie m\u00fcssen in den F\u00e4chern Deutsch, Englisch und Mathe gut sein.\nDie F\u00e4cher m\u00fcssen mindestens 3,0 haben.\nEs darf keine 5 in einem Fach geben.<\/li>\n<li>15 Prozent der Pl\u00e4tze k\u00f6nnen an Sch\u00fclerinnen und Sch\u00fcler vom Gymnasium vergeben werden.\nMehr Informationen erhalten Sie im Sekretariat.<\/li>\n<li>Sie d\u00fcrfen nicht \u00e4lter als 18 Jahre sein.\nOder Sie m\u00fcssen einen Beruf gelernt haben.\nDann d\u00fcrfen Sie nicht \u00e4lter als 21 Jahre sein.<\/li>\n<\/ul>\n<\/div>\n\n\n\n\n\t\t\t<\/div> \n\t\t<\/div>\n\t<\/div> \n\n\t<div  class=\"vc_col-sm-6 wpb_column column_container vc_column_container col no-extra-padding inherit_tablet inherit_phone flex_gap_desktop_10px\"  data-padding-pos=\"all\" data-has-bg-color=\"false\" data-bg-color=\"\" data-bg-opacity=\"1\" data-animation=\"\" data-delay=\"0\" >\n\t\t<div class=\"vc_column-inner\" >\n\t\t\t<div class=\"wpb_wrapper\">\n\t\t\t\t\n<div class=\"wpb_text_column wpb_content_element\" >\n\t<h4>Wie lange dauert die Ausbildung?\nUnd was kann man danach machen?<\/h4>\n<p>Nach Abschluss bekommen Sie ein Zeugnis. \nDas Zeugnis hei\u00dft: Allgemeine Hochschulreife.\nMit dem Zeugnis k\u00f6nnen Sie an jeder Universit\u00e4t studieren.\nOder Sie k\u00f6nnen an einer Hoch-Schule studieren.\nOder Sie k\u00f6nnen an einer Dualen Hoch-Schule studieren.<\/p>\n<h4>So k\u00f6nnen Sie sich anmelden.<\/h4>\n<p>Sie m\u00fcssen sich \u00fcber das Internet anmelden. Sie brauchen eine E-Mail-Adresse und ein Passwort.<\/p>\n<p class=\"translation-block\">Sie k\u00f6nnen sich im Internet bewerben von:\nEnde Januar bis Anfang M\u00e4rz.<\/p>\n<p>Download des neuen <a href=\"https:\/\/www.wg-west.de\/cms\/wp-content\/uploads\/2025\/11\/BewO-2026-Flyer-BG-BK-RPS.pdf\">BewO-Flyers<\/a> (WG und BK).<\/p>\n<\/div>\n\n\n\n\n\t\t\t<\/div> \n\t\t<\/div>\n\t<\/div> \n<\/div><\/div>\n\t\t<div id=\"fws_69e6009e07ee3\"  data-column-margin=\"default\" data-midnight=\"dark\"  class=\"wpb_row vc_row-fluid vc_row\"  style=\"padding-top: 0px; padding-bottom: 0px; \"><div class=\"row-bg-wrap\" data-bg-animation=\"none\" data-bg-animation-delay=\"\" data-bg-overlay=\"false\"><div class=\"inner-wrap row-bg-layer\" ><div class=\"row-bg viewport-desktop\"  style=\"\"><\/div><\/div><\/div><div class=\"row_col_wrap_12 col span_12 dark left\">\n\t<div  class=\"vc_col-sm-12 wpb_column column_container vc_column_container col no-extra-padding inherit_tablet inherit_phone flex_gap_desktop_10px\"  data-padding-pos=\"all\" data-has-bg-color=\"false\" data-bg-color=\"\" data-bg-opacity=\"1\" data-animation=\"\" data-delay=\"0\" >\n\t\t<div class=\"vc_column-inner\" >\n\t\t\t<div class=\"wpb_wrapper\">\n\t\t\t\t<div class=\"divider-wrap\" data-alignment=\"default\"><div style=\"margin-top: 40px; height: 1px; margin-bottom: 40px;\" data-width=\"100%\" data-animate=\"\" data-animation-delay=\"\" data-color=\"default\" class=\"divider-border\"><\/div><\/div>\n\t\t\t<\/div> \n\t\t<\/div>\n\t<\/div> \n<\/div><\/div>","protected":false},"excerpt":{"rendered":"Wirtschaftsgymnasium &nbsp; &nbsp; Alle Infos zur Anmeldung gibt es hier: Infos f\u00fcr Bewerber*innen Bildungsziele Aufbauend auf einen mittleren Bildungsabschluss f\u00fchrt das Wirtschaftsgymnasium in drei Schuljahren zur Allgemeinen Hochschulreife (Abitur). Mit...","protected":false},"author":1,"featured_media":0,"parent":17,"menu_order":0,"comment_status":"closed","ping_status":"closed","template":"","meta":{"footnotes":""},"class_list":["post-25","page","type-page","status-publish"],"_links":{"self":[{"href":"https:\/\/www.wg-west.de\/de_ls\/wp-json\/wp\/v2\/pages\/25","targetHints":{"allow":["GET"]}}],"collection":[{"href":"https:\/\/www.wg-west.de\/de_ls\/wp-json\/wp\/v2\/pages"}],"about":[{"href":"https:\/\/www.wg-west.de\/de_ls\/wp-json\/wp\/v2\/types\/page"}],"author":[{"embeddable":true,"href":"https:\/\/www.wg-west.de\/de_ls\/wp-json\/wp\/v2\/users\/1"}],"replies":[{"embeddable":true,"href":"https:\/\/www.wg-west.de\/de_ls\/wp-json\/wp\/v2\/comments?post=25"}],"version-history":[{"count":93,"href":"https:\/\/www.wg-west.de\/de_ls\/wp-json\/wp\/v2\/pages\/25\/revisions"}],"predecessor-version":[{"id":8547,"href":"https:\/\/www.wg-west.de\/de_ls\/wp-json\/wp\/v2\/pages\/25\/revisions\/8547"}],"up":[{"embeddable":true,"href":"https:\/\/www.wg-west.de\/de_ls\/wp-json\/wp\/v2\/pages\/17"}],"wp:attachment":[{"href":"https:\/\/www.wg-west.de\/de_ls\/wp-json\/wp\/v2\/media?parent=25"}],"curies":[{"name":"wp","href":"https:\/\/api.w.org\/{rel}","templated":true}]}}