{"id":21,"date":"2017-07-06T12:58:56","date_gmt":"2017-07-06T10:58:56","guid":{"rendered":"http:\/\/www.wg-west.de\/cms\/?page_id=21"},"modified":"2026-01-21T16:30:54","modified_gmt":"2026-01-21T15:30:54","slug":"bk-i","status":"publish","type":"page","link":"https:\/\/www.wg-west.de\/de_ls\/schularten\/bk-i\/","title":{"rendered":"Kaufm\u00e4nnisches Berufs-Kolleg I"},"content":{"rendered":"<div id=\"fws_69e7331a62c50\"  data-column-margin=\"default\" data-midnight=\"dark\"  class=\"wpb_row vc_row-fluid vc_row\"  style=\"padding-top: 0px; padding-bottom: 0px; \"><div class=\"row-bg-wrap\" data-bg-animation=\"none\" data-bg-animation-delay=\"\" data-bg-overlay=\"false\"><div class=\"inner-wrap row-bg-layer\" ><div class=\"row-bg viewport-desktop\"  style=\"\"><\/div><\/div><\/div><div class=\"row_col_wrap_12 col span_12 dark left\">\n\t<div  class=\"vc_col-sm-8 wpb_column column_container vc_column_container col no-extra-padding inherit_tablet inherit_phone flex_gap_desktop_10px\"  data-padding-pos=\"all\" data-has-bg-color=\"false\" data-bg-color=\"\" data-bg-opacity=\"1\" data-animation=\"\" data-delay=\"0\" >\n\t\t<div class=\"vc_column-inner\" >\n\t\t\t<div class=\"wpb_wrapper\">\n\t\t\t\t\n<div class=\"wpb_text_column wpb_content_element  wpb_animate_when_almost_visible wpb_fadeIn fadeIn vc_custom_1691187095197\" >\n\t<h1 style=\"text-align: left;\"><img loading=\"lazy\" decoding=\"async\" class=\"size-full wp-image-3413 alignleft\" src=\"https:\/\/www.wg-west.de\/cms\/wp-content\/uploads\/2023\/08\/Blau_kl.jpg\" alt=\"\" width=\"100\" height=\"98\" \/>Kaufm\u00e4nnisches Berufs-Kolleg I<\/h1>\n<p>&nbsp;<\/p>\n<p>&nbsp;<\/p>\n<\/div>\n\n\n\n\n\t\t\t<\/div> \n\t\t<\/div>\n\t<\/div> \n\n\t<div  class=\"vc_col-sm-4 wpb_column column_container vc_column_container col no-extra-padding inherit_tablet inherit_phone flex_gap_desktop_10px\"  data-padding-pos=\"all\" data-has-bg-color=\"false\" data-bg-color=\"\" data-bg-opacity=\"1\" data-animation=\"\" data-delay=\"0\" >\n\t\t<div class=\"vc_column-inner\" >\n\t\t\t<div class=\"wpb_wrapper\">\n\t\t\t\t\n<div class=\"wpb_text_column wpb_content_element\" >\n\t<p><strong>Alle Infos zur Anmeldung gibt es hier:<\/strong><\/p>\n<\/div>\n\n\n\n<div class=\"divider-wrap\" data-alignment=\"default\"><div style=\"height: 20px;\" class=\"divider\"><\/div><\/div><a class=\"nectar-button medium regular extra-color-1 has-icon  regular-button\"  role=\"button\" style=\"color: #ffffff; background-color: #d30000;\"  href=\"https:\/\/www.wg-west.de\/de_ls\/anmeldung\/\" data-color-override=\"#d30000\" data-hover-color-override=\"false\" data-hover-text-color-override=\"#fff\"><span>Infos f\u00fcr Bewerber*innen<\/span><i style=\"color: #ffffff;\"  class=\"fa fa-external-link\"><\/i><\/a>\n\t\t\t<\/div> \n\t\t<\/div>\n\t<\/div> \n<\/div><\/div>\n\t\t<div id=\"fws_69e7331a644a1\"  data-column-margin=\"default\" data-midnight=\"dark\"  class=\"wpb_row vc_row-fluid vc_row\"  style=\"padding-top: 0px; padding-bottom: 0px; \"><div class=\"row-bg-wrap\" data-bg-animation=\"none\" data-bg-animation-delay=\"\" data-bg-overlay=\"false\"><div class=\"inner-wrap row-bg-layer\" ><div class=\"row-bg viewport-desktop\"  style=\"\"><\/div><\/div><\/div><div class=\"row_col_wrap_12 col span_12 dark left\">\n\t<div  class=\"vc_col-sm-12 wpb_column column_container vc_column_container col no-extra-padding inherit_tablet inherit_phone flex_gap_desktop_10px\"  data-padding-pos=\"all\" data-has-bg-color=\"false\" data-bg-color=\"\" data-bg-opacity=\"1\" data-animation=\"\" data-delay=\"0\" >\n\t\t<div class=\"vc_column-inner\" >\n\t\t\t<div class=\"wpb_wrapper\">\n\t\t\t\t<div id=\"fws_69e7331a64acb\" data-midnight=\"\" data-column-margin=\"default\" class=\"wpb_row vc_row-fluid vc_row inner_row\"  style=\"\"><div class=\"row-bg-wrap\"> <div class=\"row-bg\" ><\/div> <\/div><div class=\"row_col_wrap_12_inner col span_12  left\">\n\t<div  class=\"vc_col-sm-6 wpb_column column_container vc_column_container col child_column no-extra-padding inherit_tablet inherit_phone flex_gap_desktop_10px\"   data-padding-pos=\"all\" data-has-bg-color=\"false\" data-bg-color=\"\" data-bg-opacity=\"1\" data-animation=\"\" data-delay=\"0\" >\n\t\t<div class=\"vc_column-inner\" >\n\t\t<div class=\"wpb_wrapper\">\n\t\t\t\n<div class=\"wpb_text_column wpb_content_element  wpb_animate_when_almost_visible wpb_fadeIn fadeIn\" >\n\t<h4>Was wir lernen sollen<\/h4>\n<p>Im Kaufm\u00e4nnischen Berufs-Kolleg I ist man jeden Tag an der Schule. Das nennt sich Voll-Zeit-Schule. \nDas Kaufm\u00e4nnische Berufs-Kolleg I dauert ein Jahr.\nDie Sch\u00fcler und Sch\u00fclerinnen m\u00fcssen mindestens einen mittleren Bildungs-Abschluss haben.\nDie Sch\u00fcler und Sch\u00fclerinnen lernen in der Schule:\nWelche Sachen man in einer Firma macht.\nWie man Sachen in der Firma macht.\nDie Sch\u00fcler und Sch\u00fclerinnen sollen gut auf die Ausbildung vorbereitet werden.\nSie k\u00f6nnen auch weiter auf die Schule gehen. Darauf werden sie auch vorbereitet.\nDie n\u00e4chste Schule hei\u00dft Kaufm\u00e4nnisches Berufskolleg II.<\/p>\n<p>&nbsp;<\/p>\n<div class='w3eden'><!-- WPDM Link Template: Default Template ( Old ) -->\n\n\n<div class=\"wpdm-link-template link-template-default\" >\n\n    <div class=\"media\">\n        <div class=\"mr-3\"><img decoding=\"async\" class=\"wpdm_icon\" alt=\"Icon\" src=\"https:\/\/www.wg-west.de\/cms\/wp-content\/plugins\/download-manager\/assets\/file-type-icons\/pdf.svg\" \/><\/div>\n        <div class=\"media-body\">\n            <div>\n                <strong class=\"package-title\">Flyer Schularten<\/strong> | 369.87 KB\n            <\/div>\n            <a class='wpdm-download-link download-on-click btn btn-primary' rel='nofollow' href='#' data-downloadurl=\"https:\/\/www.wg-west.de\/de_ls\/download\/flyer-schularten\/?wpdmdl=8224&refresh=69e7331a6a8b11776759578\">Download<\/a>\n        <\/div>\n\n    <\/div>\n    <div style=\"clear: both\"><\/div>\n<\/div>\n<div style=\"clear: both\"><\/div>\n\n<\/div><br \/>\n<div class='w3eden'><!-- WPDM Link Template: Default Template ( Old ) -->\n\n\n<div class=\"wpdm-link-template link-template-default\" >\n\n    <div class=\"media\">\n        <div class=\"mr-3\"><img decoding=\"async\" class=\"wpdm_icon\" alt=\"Icon\" src=\"https:\/\/www.wg-west.de\/cms\/wp-content\/plugins\/download-manager\/assets\/file-type-icons\/pdf.svg\" \/><\/div>\n        <div class=\"media-body\">\n            <div>\n                <strong class=\"package-title\">Stundentafel BK1<\/strong> | 466.37 KB\n            <\/div>\n            <a class='wpdm-download-link download-on-click btn btn-primary' rel='nofollow' href='#' data-downloadurl=\"https:\/\/www.wg-west.de\/de_ls\/download\/stundentafel-bk1\/?wpdmdl=1752&refresh=69e7331a75e811776759578\">Download<\/a>\n        <\/div>\n\n    <\/div>\n    <div style=\"clear: both\"><\/div>\n<\/div>\n<div style=\"clear: both\"><\/div>\n\n<\/div>\n<\/div>\n\n\n\n\n\t\t<\/div> \n\t<\/div>\n\t<\/div> \n\n\t<div  class=\"vc_col-sm-6 wpb_column column_container vc_column_container col child_column no-extra-padding inherit_tablet inherit_phone flex_gap_desktop_10px\"   data-padding-pos=\"all\" data-has-bg-color=\"false\" data-bg-color=\"\" data-bg-opacity=\"1\" data-animation=\"\" data-delay=\"0\" >\n\t\t<div class=\"vc_column-inner\" >\n\t\t<div class=\"wpb_wrapper\">\n\t\t\t\n<div class=\"wpb_text_column wpb_content_element  wpb_animate_when_almost_visible wpb_fadeIn fadeIn\" >\n\t<h4>Besondere Dinge<\/h4>\n<p class=\"translation-block\">Im Wahl-Bereich Gesch\u00e4fts-Prozesse lernen die Sch\u00fcler und Sch\u00fclerinnen viel \u00fcber die Arbeit in einem Unternehmen.\nSie lernen zum Beispiel: wie man mit einer Firmen-Software arbeitet. Wie man mit Kunden spricht.\nDie Sch\u00fcler und Sch\u00fclerinnen sehen:\nSo arbeiten Kauf-Leute.<\/p>\n<p class=\"translation-block\">Im Wahl-Pflicht-Bereich \u201e\u00dcbungs-Firma\u201c sind die Sch\u00fcler und Sch\u00fclerinnen wie Angestellte.\nDie \u00dcbungs-Firma ist dabei ihre Firma.\nSie lernen dabei viel \u00fcber das Arbeiten in einer Firma.\nZum Beispiel: Wie bekomme ich gute Mitarbeiter? Wie kaufe ich die richtigen Waren? Wie verkaufe ich die Waren? Wie bekomme ich Geld f\u00fcr die Waren?\nDie Sch\u00fcler und Sch\u00fclerinnen arbeiten in verschiedenen Abteilungen.\nZum Beispiel: im Einkauf, im Verkauf, im Rechnungs-Wesen, im Personal-Wesen.<\/p>\n<p>Die Sch\u00fcler und Sch\u00fclerinnen kommen neu in die Schule.\nWir zeigen den Sch\u00fclern und Sch\u00fclerinnen die Schule.\nDas machen wir in den ersten Schul-Tagen.\nDas nennen wir dann: Kennen-Lern-Tage.\nDie Sch\u00fcler und Sch\u00fclerinnen k\u00f6nnen sich so besser an der Schule einleben.\nWir machen auch Berufs-Informations-Tage f\u00fcr die Sch\u00fcler und Sch\u00fclerinnen vom BK I.\nDas hei\u00dft: Die Sch\u00fcler und Sch\u00fclerinnen wollen wissen, was sie nach der Schule machen k\u00f6nnen.\nDie Berufs-Informations-Tage sind im November.\nDie Berufs-Berater und die Sozial-Arbeiter helfen den Sch\u00fclern und Sch\u00fclerinnen bei der Berufs-Wahl.\nAm Anfang vom zweiten Halbjahr machen wir Klassen-Tage.\nDie ist in der erste Woche im Februar.\nIm Fr\u00fchjahr gibt es noch eine \u00dcbungs-Firma Messe.\nDie Sch\u00fcler und Sch\u00fclerinnen k\u00f6nnen dann noch einmal etwas anderes sehen und erleben an der Schule.\nAm Ende vom Jahr geht es nochmal auf eine Abschluss-Fahrt mit der Klasse.<\/p>\n<\/div>\n\n\n\n\n\t\t<\/div> \n\t<\/div>\n\t<\/div> \n<\/div><\/div><div class=\"divider-wrap\" data-alignment=\"default\"><div style=\"margin-top: 50px; height: 1px; margin-bottom: 50px;\" data-width=\"100%\" data-animate=\"\" data-animation-delay=\"\" data-color=\"default\" class=\"divider-border\"><\/div><\/div>\n\t\t\t<\/div> \n\t\t<\/div>\n\t<\/div> \n<\/div><\/div>\n\t\t<div id=\"fws_69e7331a7be78\"  data-column-margin=\"default\" data-midnight=\"dark\"  class=\"wpb_row vc_row-fluid vc_row\"  style=\"padding-top: 0px; padding-bottom: 0px; \"><div class=\"row-bg-wrap\" data-bg-animation=\"none\" data-bg-animation-delay=\"\" data-bg-overlay=\"false\"><div class=\"inner-wrap row-bg-layer\" ><div class=\"row-bg viewport-desktop\"  style=\"\"><\/div><\/div><\/div><div class=\"row_col_wrap_12 col span_12 dark left\">\n\t<div  class=\"vc_col-sm-6 wpb_column column_container vc_column_container col no-extra-padding inherit_tablet inherit_phone flex_gap_desktop_10px\"  data-padding-pos=\"all\" data-has-bg-color=\"false\" data-bg-color=\"\" data-bg-opacity=\"1\" data-animation=\"\" data-delay=\"0\" >\n\t\t<div class=\"vc_column-inner\" >\n\t\t\t<div class=\"wpb_wrapper\">\n\t\t\t\t\n<div class=\"wpb_text_column wpb_content_element\" >\n\t<h4>Was m\u00fcssen Sie tun,\ndamit Sie aufgenommen werden k\u00f6nnen?<\/h4>\n<ul>\n<li>Die Sch\u00fcler und Sch\u00fclerinnen m\u00fcssen einen Real-Schul-Abschluss oder einen Werk-Real-Schul-Abschluss haben oder<\/li>\n<li>ein Abschluss-Zeugnis einer\nBerufs-Fach-Schule. Man nennt sie auch Wirtschafts-Schule.<\/li>\n<li>Oder man hat ein Zeugnis f\u00fcr die Klasse 10. Dabei muss man in einem 8-j\u00e4hrigen Gymnasium sein.<\/li>\n<li>Oder man hat ein Zeugnis f\u00fcr die Klasse 11. Dann muss man in einem 9-j\u00e4hrigen Gymnasium sein.<\/li>\n<li>Oder Sie brauchen einen Nachweis f\u00fcr einen \u00e4hnlichen Abschluss.<\/li>\n<\/ul>\n<h4>Wie lange dauert die Ausbildung?\nUnd was kann man danach machen?<\/h4>\n<p>Die Sch\u00fcler und Sch\u00fclerinnen sind im 1. Halbjahr zur Probe auf der Schule.\nAm Ende des Jahres machen alle Sch\u00fcler die gleiche Klassenarbeit im Fach Betriebswirtschaftslehre. Das ist so \u00e4hnlich wie eine Pr\u00fcfung.\nAm Ende des Schuljahres rechnet man den Durchschnitt der F\u00e4cher Deutsch, Englisch, Mathematik und Betriebs-Wirtschaft aus.\nDer muss mindestens 3,0 sein.\nDann d\u00fcrfen sie in das Berufs-Kolleg II.\nDort gibt es am Ende eine Pr\u00fcfung. Wenn man sie bestanden hat, hat man die Fachhochschulreife.<\/p>\n<\/div>\n\n\n\n\n\t\t\t<\/div> \n\t\t<\/div>\n\t<\/div> \n\n\t<div  class=\"vc_col-sm-6 wpb_column column_container vc_column_container col no-extra-padding inherit_tablet inherit_phone flex_gap_desktop_10px\"  data-padding-pos=\"all\" data-has-bg-color=\"false\" data-bg-color=\"\" data-bg-opacity=\"1\" data-animation=\"\" data-delay=\"0\" >\n\t\t<div class=\"vc_column-inner\" >\n\t\t\t<div class=\"wpb_wrapper\">\n\t\t\t\t\n<div class=\"wpb_text_column wpb_content_element\" >\n\t<h4 style=\"text-align: left;\">So k\u00f6nnen Sie sich anmelden.<\/h4>\n<p style=\"text-align: left;\">Sie m\u00fcssen sich \u00fcber das Internet anmelden. Sie brauchen eine E-Mail-Adresse und ein Passwort.<\/p>\n<p style=\"text-align: left;\" class=\"translation-block\">Sie k\u00f6nnen sich im Internet bewerben von:\nEnde Januar bis Anfang M\u00e4rz.<\/p>\n<p style=\"text-align: left;\">Download des neuen <a href=\"https:\/\/www.wg-west.de\/cms\/wp-content\/uploads\/2025\/11\/BewO-2026-Flyer-BG-BK-RPS.pdf\">BewO-Flyers<\/a> (WG und BK).<\/p>\n<p style=\"text-align: left;\">Man braucht das Anmelde-Formular und sonst noch:<\/p>\n<ul style=\"text-align: left;\">\n<li>Kopie vom Zeugnis: beglaubigen lassen!<\/li>\n<li>Lebenslauf<\/li>\n<li>Kopie vom Personalausweis<\/li>\n<\/ul>\n<p style=\"text-align: left;\">Die rechtlichen Verordnungen dieser Schulart k\u00f6nnen <a href=\"https:\/\/www.wg-west.de\/cms\/wp-content\/uploads\/2024\/02\/BK-I-Verordnung-BerKoll1V_BW_2015.pdf\">hier<\/a> (Landesrecht Baden-W\u00fcrttemberg) nachgelesen werden.<\/p>\n<\/div>\n\n\n\n\n\t\t\t<\/div> \n\t\t<\/div>\n\t<\/div> \n<\/div><\/div>\n\t\t<div id=\"fws_69e7331a7d9d5\"  data-column-margin=\"default\" data-midnight=\"dark\"  class=\"wpb_row vc_row-fluid vc_row\"  style=\"padding-top: 0px; padding-bottom: 0px; \"><div class=\"row-bg-wrap\" data-bg-animation=\"none\" data-bg-animation-delay=\"\" data-bg-overlay=\"false\"><div class=\"inner-wrap row-bg-layer\" ><div class=\"row-bg viewport-desktop\"  style=\"\"><\/div><\/div><\/div><div class=\"row_col_wrap_12 col span_12 dark left\">\n\t<div  class=\"vc_col-sm-12 wpb_column column_container vc_column_container col no-extra-padding inherit_tablet inherit_phone flex_gap_desktop_10px\"  data-padding-pos=\"all\" data-has-bg-color=\"false\" data-bg-color=\"\" data-bg-opacity=\"1\" data-animation=\"\" data-delay=\"0\" >\n\t\t<div class=\"vc_column-inner\" >\n\t\t\t<div class=\"wpb_wrapper\">\n\t\t\t\t<div class=\"divider-wrap\" data-alignment=\"default\"><div style=\"margin-top: 40px; height: 1px; margin-bottom: 40px;\" data-width=\"100%\" data-animate=\"\" data-animation-delay=\"\" data-color=\"default\" class=\"divider-border\"><\/div><\/div>\n\t\t\t<\/div> \n\t\t<\/div>\n\t<\/div> \n<\/div><\/div>","protected":false},"excerpt":{"rendered":"Kaufm\u00e4nnisches Berufskolleg I &nbsp; &nbsp; Alle Infos zur Anmeldung gibt es hier: Infos f\u00fcr Bewerber*innen Bildungsziele Das Kaufm\u00e4nnische Berufskolleg I (BK I) ist eine einj\u00e4hrige Vollzeitschule, die sich an Sch\u00fclerinnen...","protected":false},"author":1,"featured_media":0,"parent":17,"menu_order":0,"comment_status":"closed","ping_status":"closed","template":"","meta":{"footnotes":""},"class_list":["post-21","page","type-page","status-publish"],"_links":{"self":[{"href":"https:\/\/www.wg-west.de\/de_ls\/wp-json\/wp\/v2\/pages\/21","targetHints":{"allow":["GET"]}}],"collection":[{"href":"https:\/\/www.wg-west.de\/de_ls\/wp-json\/wp\/v2\/pages"}],"about":[{"href":"https:\/\/www.wg-west.de\/de_ls\/wp-json\/wp\/v2\/types\/page"}],"author":[{"embeddable":true,"href":"https:\/\/www.wg-west.de\/de_ls\/wp-json\/wp\/v2\/users\/1"}],"replies":[{"embeddable":true,"href":"https:\/\/www.wg-west.de\/de_ls\/wp-json\/wp\/v2\/comments?post=21"}],"version-history":[{"count":58,"href":"https:\/\/www.wg-west.de\/de_ls\/wp-json\/wp\/v2\/pages\/21\/revisions"}],"predecessor-version":[{"id":8551,"href":"https:\/\/www.wg-west.de\/de_ls\/wp-json\/wp\/v2\/pages\/21\/revisions\/8551"}],"up":[{"embeddable":true,"href":"https:\/\/www.wg-west.de\/de_ls\/wp-json\/wp\/v2\/pages\/17"}],"wp:attachment":[{"href":"https:\/\/www.wg-west.de\/de_ls\/wp-json\/wp\/v2\/media?parent=21"}],"curies":[{"name":"wp","href":"https:\/\/api.w.org\/{rel}","templated":true}]}}