{"id":19,"date":"2017-07-06T12:58:40","date_gmt":"2017-07-06T10:58:40","guid":{"rendered":"http:\/\/www.wg-west.de\/cms\/?page_id=19"},"modified":"2026-01-21T16:30:58","modified_gmt":"2026-01-21T15:30:58","slug":"wirtschaftsschule","status":"publish","type":"page","link":"https:\/\/www.wg-west.de\/de_ls\/schularten\/wirtschaftsschule\/","title":{"rendered":"Wirtschafts-Schule"},"content":{"rendered":"<div id=\"fws_69e8a4c7343e0\"  data-column-margin=\"default\" data-midnight=\"dark\"  class=\"wpb_row vc_row-fluid vc_row\"  style=\"padding-top: 0px; padding-bottom: 0px; \"><div class=\"row-bg-wrap\" data-bg-animation=\"none\" data-bg-animation-delay=\"\" data-bg-overlay=\"false\"><div class=\"inner-wrap row-bg-layer\" ><div class=\"row-bg viewport-desktop\"  style=\"\"><\/div><\/div><\/div><div class=\"row_col_wrap_12 col span_12 dark left\">\n\t<div  class=\"vc_col-sm-8 wpb_column column_container vc_column_container col no-extra-padding inherit_tablet inherit_phone flex_gap_desktop_10px\"  data-padding-pos=\"all\" data-has-bg-color=\"false\" data-bg-color=\"\" data-bg-opacity=\"1\" data-animation=\"\" data-delay=\"0\" >\n\t\t<div class=\"vc_column-inner\" >\n\t\t\t<div class=\"wpb_wrapper\">\n\t\t\t\t\n<div class=\"wpb_text_column wpb_content_element\" >\n\t<h1 style=\"text-align: left;\"><img loading=\"lazy\" decoding=\"async\" class=\"size-full wp-image-3415 alignleft\" src=\"https:\/\/www.wg-west.de\/cms\/wp-content\/uploads\/2023\/08\/Gruen_kl.jpg\" alt=\"\" width=\"100\" height=\"101\" \/>Wirtschafts-Schule<\/h1>\n<h2 style=\"text-align: left;\">Zweij\u00e4hrige Berufsfachschule<\/h2>\n<p>&nbsp;<\/p>\n<\/div>\n\n\n\n\n\t\t\t<\/div> \n\t\t<\/div>\n\t<\/div> \n\n\t<div  class=\"vc_col-sm-4 wpb_column column_container vc_column_container col no-extra-padding inherit_tablet inherit_phone flex_gap_desktop_10px\"  data-padding-pos=\"all\" data-has-bg-color=\"false\" data-bg-color=\"\" data-bg-opacity=\"1\" data-animation=\"\" data-delay=\"0\" >\n\t\t<div class=\"vc_column-inner\" >\n\t\t\t<div class=\"wpb_wrapper\">\n\t\t\t\t\n<div class=\"wpb_text_column wpb_content_element\" >\n\t<p><strong>Alle Infos zur Anmeldung gibt es hier:<\/strong><\/p>\n<\/div>\n\n\n\n<div class=\"divider-wrap\" data-alignment=\"default\"><div style=\"height: 20px;\" class=\"divider\"><\/div><\/div><a class=\"nectar-button medium regular extra-color-1 has-icon  regular-button\"  role=\"button\" style=\"color: #ffffff; background-color: #d30000;\"  href=\"https:\/\/www.wg-west.de\/de_ls\/anmeldung\/\" data-color-override=\"#d30000\" data-hover-color-override=\"false\" data-hover-text-color-override=\"#fff\"><span>Infos f\u00fcr Bewerber*innen<\/span><i style=\"color: #ffffff;\"  class=\"fa fa-external-link\"><\/i><\/a>\n\t\t\t<\/div> \n\t\t<\/div>\n\t<\/div> \n<\/div><\/div>\n\t\t<div id=\"fws_69e8a4c735bc0\"  data-column-margin=\"default\" data-midnight=\"dark\"  class=\"wpb_row vc_row-fluid vc_row\"  style=\"padding-top: 0px; padding-bottom: 0px; \"><div class=\"row-bg-wrap\" data-bg-animation=\"none\" data-bg-animation-delay=\"\" data-bg-overlay=\"false\"><div class=\"inner-wrap row-bg-layer\" ><div class=\"row-bg viewport-desktop\"  style=\"\"><\/div><\/div><\/div><div class=\"row_col_wrap_12 col span_12 dark left\">\n\t<div  class=\"vc_col-sm-12 wpb_column column_container vc_column_container col no-extra-padding inherit_tablet inherit_phone flex_gap_desktop_10px\"  data-padding-pos=\"all\" data-has-bg-color=\"false\" data-bg-color=\"\" data-bg-opacity=\"1\" data-animation=\"\" data-delay=\"0\" >\n\t\t<div class=\"vc_column-inner\" >\n\t\t\t<div class=\"wpb_wrapper\">\n\t\t\t\t<div id=\"fws_69e8a4c736219\" data-midnight=\"\" data-column-margin=\"default\" class=\"wpb_row vc_row-fluid vc_row inner_row\"  style=\"\"><div class=\"row-bg-wrap\"> <div class=\"row-bg\" ><\/div> <\/div><div class=\"row_col_wrap_12_inner col span_12  left\">\n\t<div  class=\"vc_col-sm-6 wpb_column column_container vc_column_container col child_column no-extra-padding inherit_tablet inherit_phone flex_gap_desktop_10px\"   data-padding-pos=\"all\" data-has-bg-color=\"false\" data-bg-color=\"\" data-bg-opacity=\"1\" data-animation=\"\" data-delay=\"0\" >\n\t\t<div class=\"vc_column-inner\" >\n\t\t<div class=\"wpb_wrapper\">\n\t\t\t\n<div class=\"wpb_text_column wpb_content_element\" >\n\t<p style=\"text-align: left;\">Liebe Sch\u00fcler, liebe Sch\u00fclerinnen,<\/p>\n<p style=\"text-align: left;\">jede*r von euch hat ein Smartphone. Jeder geht mit digitalen Medien um. Das sind Computer, Handy und Internet. \nAuch der Unterricht sollte etwas digitaler werden.\nDas w\u00e4re sch\u00f6n. \nIhr m\u00f6chtet auch ein iPad?\nDann meldet Euch schnell an unserer Schule an.<\/p>\n<p style=\"text-align: left;\">Hier gibt es Unterricht in Tablet-Klassen.<\/p>\n<p style=\"text-align: left;\">Jeder Sch\u00fcler, jede Sch\u00fclerin erh\u00e4lt ein eigenes iPad. So kann man digital arbeiten und lernen.<\/p>\n<\/div>\n\n\n\n\n\t\t<\/div> \n\t<\/div>\n\t<\/div> \n\n\t<div  class=\"vc_col-sm-6 wpb_column column_container vc_column_container col child_column no-extra-padding inherit_tablet inherit_phone flex_gap_desktop_10px\"   data-padding-pos=\"all\" data-has-bg-color=\"false\" data-bg-color=\"\" data-bg-opacity=\"1\" data-animation=\"\" data-delay=\"0\" >\n\t\t<div class=\"vc_column-inner\" >\n\t\t<div class=\"wpb_wrapper\">\n\t\t\t<div class=\"img-with-aniamtion-wrap\" data-max-width=\"100%\" data-max-width-mobile=\"default\" data-shadow=\"none\" data-animation=\"none\" >\n      <div class=\"inner\">\n        <div class=\"hover-wrap\"> \n          <div class=\"hover-wrap-inner\">\n            <img loading=\"lazy\" decoding=\"async\" class=\"img-with-animation skip-lazy\" data-delay=\"0\" height=\"576\" width=\"768\" data-animation=\"none\" src=\"https:\/\/www.wg-west.de\/cms\/wp-content\/uploads\/2023\/08\/Tablet-Klasse.jpg\" alt=\"\" srcset=\"https:\/\/www.wg-west.de\/cms\/wp-content\/uploads\/2023\/08\/Tablet-Klasse.jpg 768w, https:\/\/www.wg-west.de\/cms\/wp-content\/uploads\/2023\/08\/Tablet-Klasse-300x225.jpg 300w\" sizes=\"auto, (max-width: 768px) 100vw, 768px\" \/>\n          <\/div>\n        <\/div>\n        \n      <\/div>\n    <\/div>\n\t\t<\/div> \n\t<\/div>\n\t<\/div> \n<\/div><\/div>\n\t\t\t<\/div> \n\t\t<\/div>\n\t<\/div> \n<\/div><\/div>\n\t\t<div id=\"fws_69e8a4c737a15\"  data-column-margin=\"default\" data-midnight=\"dark\"  class=\"wpb_row vc_row-fluid vc_row\"  style=\"padding-top: 0px; padding-bottom: 0px; \"><div class=\"row-bg-wrap\" data-bg-animation=\"none\" data-bg-animation-delay=\"\" data-bg-overlay=\"false\"><div class=\"inner-wrap row-bg-layer\" ><div class=\"row-bg viewport-desktop\"  style=\"\"><\/div><\/div><\/div><div class=\"row_col_wrap_12 col span_12 dark left\">\n\t<div  class=\"vc_col-sm-12 wpb_column column_container vc_column_container col no-extra-padding inherit_tablet inherit_phone flex_gap_desktop_10px\"  data-padding-pos=\"all\" data-has-bg-color=\"false\" data-bg-color=\"\" data-bg-opacity=\"1\" data-animation=\"\" data-delay=\"0\" >\n\t\t<div class=\"vc_column-inner\" >\n\t\t\t<div class=\"wpb_wrapper\">\n\t\t\t\t<div class=\"divider-wrap\" data-alignment=\"default\"><div style=\"margin-top: 10px; height: 1px; margin-bottom: 10px;\" data-width=\"100%\" data-animate=\"\" data-animation-delay=\"\" data-color=\"default\" class=\"divider-border\"><\/div><\/div>\n\t\t\t<\/div> \n\t\t<\/div>\n\t<\/div> \n<\/div><\/div>\n\t\t<div id=\"fws_69e8a4c7383d1\"  data-column-margin=\"default\" data-midnight=\"dark\"  class=\"wpb_row vc_row-fluid vc_row\"  style=\"padding-top: 0px; padding-bottom: 0px; \"><div class=\"row-bg-wrap\" data-bg-animation=\"none\" data-bg-animation-delay=\"\" data-bg-overlay=\"false\"><div class=\"inner-wrap row-bg-layer\" ><div class=\"row-bg viewport-desktop\"  style=\"\"><\/div><\/div><\/div><div class=\"row_col_wrap_12 col span_12 dark left\">\n\t<div  class=\"vc_col-sm-6 wpb_column column_container vc_column_container col no-extra-padding inherit_tablet inherit_phone flex_gap_desktop_10px\"  data-padding-pos=\"all\" data-has-bg-color=\"false\" data-bg-color=\"\" data-bg-opacity=\"1\" data-animation=\"\" data-delay=\"0\" >\n\t\t<div class=\"vc_column-inner\" >\n\t\t\t<div class=\"wpb_wrapper\">\n\t\t\t\t\n<div class=\"wpb_text_column wpb_content_element\" >\n\t<h4>Was wir lernen sollen<\/h4>\n<p style=\"text-align: left;\">Viele Haupt-Sch\u00fcler und Haupt-Sch\u00fclerinnen sind gut in der Schule. Diese Sch\u00fcler und Sch\u00fclerinnen k\u00f6nnen noch mehr lernen. Das ist sehr wichtig f\u00fcr ihre Zukunft.<\/p>\n<p style=\"text-align: left;\">Die Sch\u00fcler und Sch\u00fclerinnen k\u00f6nnen in der Wirtschafts-Schule einen Abschluss machen.\nDer Abschluss hei\u00dft: Fachschulreife.\nDer Abschluss ist so wie der Abschluss an einer Realschule.<\/p>\n<p style=\"text-align: left;\">Die Sch\u00fcler und Sch\u00fclerinnen lernen dort, was man im B\u00fcro alles k\u00f6nnen muss. Wenn man eine Ausbildung in diesem Beruf macht, lernt man das sonst im ersten Jahr. \nSie haben die Wirtschafts-Schule besucht?\nWollen Sie jetzt den Ausbildungsberuf Kauf-Frau oder Kauf-Mann f\u00fcr B\u00fcro-Management erlernen? Dann k\u00f6nnen Sie gleich in das zweite Ausbildungsjahr gehen.<\/p>\n<p style=\"text-align: left;\">Die Sch\u00fcler und Sch\u00fclerinnen lernen viele F\u00e4cher, die man von den bisherigen Schulen kennt.<\/p>\n<p style=\"text-align: left;\">Sie m\u00fcssen aber auch neue F\u00e4cher lernen. Ein Fach hei\u00dft zum Beispiel \u201eBerufsfachliche Kompetenz\u201c Dabei lernt man alles, was ein Kauf-Mann oder eine Kauf-Frau mindestens wissen muss.<\/p>\n<p style=\"text-align: left;\">Im Fach \u201e Berufsfachliche Kompetenz \u201c arbeiten die Sch\u00fcler mit einer echten Buch-Haltungs-Software.\nDas ist wie eine Computer-Programm.\nDas Programm benutzen viele Firmen.\nIm Fach \u201e Berufspraktische Kompetenz \u201c lernen die Sch\u00fcler zum Beispiel:\nWie man mit 10 Fingern auf der Tastatur schreibt.\nMan lernt auch, wie man mit anderen Computer-Programmen arbeitet.\nZum Beispiel: Excel, Word und Power-Point.<\/p>\n<div class='w3eden'><!-- WPDM Link Template: Default Template ( Old ) -->\n\n\n<div class=\"wpdm-link-template link-template-default\" >\n\n    <div class=\"media\">\n        <div class=\"mr-3\"><img decoding=\"async\" class=\"wpdm_icon\" alt=\"Icon\" src=\"https:\/\/www.wg-west.de\/cms\/wp-content\/plugins\/download-manager\/assets\/file-type-icons\/pdf.svg\" \/><\/div>\n        <div class=\"media-body\">\n            <div>\n                <strong class=\"package-title\">Flyer Schularten<\/strong> | 369.87 KB\n            <\/div>\n            <a class='wpdm-download-link download-on-click btn btn-primary' rel='nofollow' href='#' data-downloadurl=\"https:\/\/www.wg-west.de\/de_ls\/download\/flyer-schularten\/?wpdmdl=8224&refresh=69e8a4c73c7e51776854215\">Download<\/a>\n        <\/div>\n\n    <\/div>\n    <div style=\"clear: both\"><\/div>\n<\/div>\n<div style=\"clear: both\"><\/div>\n\n<\/div><br \/>\n<div class='w3eden'><!-- WPDM Link Template: Default Template ( Old ) -->\n\n\n<div class=\"wpdm-link-template link-template-default\" >\n\n    <div class=\"media\">\n        <div class=\"mr-3\"><img decoding=\"async\" class=\"wpdm_icon\" alt=\"Icon\" src=\"https:\/\/www.wg-west.de\/cms\/wp-content\/plugins\/download-manager\/assets\/file-type-icons\/pdf.svg\" \/><\/div>\n        <div class=\"media-body\">\n            <div>\n                <strong class=\"package-title\">Stundentafel_WS<\/strong> | 55.41 KB\n            <\/div>\n            <a class='wpdm-download-link download-on-click btn btn-primary' rel='nofollow' href='#' data-downloadurl=\"https:\/\/www.wg-west.de\/de_ls\/download\/stundentafel_ws_neu\/?wpdmdl=4779&refresh=69e8a4c74647d1776854215\">Download<\/a>\n        <\/div>\n\n    <\/div>\n    <div style=\"clear: both\"><\/div>\n<\/div>\n<div style=\"clear: both\"><\/div>\n\n<\/div>\n<\/div>\n\n\n\n\n\t\t\t<\/div> \n\t\t<\/div>\n\t<\/div> \n\n\t<div  class=\"vc_col-sm-6 wpb_column column_container vc_column_container col no-extra-padding inherit_tablet inherit_phone flex_gap_desktop_10px\"  data-padding-pos=\"all\" data-has-bg-color=\"false\" data-bg-color=\"\" data-bg-opacity=\"1\" data-animation=\"\" data-delay=\"0\" >\n\t\t<div class=\"vc_column-inner\" >\n\t\t\t<div class=\"wpb_wrapper\">\n\t\t\t\t\n<div class=\"wpb_text_column wpb_content_element\" >\n\t<h4>Besondere Dinge<\/h4>\n<p>Am Anfang ist alles neu. Deshalb machen wir \u201eKennenlerntage\u201c. An diesen Tagen machen die neuen Sch\u00fcler etwas gemeinsam. Damit lernen sie sich besser kennen. Jede Woche gibt es auch eine Klassenlehrerstunde. Das hilft dabei, gut miteinander auszukommen.<\/p>\n<p>Die Sch\u00fcler und Sch\u00fclerinnen bekommen am WG West viele Angebote.\nDie Angebote sind f\u00fcr alle Bereiche von der Bildung.\nDie Sch\u00fcler und Sch\u00fclerinnen k\u00f6nnen dann ausw\u00e4hlen.\nEs gibt zum Beispiel:\nSport-Angebote, Musik-Angebote, kreative Angebote, handwerkliche Angebote.\nEs gibt auch St\u00fctzunterricht.<\/p>\n<p>In der ersten Februarwoche machen wir keinen normalen Unterricht. In dieser Zeit gibt es Pr\u00e4ventions-Tage. Hier lernen die Sch\u00fcler und Sch\u00fclerinnen was sie tun k\u00f6nnen.\nZum Beispiel: wie sie sich gesund halten k\u00f6nnen,  wie sie sich sch\u00fctzen k\u00f6nnen.\nIm Mai und Juni gibt es ein 2 Wochen langes Betriebs-Praktikum. Das ist eine Art Praktikum im Betrieb.\nAm Ende des Schul-Jahres gibt es Projekt-Tage.<\/p>\n<p>Im zweiten Schul-Jahr machen wir noch mehr Aktionen. Die Aktionen sollen die Klassen-Gemeinschaft st\u00e4rken.\nWir machen die Aktionen direkt nach den Sommer-Ferien.\nWir machen auch eine Beratung f\u00fcr die Sch\u00fcler und Sch\u00fclerinnen von der WS.\n\nDie Berater und Beraterinnen sind ehemalige WS-Sch\u00fcler und Sch\u00fclerinnen.\nSie gehen jetzt ins Berufs-Kolleg oder ins Wirtschafts-Gymnasium.\n\nVor der Kommunikations-Pr\u00fcfung gibt es noch eine Veranstaltung. Da k\u00f6nnen die Sch\u00fcler und Sch\u00fclerinnen mit englischen Personen sprechen. Die Personen kommen an unsere Schule. Die Sch\u00fcler und Sch\u00fclerinnen k\u00f6nnen sich so gut auf die Pr\u00fcfung vorbereiten. \n\nWir machen auch einen Workshop f\u00fcr die Pr\u00fcflinge vor der schriftlichen Pr\u00fcfung.\nDer Workshop hei\u00dft: Umgang mit Pr\u00fcfungsstress.<\/p>\n<p>Wir helfen den Sch\u00fclern und Sch\u00fclerinnen bei der Berufs-Wahl.\nWir gehen zusammen auf Ausbildungs-Messen.\nDie Sch\u00fcler und Sch\u00fclerinnen machen Praktika.\nWir fragen Berufs-Berater und Berufs-Beraterinnen um Rat.\nIm November gibt es den Berufs-Informations-Tag f\u00fcr alle Sch\u00fcler und Sch\u00fclerinnen der Wirtschaftsschule und dem Berufskolleg.<\/p>\n<\/div>\n\n\n\n\n\t\t\t<\/div> \n\t\t<\/div>\n\t<\/div> \n<\/div><\/div>\n\t\t<div id=\"fws_69e8a4c74bc3f\"  data-column-margin=\"default\" data-midnight=\"dark\"  class=\"wpb_row vc_row-fluid vc_row\"  style=\"padding-top: 0px; padding-bottom: 0px; \"><div class=\"row-bg-wrap\" data-bg-animation=\"none\" data-bg-animation-delay=\"\" data-bg-overlay=\"false\"><div class=\"inner-wrap row-bg-layer\" ><div class=\"row-bg viewport-desktop\"  style=\"\"><\/div><\/div><\/div><div class=\"row_col_wrap_12 col span_12 dark left\">\n\t<div  class=\"vc_col-sm-12 wpb_column column_container vc_column_container col no-extra-padding inherit_tablet inherit_phone flex_gap_desktop_10px\"  data-padding-pos=\"all\" data-has-bg-color=\"false\" data-bg-color=\"\" data-bg-opacity=\"1\" data-animation=\"\" data-delay=\"0\" >\n\t\t<div class=\"vc_column-inner\" >\n\t\t\t<div class=\"wpb_wrapper\">\n\t\t\t\t<div class=\"divider-wrap\" data-alignment=\"default\"><div style=\"margin-top: 10px; height: 1px; margin-bottom: 10px;\" data-width=\"100%\" data-animate=\"\" data-animation-delay=\"\" data-color=\"default\" class=\"divider-border\"><\/div><\/div>\n\t\t\t<\/div> \n\t\t<\/div>\n\t<\/div> \n<\/div><\/div>\n\t\t<div id=\"fws_69e8a4c74c48a\"  data-column-margin=\"default\" data-midnight=\"dark\"  class=\"wpb_row vc_row-fluid vc_row\"  style=\"padding-top: 0px; padding-bottom: 0px; \"><div class=\"row-bg-wrap\" data-bg-animation=\"none\" data-bg-animation-delay=\"\" data-bg-overlay=\"false\"><div class=\"inner-wrap row-bg-layer\" ><div class=\"row-bg viewport-desktop\"  style=\"\"><\/div><\/div><\/div><div class=\"row_col_wrap_12 col span_12 dark left\">\n\t<div  class=\"vc_col-sm-6 wpb_column column_container vc_column_container col no-extra-padding inherit_tablet inherit_phone flex_gap_desktop_10px\"  data-padding-pos=\"all\" data-has-bg-color=\"false\" data-bg-color=\"\" data-bg-opacity=\"1\" data-animation=\"\" data-delay=\"0\" >\n\t\t<div class=\"vc_column-inner\" >\n\t\t\t<div class=\"wpb_wrapper\">\n\t\t\t\t\n<div class=\"wpb_text_column wpb_content_element\" >\n\t<h4>Was m\u00fcssen Sie tun,\ndamit Sie aufgenommen werden k\u00f6nnen?<\/h4>\n<ul>\n<li>Sie m\u00fcssen einen Haupt-Schul-Abschluss haben.<\/li>\n<li>Sie m\u00fcssen ein Versetzungs-Zeugnis in die 10. Klasse von der Real-Schule haben.<\/li>\n<li>Oder Sie m\u00fcssen ein Versetzungs-Zeugnis in die 9. Klasse vom Gymnasium haben.<\/li>\n<li>Oder Sie m\u00fcssen ein Abgangs-Zeugnis von der 9. Klasse auf dem Niveau M von der Real-Schule oder der Gemeinschafts-Schule oder vom neunj\u00e4hrigen Gymnasium haben.<\/li>\n<li>Sie k\u00f6nnen nach Klasse 8 des achtj\u00e4hrigen Gymnasiums kommen. Dann m\u00fcssen Sie in \nDeutsch, Englisch und Mathe mindestens eine 4,0 haben.\nUnd Sie d\u00fcrfen in keinem Fach die Note mangelhaft haben.<\/li>\n<li>\u00a0Oder Sie brauchen einen Nachweis f\u00fcr einen \u00e4hnlichen Abschluss.<\/li>\n<\/ul>\n<p>Wenn noch Pl\u00e4tze frei sind kann man auch nach Klasse 9 zu uns kommen.<\/p>\n<ul>\n<li class=\"translation-block\">Dann m\u00fcssen aber die Noten gut sein.<\/li>\n<li>Am besten l\u00e4sst man sich dann bei uns beraten.<\/li>\n<\/ul>\n<h2><\/h2>\n<h4>Wie lange dauert die Ausbildung?\nUnd was kann man danach machen?<\/h4>\n<p>Die Ausbildung dauert 2 Jahre. Am Ende muss man eine Abschlusspr\u00fcfung machen. \nDer Abschluss ist so wie die \"Mittlere Reife\".\nNach der Wirtschafts-Schule k\u00f6nnen die Sch\u00fcler und Sch\u00fclerinnen 4 Sachen machen:<\/p>\n<ul>\n<li>Eine Ausbildung in einer Firma beginnen,<\/li>\n<li>mit einer Ausbildung Beamter oder Beamte werden,<\/li>\n<li>auf ein berufliches Gymnasium wechseln. Da kann man das Abitur machen oder\ndas Berufskolleg besuchen. Dort kann man in zwei Jahren die Fachhochschulreife machen.<\/li>\n<\/ul>\n<\/div>\n\n\n\n\n\t\t\t<\/div> \n\t\t<\/div>\n\t<\/div> \n\n\t<div  class=\"vc_col-sm-6 wpb_column column_container vc_column_container col no-extra-padding inherit_tablet inherit_phone flex_gap_desktop_10px\"  data-padding-pos=\"all\" data-has-bg-color=\"false\" data-bg-color=\"\" data-bg-opacity=\"1\" data-animation=\"\" data-delay=\"0\" >\n\t\t<div class=\"vc_column-inner\" >\n\t\t\t<div class=\"wpb_wrapper\">\n\t\t\t\t\n<div class=\"wpb_text_column wpb_content_element\" >\n\t<h4>So k\u00f6nnen Sie sich anmelden.<\/h4>\n<p>Sie m\u00fcssen sich \u00fcber das Internet anmelden. Sie brauchen eine E-Mail-Adresse und ein Passwort.<\/p>\n<p class=\"translation-block\">Sie k\u00f6nnen sich im Internet bewerben von:\nEnde Januar bis Anfang M\u00e4rz.<\/p>\n<p>Download des neuen <a href=\"https:\/\/www.wg-west.de\/cms\/wp-content\/uploads\/2025\/11\/BewO-2026-Flyer-2BFS-RPS.pdf\">BewO-Flyers<\/a> (BFS).<\/p>\n<p>Wenn noch Pl\u00e4tze frei sind, kann man sich noch bis zum Juli bewerben.<\/p>\n<p>Man braucht das Anmelde-Formular und sonst noch:<\/p>\n<ul>\n<li>Kopie vom Zeugnis: beglaubigen lassen!<\/li>\n<li>Lebenslauf<\/li>\n<li>Kopie vom Personalausweis<\/li>\n<\/ul>\n<div class='w3eden'><!-- WPDM Link Template: Default Template ( Old ) -->\n\n\n<div class=\"wpdm-link-template link-template-default\" >\n\n    <div class=\"media\">\n        <div class=\"mr-3\"><img decoding=\"async\" class=\"wpdm_icon\" alt=\"Icon\" src=\"https:\/\/www.wg-west.de\/cms\/wp-content\/plugins\/download-manager\/assets\/file-type-icons\/doc.svg\" \/><\/div>\n        <div class=\"media-body\">\n            <div>\n                <strong class=\"package-title\">Tabellarischer Lebenslauf (f\u00fcr die Anmeldung)<\/strong> | 48.00 KB\n            <\/div>\n            <a class='wpdm-download-link download-on-click btn btn-primary' rel='nofollow' href='#' data-downloadurl=\"https:\/\/www.wg-west.de\/de_ls\/download\/tabellarischer-lebenslauf-fuer-die-anmeldung\/?wpdmdl=451&refresh=69e8a4c752a251776854215\">Download<\/a>\n        <\/div>\n\n    <\/div>\n    <div style=\"clear: both\"><\/div>\n<\/div>\n<div style=\"clear: both\"><\/div>\n\n<\/div>\n<p>Die rechtliche Verordnungen f\u00fcr die Schulart k\u00f6nnen <a href=\"https:\/\/www.wg-west.de\/cms\/wp-content\/uploads\/2025\/02\/Pruefungsordnung-2025-WS.pdf\">hier<\/a> (Landesrecht Baden-W\u00fcrttemberg) nachgelesen werden.<\/p>\n<\/div>\n\n\n\n\n\t\t\t<\/div> \n\t\t<\/div>\n\t<\/div> \n<\/div><\/div>\n\t\t<div id=\"fws_69e8a4c7580f9\"  data-column-margin=\"default\" data-midnight=\"dark\"  class=\"wpb_row vc_row-fluid vc_row\"  style=\"padding-top: 0px; padding-bottom: 0px; \"><div class=\"row-bg-wrap\" data-bg-animation=\"none\" data-bg-animation-delay=\"\" data-bg-overlay=\"false\"><div class=\"inner-wrap row-bg-layer\" ><div class=\"row-bg viewport-desktop\"  style=\"\"><\/div><\/div><\/div><div class=\"row_col_wrap_12 col span_12 dark left\">\n\t<div  class=\"vc_col-sm-12 wpb_column column_container vc_column_container col no-extra-padding inherit_tablet inherit_phone flex_gap_desktop_10px\"  data-padding-pos=\"all\" data-has-bg-color=\"false\" data-bg-color=\"\" data-bg-opacity=\"1\" data-animation=\"\" data-delay=\"0\" >\n\t\t<div class=\"vc_column-inner\" >\n\t\t\t<div class=\"wpb_wrapper\">\n\t\t\t\t<div class=\"divider-wrap\" data-alignment=\"default\"><div style=\"margin-top: 40px; height: 1px; margin-bottom: 40px;\" data-width=\"100%\" data-animate=\"\" data-animation-delay=\"\" data-color=\"default\" class=\"divider-border\"><\/div><\/div>\n\t\t\t<\/div> \n\t\t<\/div>\n\t<\/div> \n<\/div><\/div>","protected":false},"excerpt":{"rendered":"Wirtschaftsschule Zweij\u00e4hrige Berufsfachschule &nbsp; Alle Infos zur Anmeldung gibt es hier: Infos f\u00fcr Bewerber*innen Liebe zuk\u00fcnftige Sch\u00fclerinnen und Sch\u00fcler, jeden Tag geht ihr mit digitalen Medien um. Jeder von Euch...","protected":false},"author":1,"featured_media":0,"parent":17,"menu_order":0,"comment_status":"closed","ping_status":"closed","template":"","meta":{"footnotes":""},"class_list":["post-19","page","type-page","status-publish"],"_links":{"self":[{"href":"https:\/\/www.wg-west.de\/de_ls\/wp-json\/wp\/v2\/pages\/19","targetHints":{"allow":["GET"]}}],"collection":[{"href":"https:\/\/www.wg-west.de\/de_ls\/wp-json\/wp\/v2\/pages"}],"about":[{"href":"https:\/\/www.wg-west.de\/de_ls\/wp-json\/wp\/v2\/types\/page"}],"author":[{"embeddable":true,"href":"https:\/\/www.wg-west.de\/de_ls\/wp-json\/wp\/v2\/users\/1"}],"replies":[{"embeddable":true,"href":"https:\/\/www.wg-west.de\/de_ls\/wp-json\/wp\/v2\/comments?post=19"}],"version-history":[{"count":68,"href":"https:\/\/www.wg-west.de\/de_ls\/wp-json\/wp\/v2\/pages\/19\/revisions"}],"predecessor-version":[{"id":8549,"href":"https:\/\/www.wg-west.de\/de_ls\/wp-json\/wp\/v2\/pages\/19\/revisions\/8549"}],"up":[{"embeddable":true,"href":"https:\/\/www.wg-west.de\/de_ls\/wp-json\/wp\/v2\/pages\/17"}],"wp:attachment":[{"href":"https:\/\/www.wg-west.de\/de_ls\/wp-json\/wp\/v2\/media?parent=19"}],"curies":[{"name":"wp","href":"https:\/\/api.w.org\/{rel}","templated":true}]}}