{"id":993,"date":"2018-05-17T11:08:22","date_gmt":"2018-05-17T09:08:22","guid":{"rendered":"http:\/\/www.wg-west.de\/?page_id=993"},"modified":"2023-09-03T11:45:16","modified_gmt":"2023-09-03T09:45:16","slug":"datenschutzerklaerung","status":"publish","type":"page","link":"http:\/\/www.wg-west.de\/de_ls\/datenschutzerklaerung\/","title":{"rendered":"Datenschutzerkl\u00e4rung"},"content":{"rendered":"<div class=\"frame frame-default frame-type-text frame-layout-0\">\n<header>\n<h4 class=\"\">Der Schutz Ihrer Daten ist unser Anliegen<\/h4>\n<\/header>\n<p class=\"bodytext\">Wir freuen uns \u00fcber Ihr Interesse an unserer Schule und unseren Dienstleistungen und m\u00f6chten, dass Sie sich beim Besuch unserer Internetseiten auch hinsichtlich des Schutzes Ihrer personenbezogenen Daten sicher f\u00fchlen. Denn wir nehmen den Schutz Ihrer personenbezogenen Daten sehr ernst. Die Beachtung der Bestimmungen der Datenschutzgrundverordnung (DSGVO) ist f\u00fcr uns eine Selbstverst\u00e4ndlichkeit.<\/p>\n<p class=\"bodytext\">Wir m\u00f6chten, dass Sie wissen, wann wir welche Daten erheben und wie wir sie verwenden. Wir haben technische und organisatorische Ma\u00dfnahmen getroffen, die sicherstellen, dass die Vorschriften \u00fcber den Datenschutz sowohl von uns als auch von uns beauftragten externen Dienstleistern beachtet werden.<\/p>\n<\/div>\n<div class=\"spacer solid\"><\/div>\n<div class=\"frame frame-default frame-type-text frame-layout-0\">\n<header>\n<h4 class=\"\">Personenbezogene Daten<\/h4>\n<\/header>\n<p class=\"bodytext\">Personenbezogene Daten sind Informationen zu Ihrer Identit\u00e4t. Hierunter fallen z.B. Angaben wie Name, Adresse, Telefonnummer, E-Mail-Adresse. F\u00fcr die Nutzung unserer Internetseite ist es nicht erforderlich, dass Sie personenbezogene Daten preisgeben. In bestimmten F\u00e4llen ben\u00f6tigen wir jedoch Ihren Namen und Ihre Adresse sowie weitere Angaben, damit wir die gew\u00fcnschten Dienstleistungen erbringen k\u00f6nnen.<\/p>\n<p class=\"bodytext\">Gleiches gilt beispielsweise f\u00fcr die Zusendung von Informationsmaterial oder f\u00fcr die Beantwortung individueller Fragen. Wo dies erforderlich ist, weisen wir Sie entsprechend darauf hin. Dar\u00fcber hinaus speichern und verarbeiten wir nur Daten, die Sie uns freiwillig zur Verf\u00fcgung stellen und ggf. Daten, die wir automatisch beim Besuch unserer Internetseiten erheben (siehe Abschnitt \u201eDaten, die automatisch beim Besuch unserer Internetseiten erfasst werden\u201c).<\/p>\n<p class=\"bodytext\">Sofern Sie Service-Leistungen in Anspruch nehmen, werden in der Regel nur solche Daten erhoben, die wir zur Erbringung der Leistungen ben\u00f6tigen. Soweit wir Sie um weitergehende Daten bitten, handelt es sich um freiwillige Informationen. Die Verarbeitung personenbezogener Daten erfolgt ausschlie\u00dflich zur Erf\u00fcllung des nachgefragten Service und zur Wahrung eigener berechtigter Gesch\u00e4ftsinteressen.<\/p>\n<\/div>\n<div class=\"spacer solid\"><\/div>\n<div class=\"frame frame-default frame-type-text frame-layout-0\">\n<header>\n<h4 class=\"\">Zweckbestimmung der personenbezogenen Daten<\/h4>\n<\/header>\n<p class=\"bodytext\">Die von Ihnen zur Verf\u00fcgung gestellten personenbezogenen Daten verwenden wir im Allgemeinen, um Ihre Anfragen zu beantworten oder Ihnen Zugang zu bestimmten Informationen oder Angeboten zu verschaffen.<\/p>\n<p class=\"bodytext\">Selbstverst\u00e4ndlich respektieren wir es, wenn Sie uns Ihre personenbezogenen Daten nicht \u00fcberlassen wollen. Wir werden Ihre personenbezogenen Daten weder an Dritte verkaufen noch anderweitig vermarkten.<\/p>\n<p class=\"bodytext\">Dar\u00fcber hinaus werden keine personenbezogenen Daten an Staaten au\u00dferhalb der EU bzw. des EWR weitergegeben.<\/p>\n<\/div>\n<div class=\"spacer solid\"><\/div>\n<div class=\"frame frame-default frame-type-text frame-layout-0\">\n<header>\n<h4 class=\"\">Zweckgebundene Verwendung<\/h4>\n<\/header>\n<p class=\"bodytext\">Wir werden die von Ihnen online zur Verf\u00fcgung gestellten personenbezogenen Daten nur f\u00fcr die Ihnen mitgeteilten Zwecke erheben, verarbeiten und nutzen. Eine Weitergabe Ihrer personenbezogenen Daten an Dritte erfolgt nicht ohne Ihre ausdr\u00fcckliche Einwilligung.<\/p>\n<p class=\"bodytext\">Erhebungen von personenbezogenen Daten sowie deren \u00dcbermittlung an Auskunftsberechtigte staatliche Institutionen und Beh\u00f6rden erfolgen nur im Rahmen der einschl\u00e4gigen Gesetze bzw. sofern wir durch eine gerichtliche Entscheidung dazu verpflichtet sind. Unsere Mitarbeiter und die von uns beauftragten Dienstleistungsunternehmen sind von uns zur Verschwiegenheit und zur Einhaltung der Bestimmungen der\u00a0 Datenschutzgrundverordnung (DSGVO) verpflichtet.<\/p>\n<\/div>\n<div class=\"spacer solid\"><\/div>\n<div class=\"frame frame-default frame-type-text frame-layout-0\">\n<header>\n<h4 class=\"\">Daten, die automatisch beim Besuch unserer Internetseiten erfasst werden<\/h4>\n<\/header>\n<p class=\"bodytext\">Bei der Nutzung unserer Internetseiten werden aus organisatorischen und technischen Gr\u00fcnden folgende Daten gespeichert: die Namen der von Ihnen aufgerufenen Seiten, des von Ihnen verwendeten Browsers und Ihres Betriebssystems, Datum und Uhrzeit des Zugangs, verwendete Suchmaschinen, Namen herunter geladener Dateien und Ihre IP-Adresse.<\/p>\n<p class=\"bodytext\">Wir werten diese technischen Daten anonym und lediglich zu statistischen Zwecken aus, um unseren Internetauftritt st\u00e4ndig weiter optimieren und unsere Internetangebote noch attraktiver gestalten zu k\u00f6nnen. Diese Daten werden getrennt von anderen personenbezogenen Informationen auf gesicherten Systemen gespeichert. R\u00fcckschl\u00fcsse auf einzelne Person werden nicht gezogen.<\/p>\n<\/div>\n<div class=\"spacer solid\"><\/div>\n<div class=\"frame frame-default frame-type-text frame-layout-0\">\n<header>\n<h4 class=\"\">Cookies<\/h4>\n<\/header>\n<p class=\"bodytext\">Wenn Sie eine unserer Websites besuchen, kann es sein, dass wir Informationen in Form eines Cookies auf Ihrem Computer ablegen. Cookies sind kleine Text-Dateien, die von einem Webserver an Ihren Browser gesendet und auf die Festplatte Ihres Computers gespeichert werden.<\/p>\n<p class=\"bodytext\">Dabei werden au\u00dfer der Internetprotokoll\u2013Adresse keinerlei pers\u00f6nliche Daten des Nutzers gespeichert. Diese Informationen dienen dazu, Sie bei Ihrem n\u00e4chsten Besuch auf unseren Websites automatisch wiederzuerkennen und Ihnen die Navigation zu erleichtern. Cookies erlauben es uns beispielsweise, eine Website Ihren Interessen anzupassen oder Ihr Kennwort zu speichern, damit Sie es nicht jedes Mal neu eingeben m\u00fcssen.<\/p>\n<p class=\"bodytext\">Selbstverst\u00e4ndlich k\u00f6nnen Sie unsere Websites auch ohne Cookies betrachten. Wenn Sie nicht m\u00f6chten, dass wir Ihren Computer wiedererkennen, k\u00f6nnen Sie das Speichern von Cookies auf Ihrer Festplatte verhindern, indem Sie in Ihren Browser-Einstellungen &#8222;keine Cookies akzeptieren&#8220; w\u00e4hlen. Wie das im Einzelnen funktioniert, entnehmen Sie bitte der Anleitung Ihres Browser-Herstellers. Wenn Sie keine Cookies akzeptieren, kann dieses aber zu Funktionseinschr\u00e4nkungen unserer Angebote f\u00fchren.<\/p>\n<div class=\"frame frame-default frame-type-text frame-layout-0\">\n<header>\n<h4 class=\"\">Kontaktaufnahme<\/h4>\n<\/header>\n<p class=\"bodytext\">Bei der Kontaktaufnahme mit unserer Schule (zum Beispiel per Kontaktformular oder E-Mail) werden die Angaben des Nutzers zwecks Bearbeitung der Anfrage sowie f\u00fcr den Fall, dass Anschlussfragen entstehen, gespeichert.<\/p>\n<div class=\"frame frame-default frame-type-text frame-layout-0\">\n<header>\n<h4 class=\"\">Sicherheit<\/h4>\n<\/header>\n<p class=\"bodytext\">Wir haben technische und organisatorische Sicherheitsma\u00dfnahmen getroffen, um Ihre personenbezogenen Daten vor Verlust, Zerst\u00f6rung, Manipulation und unberechtigtem Zugriff zu sch\u00fctzen.<\/p>\n<p class=\"bodytext\">Alle unserer Mitarbeiter und alle an der Datenverarbeitung beteiligten Personen sind zur Einhaltung der Datenschutzgrundverordnung (DSGVO) und anderer datenschutzrelevanter Gesetze und den vertraulichen Umgang mit personenbezogenen Daten verpflichtet.<\/p>\n<p class=\"bodytext\">Unsere Sicherungsma\u00dfnahmen werden entsprechend der technologischen Entwicklung fortlaufend \u00fcberarbeitet.<\/p>\n<\/div>\n<div class=\"spacer solid\"><\/div>\n<div class=\"frame frame-default frame-type-text frame-layout-0\">\n<header>\n<h4 class=\"\">\u00c4nderung unserer Datenschutzbestimmungen<\/h4>\n<\/header>\n<p class=\"bodytext\">Wir behalten uns das Recht vor, unsere Sicherheits- und Datenschutzma\u00dfnahmen zu ver\u00e4ndern, soweit dies wegen der technischen Entwicklung erforderlich wird. In diesen F\u00e4llen werden wir auch unsere Hinweise zum Datenschutz entsprechend anpassen. Bitte beachten Sie daher die jeweils aktuelle Version unserer Datenschutzerkl\u00e4rung.<\/p>\n<\/div>\n<div class=\"spacer solid\"><\/div>\n<div class=\"frame frame-default frame-type-text frame-layout-0\">\n<header>\n<h4 class=\"\">Links<\/h4>\n<\/header>\n<p class=\"bodytext\">Sofern Sie externe Links nutzen, die im Rahmen unserer Internetseiten angeboten werden, erstreckt sich diese Datenschutzerkl\u00e4rung nicht auf diese Links. Insofern wir Links anbieten, versichern wir, dass zum Zeitpunkt der Link-Setzung keine Verst\u00f6\u00dfe gegen geltendes Recht auf den verlinkten Internetseiten erkennbar waren. Wir haben jedoch keinen Einfluss auf die Einhaltung der Datenschutz- und Sicherheitsbestimmungen durch andere Anbieter. Informieren Sie sich deshalb bitte auf den Internetseiten der anderen Anbieter auch \u00fcber die dort bereitgestellten Datenschutzerkl\u00e4rungen.<\/p>\n<\/div>\n<div class=\"spacer solid\"><\/div>\n<div class=\"frame frame-default frame-type-text frame-layout-0\">\n<header>\n<h4 class=\"\">Datenschutzrechte<\/h4>\n<\/header>\n<p>Sie k\u00f6nnen jederzeit Auskunft \u00fcber die von uns \u00fcber Sie gespeicherten Daten bekommen (Recht auf Auskunft).<br \/>\nDes Weiteren haben Sie das Recht auf Berichtigung, das Recht auf L\u00f6schung\/Vergessenwerden, das Recht auf Einschr\u00e4nkung der Verarbeitung, das Recht auf Daten\u00fcbertragbarkeit sowie das Recht auf Beschwerde bei einer Aufsichtsbeh\u00f6rde.<\/p>\n<p class=\"ox-2c8ed40614-MsoNormal\">Anfragen bez\u00fcglich des Datenschutz bitte per Email an: datenschutzbeauftragter@wg-west.de<\/p>\n<p class=\"ox-2c8ed40614-MsoNormal\">\n<\/div>\n<\/div>\n<\/div>","protected":false},"excerpt":{"rendered":"<p>Der Schutz Ihrer Daten ist unser Anliegen Wir freuen uns \u00fcber Ihr Interesse an unserer Schule und unseren Dienstleistungen und m\u00f6chten, dass Sie sich beim Besuch unserer Internetseiten auch hinsichtlich&#8230;<\/p>","protected":false},"author":1,"featured_media":0,"parent":0,"menu_order":0,"comment_status":"closed","ping_status":"closed","template":"","meta":{"footnotes":""},"class_list":["post-993","page","type-page","status-publish"],"_links":{"self":[{"href":"http:\/\/www.wg-west.de\/de_ls\/wp-json\/wp\/v2\/pages\/993","targetHints":{"allow":["GET"]}}],"collection":[{"href":"http:\/\/www.wg-west.de\/de_ls\/wp-json\/wp\/v2\/pages"}],"about":[{"href":"http:\/\/www.wg-west.de\/de_ls\/wp-json\/wp\/v2\/types\/page"}],"author":[{"embeddable":true,"href":"http:\/\/www.wg-west.de\/de_ls\/wp-json\/wp\/v2\/users\/1"}],"replies":[{"embeddable":true,"href":"http:\/\/www.wg-west.de\/de_ls\/wp-json\/wp\/v2\/comments?post=993"}],"version-history":[{"count":5,"href":"http:\/\/www.wg-west.de\/de_ls\/wp-json\/wp\/v2\/pages\/993\/revisions"}],"predecessor-version":[{"id":3519,"href":"http:\/\/www.wg-west.de\/de_ls\/wp-json\/wp\/v2\/pages\/993\/revisions\/3519"}],"wp:attachment":[{"href":"http:\/\/www.wg-west.de\/de_ls\/wp-json\/wp\/v2\/media?parent=993"}],"curies":[{"name":"wp","href":"https:\/\/api.w.org\/{rel}","templated":true}]}}