{"id":991,"date":"2018-05-17T10:57:56","date_gmt":"2018-05-17T08:57:56","guid":{"rendered":"http:\/\/www.wg-west.de\/?page_id=991"},"modified":"2025-01-18T09:53:12","modified_gmt":"2025-01-18T08:53:12","slug":"impressum","status":"publish","type":"page","link":"http:\/\/www.wg-west.de\/de_ls\/impressum\/","title":{"rendered":"Impressum"},"content":{"rendered":"<div id=\"fws_69e212a1f055d\"  data-column-margin=\"default\" data-midnight=\"dark\"  class=\"wpb_row vc_row-fluid vc_row\"  style=\"padding-top: 0px; padding-bottom: 0px; \"><div class=\"row-bg-wrap\" data-bg-animation=\"none\" data-bg-animation-delay=\"\" data-bg-overlay=\"false\"><div class=\"inner-wrap row-bg-layer\" ><div class=\"row-bg viewport-desktop\"  style=\"\"><\/div><\/div><\/div><div class=\"row_col_wrap_12 col span_12 dark left\">\n\t<div  class=\"vc_col-sm-12 wpb_column column_container vc_column_container col no-extra-padding inherit_tablet inherit_phone\"  data-padding-pos=\"all\" data-has-bg-color=\"false\" data-bg-color=\"\" data-bg-opacity=\"1\" data-animation=\"\" data-delay=\"0\" >\n\t\t<div class=\"vc_column-inner\" >\n\t\t\t<div class=\"wpb_wrapper\">\n\t\t\t\t\n<div class=\"wpb_text_column wpb_content_element\" >\n\t<h2><strong>Angaben gem\u00e4\u00df \u00a7 5 TMG (Telemediengesetz):<\/strong><\/h2>\n<p>Land Baden W\u00fcrttemberg<br \/>\nvertreten durch Wirtschaftsgymnasium West Stuttgart<\/p>\n<p>Roteb\u00fchlstra\u00dfe 101<br \/>\n70178 Stuttgart<\/p>\n<p>Vertretungsberechtigte: Birte Reiser, Email: <a href=\"mailto:Birte.Reiser@stuttgart.de\">Birte.Reiser@stuttgart.d<\/a>e<\/p>\n<h2><strong>Kontakt<\/strong><\/h2>\n<p>Mo \u2013 Fr: 8 \u2013 12 Uhr<br \/>\nMo \u2013 Do: 13 \u2013 15 Uhr<br \/>\nTelefon: 07 11 21 63 40 50<br \/>\nFax: 07 11 23 63 40 52\u00a0<span id=\"cloakc0654ceed5f13e8439dcab44b80315cc\"><br \/>\nE-Mail:\u00a0<a href=\"mailto:wg-west@stuttgart.de\" target=\"_blank\" rel=\"noopener noreferrer\">wg-west@stuttgart.de<\/a><\/span><\/p>\n<h2><strong>Verantwortlich f\u00fcr den Inhalt nach \u00a7 55 Abs. 2 RStV:<\/strong><\/h2>\n<p>Wirtschaftsgymnasium West Stuttgart<br \/>\nRoteb\u00fchlstr. 101, 70178 Stuttgart<br \/>\nTelefon-Nr. 0711 216-34050<br \/>\nTelefax-Nr. 0711 216-34052<\/p>\n<p><strong>Inhalte der Website:<\/strong><\/p>\n<p>Birte Reiser, E-Mail: <a href=\"mailto:Birte.Reiser@stuttgart.de\">Birte.Reiser@stuttgart.de<\/a><\/p>\n<p><strong>Redaktionelle Verantwortung:<\/strong><\/p>\n<p>Jessica Giesel, E-Mail: <a class=\"\" href=\"mailto:homepage@wg-west.de\">homepage@wg-west.de<\/a><\/p>\n<p><strong>Verantwortlicher fu\u0308r die Schulzeitung West Live<\/strong><\/p>\n<p>Birte Reiser, E-Mail: <a href=\"mailto:Birte.Reiser@stuttgart.de\">Birte.Reiser@stuttgart.de<\/a><\/p>\n<div id=\"c405\">\n<h2><strong>Haftungsausschluss (Disclaimer)<\/strong><\/h2>\n<p><strong>Haftung f\u00fcr Inhalte<\/strong><\/p>\n<p>Als Diensteanbieter sind wir gem\u00e4\u00df \u00a7 7 Abs.1 TMG f\u00fcr eigene Inhalte auf diesen Seiten nach den allgemeinen Gesetzen verantwortlich. Nach \u00a7\u00a7 8 bis 10 TMG sind wir als Diensteanbieter jedoch nicht verpflichtet, \u00fcbermittelte oder gespeicherte fremde Informationen zu \u00fcberwachen oder nach Umst\u00e4nden zu forschen, die auf eine rechtswidrige T\u00e4tigkeit hinweisen. Verpflichtungen zur Entfernung oder Sperrung der Nutzung von Informationen nach den allgemeinen Gesetzen bleiben hiervon unber\u00fchrt. Eine diesbez\u00fcgliche Haftung ist jedoch erst ab dem Zeitpunkt der Kenntnis einer konkreten Rechtsverletzung m\u00f6glich. Bei Bekanntwerden von entsprechenden Rechtsverletzungen werden wir diese Inhalte umgehend entfernen.<\/p>\n<p><strong>Haftung f\u00fcr Links<\/strong><\/p>\n<p>Unser Angebot enth\u00e4lt Links zu externen Webseiten Dritter, auf deren Inhalte wir keinen Einfluss haben. Deshalb k\u00f6nnen wir f\u00fcr diese fremden Inhalte auch keine Gew\u00e4hr \u00fcbernehmen. F\u00fcr die Inhalte der verlinkten Seiten ist stets der jeweilige Anbieter oder Betreiber der Seiten verantwortlich. Die verlinkten Seiten wurden zum Zeitpunkt der Verlinkung auf m\u00f6gliche Rechtsverst\u00f6\u00dfe \u00fcberpr\u00fcft. Rechtswidrige Inhalte waren zum Zeitpunkt der Verlinkung nicht erkennbar. Eine permanente inhaltliche Kontrolle der verlinkten Seiten ist jedoch ohne konkrete Anhaltspunkte einer Rechtsverletzung nicht zumutbar. Bei Bekanntwerden von Rechtsverletzungen werden wir derartige Links umgehend entfernen.<\/p>\n<p><strong>Urheberrecht<\/strong><\/p>\n<p>Die durch die Seitenbetreiber erstellten Inhalte und Werke auf diesen Seiten unterliegen dem deutschen Urheberrecht. Die Vervielf\u00e4ltigung, Bearbeitung, Verbreitung und jede Art der Verwertung au\u00dferhalb der Grenzen des Urheberrechtes bed\u00fcrfen der schriftlichen Zustimmung des jeweiligen Autors bzw. Erstellers. Downloads und Kopien dieser Seite sind nur f\u00fcr den privaten, nicht kommerziellen Gebrauch gestattet. Soweit die Inhalte auf dieser Seite nicht vom Betreiber erstellt wurden, werden die Urheberrechte Dritter beachtet. Insbesondere werden Inhalte Dritter als solche gekennzeichnet. Sollten Sie trotzdem auf eine Urheberrechtsverletzung aufmerksam werden, bitten wir um einen entsprechenden Hinweis. Bei Bekanntwerden von Rechtsverletzungen werden wir derartige Inhalte umgehend entfernen.<\/p>\n<\/div>\n<div id=\"c408\">\n<p><strong>Datenschutz<\/strong><\/p>\n<p>Die Nutzung unserer Webseite ist in der Regel ohne Angabe personenbezogener Daten m\u00f6glich. Soweit auf unseren Seiten personenbezogene Daten (beispielsweise Name, Anschrift oder eMail-Adressen) erhoben werden, erfolgt dies, soweit m\u00f6glich, stets auf freiwilliger Basis. Diese Daten werden ohne Ihre ausdr\u00fcckliche Zustimmung nicht an Dritte weitergegeben.<\/p>\n<p>Wir weisen darauf hin, dass die Daten\u00fcbertragung im Internet (z.B. bei der Kommunikation per E-Mail) Sicherheitsl\u00fccken aufweisen kann. Ein l\u00fcckenloser Schutz der Daten vor dem Zugriff durch Dritte ist nicht m\u00f6glich.<\/p>\n<p>Der Nutzung von im Rahmen der Impressumspflicht ver\u00f6ffentlichten Kontaktdaten durch Dritte zur \u00dcbersendung von nicht ausdr\u00fccklich angeforderter Werbung und Informationsmaterialien wird hiermit ausdr\u00fccklich widersprochen. Die Betreiber der Seiten behalten sich ausdr\u00fccklich rechtliche Schritte im Falle der unverlangten Zusendung von Werbeinformationen, etwa durch Spam-Mails, vor.<\/p>\n<\/div>\n<\/div>\n\n\n\n\n\t\t\t<\/div> \n\t\t<\/div>\n\t<\/div> \n<\/div><\/div>","protected":false},"excerpt":{"rendered":"Angaben gem\u00e4\u00df \u00a7 5 TMG (Telemediengesetz): Land Baden W\u00fcrttemberg vertreten durch Wirtschaftsgymnasium West Stuttgart Roteb\u00fchlstra\u00dfe 101 70178 Stuttgart Vertretungsberechtigte: Birte Reiser, Email: Birte.Reiser@stuttgart.de Kontakt Mo \u2013 Fr: 8 \u2013 12...","protected":false},"author":1,"featured_media":0,"parent":0,"menu_order":0,"comment_status":"closed","ping_status":"closed","template":"","meta":{"footnotes":""},"class_list":["post-991","page","type-page","status-publish"],"_links":{"self":[{"href":"http:\/\/www.wg-west.de\/de_ls\/wp-json\/wp\/v2\/pages\/991","targetHints":{"allow":["GET"]}}],"collection":[{"href":"http:\/\/www.wg-west.de\/de_ls\/wp-json\/wp\/v2\/pages"}],"about":[{"href":"http:\/\/www.wg-west.de\/de_ls\/wp-json\/wp\/v2\/types\/page"}],"author":[{"embeddable":true,"href":"http:\/\/www.wg-west.de\/de_ls\/wp-json\/wp\/v2\/users\/1"}],"replies":[{"embeddable":true,"href":"http:\/\/www.wg-west.de\/de_ls\/wp-json\/wp\/v2\/comments?post=991"}],"version-history":[{"count":17,"href":"http:\/\/www.wg-west.de\/de_ls\/wp-json\/wp\/v2\/pages\/991\/revisions"}],"predecessor-version":[{"id":5768,"href":"http:\/\/www.wg-west.de\/de_ls\/wp-json\/wp\/v2\/pages\/991\/revisions\/5768"}],"wp:attachment":[{"href":"http:\/\/www.wg-west.de\/de_ls\/wp-json\/wp\/v2\/media?parent=991"}],"curies":[{"name":"wp","href":"https:\/\/api.w.org\/{rel}","templated":true}]}}