{"id":60,"date":"2017-07-06T14:03:15","date_gmt":"2017-07-06T12:03:15","guid":{"rendered":"http:\/\/www.wg-west.de\/cms\/?page_id=60"},"modified":"2026-02-26T06:50:21","modified_gmt":"2026-02-26T05:50:21","slug":"kontakt","status":"publish","type":"page","link":"http:\/\/www.wg-west.de\/de_ls\/kontakt\/","title":{"rendered":"Kontakt"},"content":{"rendered":"<div id=\"fws_69e4a4f169e07\"  data-column-margin=\"default\" data-midnight=\"dark\" data-top-percent=\"6%\" data-bottom-percent=\"0%\"  class=\"wpb_row vc_row-fluid vc_row\"  style=\"padding-top: calc(100vw * 0.06); padding-bottom: calc(100vw * 0.00); \"><div class=\"row-bg-wrap\" data-bg-animation=\"none\" data-bg-animation-delay=\"\" data-bg-overlay=\"false\"><div class=\"inner-wrap row-bg-layer\" ><div class=\"row-bg viewport-desktop\"  style=\"\"><\/div><\/div><\/div><div class=\"row_col_wrap_12 col span_12 dark left\">\n\t<div  class=\"vc_col-sm-12 wpb_column column_container vc_column_container col no-extra-padding inherit_tablet inherit_phone flex_gap_desktop_10px\"  data-padding-pos=\"all\" data-has-bg-color=\"false\" data-bg-color=\"\" data-bg-opacity=\"1\" data-animation=\"\" data-delay=\"0\" >\n\t\t<div class=\"vc_column-inner\" >\n\t\t\t<div class=\"wpb_wrapper\">\n\t\t\t\t\n<div class=\"wpb_text_column wpb_content_element  wpb_animate_when_almost_visible wpb_fadeIn fadeIn\" >\n\t<h1 style=\"text-align: center;\">Kontakt und Anfahrt<\/h1>\n<\/div>\n\n\n\n<div class=\"divider-wrap\" data-alignment=\"default\"><div style=\"height: 20px;\" class=\"divider\"><\/div><\/div><div id=\"fws_69e4a4f16ade9\" data-midnight=\"\" data-column-margin=\"default\" class=\"wpb_row vc_row-fluid vc_row inner_row\"  style=\"\"><div class=\"row-bg-wrap\"> <div class=\"row-bg\" ><\/div> <\/div><div class=\"row_col_wrap_12_inner col span_12  left\">\n\t<div  class=\"vc_col-sm-12 wpb_column column_container vc_column_container col child_column no-extra-padding inherit_tablet inherit_phone flex_gap_desktop_10px\"   data-padding-pos=\"all\" data-has-bg-color=\"false\" data-bg-color=\"\" data-bg-opacity=\"1\" data-animation=\"\" data-delay=\"0\" >\n\t\t<div class=\"vc_column-inner\" >\n\t\t<div class=\"wpb_wrapper\">\n\t\t\t\n<div class=\"wpb_text_column wpb_content_element  wpb_animate_when_almost_visible wpb_fadeIn fadeIn\" >\n\t<h4>Adresse<\/h4>\n<p>Wirtschaftsgymnasium West Stuttgart<br \/>\nRoteb\u00fchlstra\u00dfe 101<br \/>\n70178 Stuttgart<\/p>\n<h4>\u00d6ffnungszeiten<\/h4>\n<p>Mo - Fr: 8 - 12 Uhr<br \/>\nMo &#8211; Do: 13 &#8211; 15 Uhr<\/p>\n<p class=\"translation-block\">In den Ferien und an Br\u00fcckentagen hat die Schule zu anderen Zeiten ge\u00f6ffnet. Bitte rufen Sie uns dann an!<\/p>\n<\/div>\n\n\n\n<div class=\"team-member\" data-style=\"meta_below\"><img decoding=\"async\" alt=\"\" src=\"https:\/\/www.wg-west.de\/cms\/wp-content\/uploads\/2025\/11\/Datei-191-Sekretariat-scaled.jpg\" title=\"Frau Seeberger, Frau Kr\u00fcger &amp; Frau Ortloff\" \/><h4 class=\"light\">Frau Seeberger, Frau Kr\u00fcger &amp; Frau Ortloff<\/h4><div class=\"position\">Die drei Sekret\u00e4rinnen am WG-West<\/div><p class=\"description\"><\/p><\/div>\n<div class=\"wpb_text_column wpb_content_element  wpb_animate_when_almost_visible wpb_fadeIn fadeIn\" >\n\t<h4>Telefon, Fax, Mail<\/h4>\n<p>Telefon: 07 11 21 63 40 50<br \/>\nFax: 07 11 23 63 40 52<span id=\"cloakc0654ceed5f13e8439dcab44b80315cc\"><br \/>\nE-Mail:\u00a0<a href=\"mailto:wg-west@stuttgart.de\" target=\"_blank\" rel=\"noopener noreferrer\">wg-west@stuttgart.de<\/a><\/span><\/p>\n<h4>Macht unsere Internet-Seite:<\/h4>\n<p>Steffen Bittner, E-Mail: <a class=\"\" href=\"mailto:homepage@wg-west.de\">homepage@wg-west.de<\/a><\/p>\n<h4>Unser Instagram-Kanal<\/h4>\n<p><a href=\"https:\/\/www.instagram.com\/wirtschaftsgymnasium_west\/\">Link<\/a> zu unserem Auftritt bei Instagram<\/p>\n<h4><a href=\"https:\/\/www.instagram.com\/wirtschaftsgymnasium_west\/\"><img loading=\"lazy\" decoding=\"async\" class=\"alignnone wp-image-3310 size-full\" src=\"https:\/\/www.wg-west.de\/cms\/wp-content\/uploads\/2023\/08\/Instagram_Logo.jpg\" alt=\"\" width=\"150\" height=\"150\" srcset=\"https:\/\/www.wg-west.de\/cms\/wp-content\/uploads\/2023\/08\/Instagram_Logo.jpg 150w, https:\/\/www.wg-west.de\/cms\/wp-content\/uploads\/2023\/08\/Instagram_Logo-100x100.jpg 100w, https:\/\/www.wg-west.de\/cms\/wp-content\/uploads\/2023\/08\/Instagram_Logo-140x140.jpg 140w\" sizes=\"auto, (max-width: 150px) 100vw, 150px\" \/><\/a><\/h4>\n<h4>Anfahrt<\/h4>\n<p class=\"translation-block\">Das Wirtschaftsgymnasium West kann man mit der S-Bahn gut erreichen. Die Haltestelle \"Feuersee\" ist ganz in der N\u00e4he. Hier halten alle S-Bahn-Linien.<\/p>\n<\/div>\n\n\n\n\n\t\t<\/div> \n\t<\/div>\n\t<\/div> \n<\/div><\/div><div class=\"divider-wrap\" data-alignment=\"default\"><div style=\"margin-top: 40px; height: 1px; margin-bottom: 40px;\" data-width=\"100%\" data-animate=\"\" data-animation-delay=\"\" data-color=\"default\" class=\"divider-border\"><\/div><\/div>\n<div class=\"wpb_text_column wpb_content_element\" >\n\t<div class=\"BorlabsCookie _brlbs-cb-googlemaps\"><div class=\"_brlbs-content-blocker\"> <div class=\"_brlbs-embed _brlbs-google-maps\"> <img decoding=\"async\" class=\"_brlbs-thumbnail\" src=\"http:\/\/www.wg-west.de\/cms\/wp-content\/plugins\/borlabs-cookie\/assets\/images\/cb-maps.png\" alt=\"Google Maps\"> <div class=\"_brlbs-caption\"> <p>Mit dem Laden der Karte akzeptieren Sie die Datenschutzerkl\u00e4rung von Google.<br><a href=\"https:\/\/policies.google.com\/privacy\" target=\"_blank\" rel=\"nofollow noopener noreferrer\">Mehr erfahren<\/a><\/p> <p><a class=\"_brlbs-btn\" href=\"#\" data-borlabs-cookie-unblock role=\"button\">Karte laden<\/a><\/p> <p><label><input type=\"checkbox\" name=\"unblockAll\" value=\"1\" checked> <small>Google Maps immer entsperren<\/small><\/label><\/p> <\/div> <\/div> <\/div><div class=\"borlabs-hide\" data-borlabs-cookie-type=\"content-blocker\" data-borlabs-cookie-id=\"googlemaps\"><script type=\"text\/template\"><\/script><\/div><\/div>\n<\/div>\n\n\n\n<div id=\"map_69e4a4f16c689\" style=\"height: 600px;\" class=\"nectar-google-map\" data-infowindow-start-open=\"\" data-dark-color-scheme=\"\" data-marker-style=\"default\" data-nectar-marker-color=\"accent-color\" data-ultra-flat=\"\" data-greyscale=\"\" data-extra-color=\"\" data-enable-animation=\"1\" data-enable-zoom=\"1\" data-zoom-level=\"16\" data-center-lat=\"48.771316179423\" data-center-lng=\"9.161568253115712\" data-marker-img=\"\"><\/div><div class=\"map_69e4a4f16c689 map-marker-list\"><div class=\"map-marker\" data-marker-image-width=\"50\" data-marker-image-height=\"50\" data-lat=\"48.771316179423 \" data-lng=\" 9.161818132545948 \" data-mapinfo=\" Wirtschaftsgymnasium West\"><\/div><\/div>\n\t\t\t<\/div> \n\t\t<\/div>\n\t<\/div> \n\n\t<div  class=\"vc_col-sm-12 wpb_column column_container vc_column_container col no-extra-padding inherit_tablet inherit_phone flex_gap_desktop_10px\"  data-padding-pos=\"all\" data-has-bg-color=\"false\" data-bg-color=\"\" data-bg-opacity=\"1\" data-animation=\"\" data-delay=\"0\" >\n\t\t<div class=\"vc_column-inner\" >\n\t\t\t<div class=\"wpb_wrapper\">\n\t\t\t\t<div id=\"fws_69e4a4f16cc64\" data-midnight=\"\" data-column-margin=\"default\" class=\"wpb_row vc_row-fluid vc_row inner_row\"  style=\"\"><div class=\"row-bg-wrap\"> <div class=\"row-bg\" ><\/div> <\/div><div class=\"row_col_wrap_12_inner col span_12  left\">\n\t<div  class=\"vc_col-sm-12 wpb_column column_container vc_column_container col child_column no-extra-padding inherit_tablet inherit_phone flex_gap_desktop_10px\"   data-padding-pos=\"all\" data-has-bg-color=\"false\" data-bg-color=\"\" data-bg-opacity=\"1\" data-animation=\"\" data-delay=\"0\" >\n\t\t<div class=\"vc_column-inner\" >\n\t\t<div class=\"wpb_wrapper\">\n\t\t\t\n\t\t<\/div> \n\t<\/div>\n\t<\/div> \n<\/div><\/div>\n\t\t\t<\/div> \n\t\t<\/div>\n\t<\/div> \n<\/div><\/div>","protected":false},"excerpt":{"rendered":"Kontakt und Anfahrt Adresse Wirtschaftsgymnasium West Stuttgart Roteb\u00fchlstra\u00dfe 101 70178 Stuttgart \u00d6ffnungszeiten Mo - Fr: 8 - 12 Uhr Mo - Do: 13 - 15 Uhr W\u00e4hrend den Ferienzeiten und...","protected":false},"author":1,"featured_media":0,"parent":0,"menu_order":0,"comment_status":"closed","ping_status":"closed","template":"","meta":{"footnotes":""},"class_list":["post-60","page","type-page","status-publish"],"_links":{"self":[{"href":"http:\/\/www.wg-west.de\/de_ls\/wp-json\/wp\/v2\/pages\/60","targetHints":{"allow":["GET"]}}],"collection":[{"href":"http:\/\/www.wg-west.de\/de_ls\/wp-json\/wp\/v2\/pages"}],"about":[{"href":"http:\/\/www.wg-west.de\/de_ls\/wp-json\/wp\/v2\/types\/page"}],"author":[{"embeddable":true,"href":"http:\/\/www.wg-west.de\/de_ls\/wp-json\/wp\/v2\/users\/1"}],"replies":[{"embeddable":true,"href":"http:\/\/www.wg-west.de\/de_ls\/wp-json\/wp\/v2\/comments?post=60"}],"version-history":[{"count":42,"href":"http:\/\/www.wg-west.de\/de_ls\/wp-json\/wp\/v2\/pages\/60\/revisions"}],"predecessor-version":[{"id":8606,"href":"http:\/\/www.wg-west.de\/de_ls\/wp-json\/wp\/v2\/pages\/60\/revisions\/8606"}],"wp:attachment":[{"href":"http:\/\/www.wg-west.de\/de_ls\/wp-json\/wp\/v2\/media?parent=60"}],"curies":[{"name":"wp","href":"https:\/\/api.w.org\/{rel}","templated":true}]}}