{"id":35,"date":"2017-07-06T13:02:10","date_gmt":"2017-07-06T11:02:10","guid":{"rendered":"http:\/\/www.wg-west.de\/cms\/?page_id=35"},"modified":"2024-12-15T21:48:33","modified_gmt":"2024-12-15T20:48:33","slug":"foerderverein","status":"publish","type":"page","link":"http:\/\/www.wg-west.de\/de_ls\/schulgemeinschaft\/foerderverein\/","title":{"rendered":"F\u00f6rder-Verein"},"content":{"rendered":"<div id=\"fws_69e4fdf33c911\"  data-column-margin=\"default\" data-midnight=\"dark\" data-top-percent=\"3%\" data-bottom-percent=\"0%\"  class=\"wpb_row vc_row-fluid vc_row\"  style=\"padding-top: calc(100vw * 0.03); padding-bottom: calc(100vw * 0.00); \"><div class=\"row-bg-wrap\" data-bg-animation=\"none\" data-bg-animation-delay=\"\" data-bg-overlay=\"false\"><div class=\"inner-wrap row-bg-layer\" ><div class=\"row-bg viewport-desktop\"  style=\"\"><\/div><\/div><\/div><div class=\"row_col_wrap_12 col span_12 dark left\">\n\t<div  class=\"vc_col-sm-12 wpb_column column_container vc_column_container col no-extra-padding inherit_tablet inherit_phone\"  data-padding-pos=\"all\" data-has-bg-color=\"false\" data-bg-color=\"\" data-bg-opacity=\"1\" data-animation=\"\" data-delay=\"0\" >\n\t\t<div class=\"vc_column-inner\" >\n\t\t\t<div class=\"wpb_wrapper\">\n\t\t\t\t\n<div class=\"wpb_text_column wpb_content_element  wpb_animate_when_almost_visible wpb_fadeIn fadeIn vc_custom_1502284439941\" >\n\t<h1 style=\"text-align: center;\">F\u00f6rder-Verein<\/h1>\n<h1><\/h1>\n<h1><\/h1>\n<\/div>\n\n\n\n<div class=\"divider-wrap\" data-alignment=\"default\"><div style=\"height: 20px;\" class=\"divider\"><\/div><\/div><div id=\"fws_69e4fdf33d835\" data-midnight=\"\" data-column-margin=\"default\" class=\"wpb_row vc_row-fluid vc_row inner_row\"  style=\"\"><div class=\"row-bg-wrap\"> <div class=\"row-bg\" ><\/div> <\/div><div class=\"row_col_wrap_12_inner col span_12  left\">\n\t<div  class=\"vc_col-sm-3 wpb_column column_container vc_column_container col child_column has-animation no-extra-padding inherit_tablet inherit_phone\"   data-padding-pos=\"all\" data-has-bg-color=\"false\" data-bg-color=\"\" data-bg-opacity=\"1\" data-animation=\"fade-in\" data-delay=\"0\" >\n\t\t<div class=\"vc_column-inner\" >\n\t\t<div class=\"wpb_wrapper\">\n\t\t\t\n\t\t<\/div> \n\t<\/div>\n\t<\/div> \n\n\t<div  class=\"vc_col-sm-6 wpb_column column_container vc_column_container col child_column no-extra-padding inherit_tablet inherit_phone\"   data-padding-pos=\"all\" data-has-bg-color=\"false\" data-bg-color=\"\" data-bg-opacity=\"1\" data-animation=\"\" data-delay=\"0\" >\n\t\t<div class=\"vc_column-inner\" >\n\t\t<div class=\"wpb_wrapper\">\n\t\t\t\n<div class=\"wpb_text_column wpb_content_element\" >\n\t<p style=\"text-align: left;\" class=\"translation-block\">Vereine sind Gruppen von Menschen.\nDie Menschen wollen etwas Gutes f\u00fcr andere Menschen machen.\n\nDer Verein hei\u00dft: VHH.\nVHH ist eine kurze Form von: Verein f\u00fcr die H\u00f6here Handels-Schule und das Wirtschafts-Gymnasium Stuttgart e.V.\nDen Verein gibt es seit 1870.\n\nDer VHH ist ein gemeinn\u00fctziger Verein.\nDas hei\u00dft: VHH hilft anderen Menschen, VHH bekommt kein Geld daf\u00fcr, VHH muss keine Steuern zahlen.\n\nSie k\u00f6nnen Geld an VHH spenden.<\/p>\n<\/div>\n\n\n\n\n\t\t<\/div> \n\t<\/div>\n\t<\/div> \n\n\t<div  class=\"vc_col-sm-3 wpb_column column_container vc_column_container col child_column no-extra-padding inherit_tablet inherit_phone\"   data-padding-pos=\"all\" data-has-bg-color=\"false\" data-bg-color=\"\" data-bg-opacity=\"1\" data-animation=\"\" data-delay=\"0\" >\n\t\t<div class=\"vc_column-inner\" >\n\t\t<div class=\"wpb_wrapper\">\n\t\t\t\n\t\t<\/div> \n\t<\/div>\n\t<\/div> \n<\/div><\/div><div class=\"divider-wrap\" data-alignment=\"default\"><div style=\"margin-top: 50px; height: 1px; margin-bottom: 50px;\" data-width=\"100%\" data-animate=\"\" data-animation-delay=\"\" data-color=\"default\" class=\"divider-border\"><\/div><\/div><div id=\"fws_69e4fdf33e632\" data-midnight=\"\" data-column-margin=\"default\" class=\"wpb_row vc_row-fluid vc_row inner_row\"  style=\"\"><div class=\"row-bg-wrap\"> <div class=\"row-bg\" ><\/div> <\/div><div class=\"row_col_wrap_12_inner col span_12  left\">\n\t<div  class=\"vc_col-sm-6 wpb_column column_container vc_column_container col child_column has-animation no-extra-padding inherit_tablet inherit_phone\"   data-padding-pos=\"all\" data-has-bg-color=\"false\" data-bg-color=\"\" data-bg-opacity=\"1\" data-animation=\"fade-in\" data-delay=\"0\" >\n\t\t<div class=\"vc_column-inner\" >\n\t\t<div class=\"wpb_wrapper\">\n\t\t\t\n<div class=\"wpb_text_column wpb_content_element\" >\n\t<h2>Was will der Verein?<\/h2>\n<\/div>\n\n\n\n<div class=\"divider-wrap\" data-alignment=\"default\"><div style=\"height: 30px;\" class=\"divider\"><\/div><\/div>\n<div class=\"wpb_text_column wpb_content_element\" >\n\t<p>Die Schule soll mehr Angebote machen k\u00f6nnen.\nAber daf\u00fcr gibt es nicht genug Geld.\nDer Verein will die Schule mit Geld und Sachen unterst\u00fctzen.\nZum Beispiel: er will den Sch\u00fclern und Sch\u00fclerinnen mehr Angebote machen, er will bei der Entwicklung von der Schule mitmachen, er will Kontakte zwischen Firmen und der Schule herstellen.<\/p>\n<\/div>\n\n\n\n\n\t\t<\/div> \n\t<\/div>\n\t<\/div> \n\n\t<div  class=\"vc_col-sm-6 wpb_column column_container vc_column_container col child_column has-animation no-extra-padding inherit_tablet inherit_phone\"   data-padding-pos=\"all\" data-has-bg-color=\"false\" data-bg-color=\"\" data-bg-opacity=\"1\" data-animation=\"fade-in\" data-delay=\"0\" >\n\t\t<div class=\"vc_column-inner\" >\n\t\t<div class=\"wpb_wrapper\">\n\t\t\t\n<div class=\"wpb_text_column wpb_content_element\" >\n\t<h2>Was wir machen<\/h2>\n<\/div>\n\n\n\n<div class=\"divider-wrap\" data-alignment=\"default\"><div style=\"height: 30px;\" class=\"divider\"><\/div><\/div>\n<div class=\"wpb_text_column wpb_content_element\" >\n\t<ul>\n<li>Die Sch\u00fcler und Sch\u00fclerinnen m\u00fcssen etwas Gutes f\u00fcr andere Sch\u00fcler und Sch\u00fclerinnen tun. Dann bekommen sie einen Preis.<\/li>\n<li>Wir wollen den Lehrern und Lehrerinnen helfen.\nDaf\u00fcr machen wir: Kurse, Beratungen, Seminare, Veranstaltungen, Beratung bei Schulproblemen.<\/li>\n<li>Daf\u00fcr arbeiten wir mit dem Institut f\u00fcr Beratung und Entwicklung zusammen.<\/li>\n<\/ul>\n<\/div>\n\n\n\n\n\t\t<\/div> \n\t<\/div>\n\t<\/div> \n<\/div><\/div><div id=\"fws_69e4fdf33f313\" data-midnight=\"\" data-column-margin=\"default\" class=\"wpb_row vc_row-fluid vc_row inner_row\"  style=\"\"><div class=\"row-bg-wrap\"> <div class=\"row-bg\" ><\/div> <\/div><div class=\"row_col_wrap_12_inner col span_12  left\">\n\t<div  class=\"vc_col-sm-6 wpb_column column_container vc_column_container col child_column has-animation no-extra-padding inherit_tablet inherit_phone\"   data-padding-pos=\"all\" data-has-bg-color=\"false\" data-bg-color=\"\" data-bg-opacity=\"1\" data-animation=\"fade-in\" data-delay=\"0\" >\n\t\t<div class=\"vc_column-inner\" >\n\t\t<div class=\"wpb_wrapper\">\n\t\t\t\n<div class=\"wpb_text_column wpb_content_element\" >\n\t<p style=\"text-align: left;\"><strong>Hier finden Sie unseren aktuellen Flyer:<\/strong><\/p>\n<p style=\"text-align: left;\"><div class='w3eden'><!-- WPDM Link Template: Default Template -->\n\n<div class=\"link-template-default card mb-2\">\n    <div class=\"card-body\">\n        <div class=\"media\">\n            <div class=\"mr-3 img-48\"><img decoding=\"async\" class=\"wpdm_icon\" alt=\"Icon\" src=\"http:\/\/www.wg-west.de\/cms\/wp-content\/plugins\/download-manager\/assets\/file-type-icons\/pdf.svg\" \/><\/div>\n            <div class=\"media-body\">\n                <h3 class=\"package-title\"><a href='http:\/\/www.wg-west.de\/de_ls\/download\/vhh_flyer_aktuell_12_2024\/'>VHH_Flyer_Forderverein_aktuell<\/a><\/h3>\n                <div class=\"text-muted text-small\"><i class=\"fas fa-copy\"><\/i> 1 file(s) <i class=\"fas fa-hdd ml-3\"><\/i> 621.18 KB<\/div>\n            <\/div>\n            <div class=\"ml-3\">\n                <a class='wpdm-download-link download-on-click btn btn-primary' rel='nofollow' href='#' data-downloadurl=\"http:\/\/www.wg-west.de\/de_ls\/download\/vhh_flyer_aktuell_12_2024\/?wpdmdl=5694&refresh=69e4fdf343e061776614899\">Download<\/a>\n            <\/div>\n        <\/div>\n    <\/div>\n<\/div>\n\n<\/div>\n<p style=\"text-align: left;\"><div class='w3eden'><!-- WPDM Link Template: Default Template -->\n\n<div class=\"link-template-default card mb-2\">\n    <div class=\"card-body\">\n        <div class=\"media\">\n            <div class=\"mr-3 img-48\"><img decoding=\"async\" class=\"wpdm_icon\" alt=\"Icon\" src=\"http:\/\/www.wg-west.de\/cms\/wp-content\/plugins\/download-manager\/assets\/file-type-icons\/pdf.svg\" \/><\/div>\n            <div class=\"media-body\">\n                <h3 class=\"package-title\"><a href='http:\/\/www.wg-west.de\/de_ls\/download\/vhh-aufnahmeantrag\/'>VHH Beitrittserkl\u00e4rung<\/a><\/h3>\n                <div class=\"text-muted text-small\"><i class=\"fas fa-copy\"><\/i> 1 file(s) <i class=\"fas fa-hdd ml-3\"><\/i> 236.08 KB<\/div>\n            <\/div>\n            <div class=\"ml-3\">\n                <a class='wpdm-download-link download-on-click btn btn-primary' rel='nofollow' href='#' data-downloadurl=\"http:\/\/www.wg-west.de\/de_ls\/download\/vhh-aufnahmeantrag\/?wpdmdl=875&refresh=69e4fdf34e9581776614899\">Download<\/a>\n            <\/div>\n        <\/div>\n    <\/div>\n<\/div>\n\n<\/div>\n<\/div>\n\n\n\n\n\t\t<\/div> \n\t<\/div>\n\t<\/div> \n\n\t<div  class=\"vc_col-sm-6 wpb_column column_container vc_column_container col child_column has-animation no-extra-padding inherit_tablet inherit_phone\"   data-padding-pos=\"all\" data-has-bg-color=\"false\" data-bg-color=\"\" data-bg-opacity=\"1\" data-animation=\"fade-in\" data-delay=\"0\" >\n\t\t<div class=\"vc_column-inner\" >\n\t\t<div class=\"wpb_wrapper\">\n\t\t\t\n\t\t<\/div> \n\t<\/div>\n\t<\/div> \n<\/div><\/div><div class=\"divider-wrap\" data-alignment=\"default\"><div style=\"margin-top: 50px; height: 1px; margin-bottom: 50px;\" data-width=\"100%\" data-animate=\"\" data-animation-delay=\"\" data-color=\"default\" class=\"divider-border\"><\/div><\/div><div id=\"fws_69e4fdf356270\" data-midnight=\"\" data-column-margin=\"default\" class=\"wpb_row vc_row-fluid vc_row inner_row\"  style=\"\"><div class=\"row-bg-wrap\"> <div class=\"row-bg\" ><\/div> <\/div><div class=\"row_col_wrap_12_inner col span_12  left\">\n\t<div  class=\"vc_col-sm-6 wpb_column column_container vc_column_container col child_column has-animation no-extra-padding inherit_tablet inherit_phone\"   data-padding-pos=\"all\" data-has-bg-color=\"false\" data-bg-color=\"\" data-bg-opacity=\"1\" data-animation=\"fade-in\" data-delay=\"0\" >\n\t\t<div class=\"vc_column-inner\" >\n\t\t<div class=\"wpb_wrapper\">\n\t\t\t\n<div class=\"wpb_text_column wpb_content_element\" >\n\t<h2>Wie man mitmachen kann<\/h2>\n<\/div>\n\n\n\n<div class=\"divider-wrap\" data-alignment=\"default\"><div style=\"height: 30px;\" class=\"divider\"><\/div><\/div>\n<div class=\"wpb_text_column wpb_content_element\" >\n\t<p>Sie k\u00f6nnen Mitglied werden.\nSie m\u00fcssen ein Formular ausf\u00fcllen.\nDer Verein entscheidet, ob man aufgenommen wird.<\/p>\n<p>Der Beitrag f\u00fcr ein Jahr ist: Euro 25, - f\u00fcr Einzelmitglieder, Euro 25, - f\u00fcr Familien-Mitglieder, Euro 25, - f\u00fcr Firmen-Mitglieder, Euro 5, - f\u00fcr Sch\u00fcler und Studierende und Auszubildende.<\/p>\n<p>Wir freuen uns, wenn Sie uns helfen.\nDaf\u00fcr herzlichen Dank!<\/p>\n<h4>Schulanschrift<\/h4>\n<p>Wirtschaftsgymnasium West<br \/>\nRoteb\u00fchlstra\u00dfe 101<br \/>\n70178 Stuttgart<br \/>\nTelefon: 07 11 21 63 40 50<br \/>\nFax: 07 11 23 63 40 52<\/p>\n<h4>1. Vorsitzende<\/h4>\n<p>Christina Larsen<br \/>\nE-Mail: <a href=\"mailto:Christina.Larsen@Stuttgart.de\">Christina.Larsen@Stuttgart.de<\/a><\/p>\n<h4>2. Vorsitzende<\/h4>\n<p>Birte Reiser (Schulleiterin)<br \/>\nE-Mail:<a href=\"mailto:Birte.Reiser@stuttgart.de\">Birte.Reiser@stuttgart.de<\/a><br \/>\nTelefonkontakt \u00fcber Sekretariat:<br \/>\n0711 216-34050<\/p>\n<h4>Bankverbindung<\/h4>\n<p>VHH Verein f\u00fcr die H\u00f6here Handelsschule und das Wirtschaftsgymnasium Stuttgart e. V.<br \/>\nBW Bank Stuttgart<br \/>\nIBAN: DE52 6005 0101 7871 5220 57<br \/>\nBIC: SOLADEST600<\/p>\n<\/div>\n\n\n\n\n\t\t<\/div> \n\t<\/div>\n\t<\/div> \n\n\t<div  class=\"vc_col-sm-6 wpb_column column_container vc_column_container col child_column has-animation no-extra-padding inherit_tablet inherit_phone\"   data-padding-pos=\"all\" data-has-bg-color=\"false\" data-bg-color=\"\" data-bg-opacity=\"1\" data-animation=\"fade-in\" data-delay=\"0\" >\n\t\t<div class=\"vc_column-inner\" >\n\t\t<div class=\"wpb_wrapper\">\n\t\t\t\n<div class=\"wpb_text_column wpb_content_element\" >\n\t<h2>Sponsoren gesucht<\/h2>\n<\/div>\n\n\n\n<div class=\"divider-wrap\" data-alignment=\"default\"><div style=\"height: 30px;\" class=\"divider\"><\/div><\/div>\n<div class=\"wpb_text_column wpb_content_element\" >\n\t<p>Sie wollen die Arbeit von unserer Schule unterst\u00fctzen?\nDann k\u00f6nnen Sie Sponsor sein.\nSponsoren sind Menschen, die Geld f\u00fcr eine Sache geben.\nSie k\u00f6nnen die Arbeit von der Schule mit Geld unterst\u00fctzen.\nDann sind Sie ein F\u00f6rderer von der Arbeit von der Schule.\nSie k\u00f6nnen mehr \u00fcber die Arbeit von der Schule erfahren.\nSie m\u00f6chte mehr dar\u00fcber wissen:\nDaf\u00fcr k\u00f6nnen Sie sich an die Leitung von der Schule wenden.<\/p>\n<\/div>\n\n\n\n\n\t\t<\/div> \n\t<\/div>\n\t<\/div> \n<\/div><\/div>\n\t\t\t<\/div> \n\t\t<\/div>\n\t<\/div> \n<\/div><\/div>\n\t\t<div id=\"fws_69e4fdf358940\"  data-column-margin=\"default\" data-midnight=\"dark\"  class=\"wpb_row vc_row-fluid vc_row\"  style=\"padding-top: 0px; padding-bottom: 0px; \"><div class=\"row-bg-wrap\" data-bg-animation=\"none\" data-bg-animation-delay=\"\" data-bg-overlay=\"false\"><div class=\"inner-wrap row-bg-layer\" ><div class=\"row-bg viewport-desktop\"  style=\"\"><\/div><\/div><\/div><div class=\"row_col_wrap_12 col span_12 dark left\">\n\t<div  class=\"vc_col-sm-12 wpb_column column_container vc_column_container col no-extra-padding inherit_tablet inherit_phone\"  data-padding-pos=\"all\" data-has-bg-color=\"false\" data-bg-color=\"\" data-bg-opacity=\"1\" data-animation=\"\" data-delay=\"0\" >\n\t\t<div class=\"vc_column-inner\" >\n\t\t\t<div class=\"wpb_wrapper\">\n\t\t\t\t<div class=\"divider-wrap\" data-alignment=\"default\"><div style=\"margin-top: 40px; height: 1px; margin-bottom: 40px;\" data-width=\"100%\" data-animate=\"\" data-animation-delay=\"\" data-color=\"default\" class=\"divider-border\"><\/div><\/div>\n\t\t\t<\/div> \n\t\t<\/div>\n\t<\/div> \n<\/div><\/div>","protected":false},"excerpt":{"rendered":"F\u00f6rderverein Der Verein f\u00fcr die H\u00f6here Handelsschule und das Wirtschaftsgymnasium Stuttgart e. V. (VHH) wurde bereits 1870 gegr\u00fcndet und geh\u00f6rt damit zu den \u00e4ltesten und traditionsreichsten Vereinen Stuttgarts. Der VHH...","protected":false},"author":1,"featured_media":0,"parent":27,"menu_order":0,"comment_status":"closed","ping_status":"closed","template":"","meta":{"footnotes":""},"class_list":["post-35","page","type-page","status-publish"],"_links":{"self":[{"href":"http:\/\/www.wg-west.de\/de_ls\/wp-json\/wp\/v2\/pages\/35","targetHints":{"allow":["GET"]}}],"collection":[{"href":"http:\/\/www.wg-west.de\/de_ls\/wp-json\/wp\/v2\/pages"}],"about":[{"href":"http:\/\/www.wg-west.de\/de_ls\/wp-json\/wp\/v2\/types\/page"}],"author":[{"embeddable":true,"href":"http:\/\/www.wg-west.de\/de_ls\/wp-json\/wp\/v2\/users\/1"}],"replies":[{"embeddable":true,"href":"http:\/\/www.wg-west.de\/de_ls\/wp-json\/wp\/v2\/comments?post=35"}],"version-history":[{"count":43,"href":"http:\/\/www.wg-west.de\/de_ls\/wp-json\/wp\/v2\/pages\/35\/revisions"}],"predecessor-version":[{"id":5695,"href":"http:\/\/www.wg-west.de\/de_ls\/wp-json\/wp\/v2\/pages\/35\/revisions\/5695"}],"up":[{"embeddable":true,"href":"http:\/\/www.wg-west.de\/de_ls\/wp-json\/wp\/v2\/pages\/27"}],"wp:attachment":[{"href":"http:\/\/www.wg-west.de\/de_ls\/wp-json\/wp\/v2\/media?parent=35"}],"curies":[{"name":"wp","href":"https:\/\/api.w.org\/{rel}","templated":true}]}}