{"id":23,"date":"2017-07-06T12:59:11","date_gmt":"2017-07-06T10:59:11","guid":{"rendered":"http:\/\/www.wg-west.de\/cms\/?page_id=23"},"modified":"2026-01-21T16:30:34","modified_gmt":"2026-01-21T15:30:34","slug":"bk-ii","status":"publish","type":"page","link":"http:\/\/www.wg-west.de\/de_ls\/schularten\/bk-ii\/","title":{"rendered":"Kaufm\u00e4nnisches Berufs-Kolleg II"},"content":{"rendered":"<div id=\"fws_69e4be24d2e2a\"  data-column-margin=\"default\" data-midnight=\"dark\"  class=\"wpb_row vc_row-fluid vc_row\"  style=\"padding-top: 0px; padding-bottom: 0px; \"><div class=\"row-bg-wrap\" data-bg-animation=\"none\" data-bg-animation-delay=\"\" data-bg-overlay=\"false\"><div class=\"inner-wrap row-bg-layer\" ><div class=\"row-bg viewport-desktop\"  style=\"\"><\/div><\/div><\/div><div class=\"row_col_wrap_12 col span_12 dark left\">\n\t<div  class=\"vc_col-sm-8 wpb_column column_container vc_column_container col no-extra-padding inherit_tablet inherit_phone flex_gap_desktop_10px\"  data-padding-pos=\"all\" data-has-bg-color=\"false\" data-bg-color=\"\" data-bg-opacity=\"1\" data-animation=\"\" data-delay=\"0\" >\n\t\t<div class=\"vc_column-inner\" >\n\t\t\t<div class=\"wpb_wrapper\">\n\t\t\t\t\n<div class=\"wpb_text_column wpb_content_element  wpb_animate_when_almost_visible wpb_fadeIn fadeIn vc_custom_1691187051708\" >\n\t<h1 style=\"text-align: left;\"><img loading=\"lazy\" decoding=\"async\" class=\"size-full wp-image-3416 alignleft\" src=\"https:\/\/www.wg-west.de\/cms\/wp-content\/uploads\/2023\/08\/Rot_kl.jpg\" alt=\"\" width=\"100\" height=\"81\" \/>Kaufm\u00e4nnisches Berufs-Kolleg II<\/h1>\n<p>&nbsp;<\/p>\n<p>&nbsp;<\/p>\n<\/div>\n\n\n\n\n\t\t\t<\/div> \n\t\t<\/div>\n\t<\/div> \n\n\t<div  class=\"vc_col-sm-4 wpb_column column_container vc_column_container col no-extra-padding inherit_tablet inherit_phone flex_gap_desktop_10px\"  data-padding-pos=\"all\" data-has-bg-color=\"false\" data-bg-color=\"\" data-bg-opacity=\"1\" data-animation=\"\" data-delay=\"0\" >\n\t\t<div class=\"vc_column-inner\" >\n\t\t\t<div class=\"wpb_wrapper\">\n\t\t\t\t\n<div class=\"wpb_text_column wpb_content_element\" >\n\t<p><strong>Alle Infos zur Anmeldung gibt es hier:<\/strong><\/p>\n<\/div>\n\n\n\n<div class=\"divider-wrap\" data-alignment=\"default\"><div style=\"height: 20px;\" class=\"divider\"><\/div><\/div><a class=\"nectar-button medium regular extra-color-1 has-icon  regular-button\"  role=\"button\" style=\"color: #ffffff; background-color: #d30000;\"  href=\"https:\/\/www.wg-west.de\/de_ls\/anmeldung\/\" data-color-override=\"#d30000\" data-hover-color-override=\"false\" data-hover-text-color-override=\"#fff\"><span>Infos f\u00fcr Bewerber*innen<\/span><i style=\"color: #ffffff;\"  class=\"fa fa-external-link\"><\/i><\/a>\n\t\t\t<\/div> \n\t\t<\/div>\n\t<\/div> \n<\/div><\/div>\n\t\t<div id=\"fws_69e4be24d46b1\"  data-column-margin=\"default\" data-midnight=\"dark\"  class=\"wpb_row vc_row-fluid vc_row\"  style=\"padding-top: 0px; padding-bottom: 0px; \"><div class=\"row-bg-wrap\" data-bg-animation=\"none\" data-bg-animation-delay=\"\" data-bg-overlay=\"false\"><div class=\"inner-wrap row-bg-layer\" ><div class=\"row-bg viewport-desktop\"  style=\"\"><\/div><\/div><\/div><div class=\"row_col_wrap_12 col span_12 dark left\">\n\t<div  class=\"vc_col-sm-12 wpb_column column_container vc_column_container col no-extra-padding inherit_tablet inherit_phone flex_gap_desktop_10px\"  data-padding-pos=\"all\" data-has-bg-color=\"false\" data-bg-color=\"\" data-bg-opacity=\"1\" data-animation=\"\" data-delay=\"0\" >\n\t\t<div class=\"vc_column-inner\" >\n\t\t\t<div class=\"wpb_wrapper\">\n\t\t\t\t<div id=\"fws_69e4be24d4dc6\" data-midnight=\"\" data-column-margin=\"default\" class=\"wpb_row vc_row-fluid vc_row inner_row\"  style=\"\"><div class=\"row-bg-wrap\"> <div class=\"row-bg\" ><\/div> <\/div><div class=\"row_col_wrap_12_inner col span_12  left\">\n\t<div  class=\"vc_col-sm-6 wpb_column column_container vc_column_container col child_column no-extra-padding inherit_tablet inherit_phone flex_gap_desktop_10px\"   data-padding-pos=\"all\" data-has-bg-color=\"false\" data-bg-color=\"\" data-bg-opacity=\"1\" data-animation=\"\" data-delay=\"0\" >\n\t\t<div class=\"vc_column-inner\" >\n\t\t<div class=\"wpb_wrapper\">\n\t\t\t\n<div class=\"wpb_text_column wpb_content_element  wpb_animate_when_almost_visible wpb_fadeIn fadeIn\" >\n\t<h4>Was wir lernen sollen<\/h4>\n<p>Das Berufs-Kolleg II kann man nach dem Berufs-Kolleg I besuchen. Dazu braucht man gute Noten. Die Schule will junge Menschen auf die Arbeit vorbereiten. Dabei werden viele neue Sachen im kaufm\u00e4nnischen Bereich gelernt. Man lernt aber auch noch mehr in den allgemeinen F\u00e4chern. \n\nMit der Pr\u00fcfung kann man die Fachhochschul-Reife bekommen. Das ist wichtig f\u00fcr die Arbeit in der Wirtschaft. Man kann aber auch an den Fachhoch-Schulen studieren.\n\nDie Sch\u00fcler und Sch\u00fclerinnen lernen auch Sachen f\u00fcr sp\u00e4tere Berufe. Die Berufe sind\n\nKauf-Frau oder Kauf-Mann im Gro\u00df- und Au\u00dfen-Handel, Industrie-Kauf-Frau oder Industrie-Kauf-Mann, Kauf-Frau oder Kauf-Mann f\u00fcr B\u00fcro-Management.<\/p>\n<div class='w3eden'><!-- WPDM Link Template: Default Template ( Old ) -->\n\n\n<div class=\"wpdm-link-template link-template-default\" >\n\n    <div class=\"media\">\n        <div class=\"mr-3\"><img decoding=\"async\" class=\"wpdm_icon\" alt=\"Icon\" src=\"http:\/\/www.wg-west.de\/cms\/wp-content\/plugins\/download-manager\/assets\/file-type-icons\/pdf.svg\" \/><\/div>\n        <div class=\"media-body\">\n            <div>\n                <strong class=\"package-title\">Flyer Schularten<\/strong> | 369.87 KB\n            <\/div>\n            <a class='wpdm-download-link download-on-click btn btn-primary' rel='nofollow' href='#' data-downloadurl=\"http:\/\/www.wg-west.de\/de_ls\/download\/flyer-schularten\/?wpdmdl=8224&refresh=69e4be24d97f81776598564\">Download<\/a>\n        <\/div>\n\n    <\/div>\n    <div style=\"clear: both\"><\/div>\n<\/div>\n<div style=\"clear: both\"><\/div>\n\n<\/div>\n<\/div>\n\n\n\n\n\t\t<\/div> \n\t<\/div>\n\t<\/div> \n\n\t<div  class=\"vc_col-sm-6 wpb_column column_container vc_column_container col child_column no-extra-padding inherit_tablet inherit_phone flex_gap_desktop_10px\"   data-padding-pos=\"all\" data-has-bg-color=\"false\" data-bg-color=\"\" data-bg-opacity=\"1\" data-animation=\"\" data-delay=\"0\" >\n\t\t<div class=\"vc_column-inner\" >\n\t\t<div class=\"wpb_wrapper\">\n\t\t\t\n<div class=\"wpb_text_column wpb_content_element  wpb_animate_when_almost_visible wpb_fadeIn fadeIn\" >\n\t<h4>Besondere Dinge<\/h4>\n<p>Im BKII gibt es 3 Wahl-Bereiche.<\/p>\n<p>Im Bereich \u201eGesch\u00e4fts-Prozesse\u201c lernen die Sch\u00fcler und Sch\u00fclerinnen mehr \u00fcber den Beruf Kauf-Mann oder Kauf-Frau.\nDasselbe gilt f\u00fcr den Wahlpflicht-Bereich \u201e\u00dcbungs-Firma\u201c.\nDie Sch\u00fcler und Sch\u00fclerinnen sind dort \u201eAngestellte\u201c. Sie haben in einem besonderen Raum Unterricht. Dort \u00fcben sie, wie man Waren kauft und verkauft.\n\nIm Bereich \u201eB\u00fcro-Management\u201c arbeiten die Sch\u00fcler und Sch\u00fclerinnen mit Microsoft Word und Power-Point.\nDas sind zum Beispiel: E-Mails schreiben, Texte schreiben, Pr\u00e4sentationen erstellen.<\/p>\n<p>Das WG West macht immer wieder Info-Tage.\nAn diesen Tagen k\u00f6nnen unsere Sch\u00fcler und Sch\u00fclerinnen Fachhoch-Schulen besuchen. Sie k\u00f6nnen sich auch \u00fcber Ausbildungen informieren. Jedes Jahr besuchen wir auch eine Firma. Dort k\u00f6nnen die Sch\u00fcler und Sch\u00fclerinnen sehen, wie dort gearbeitet wird. \n\nWir beginnen das Schul-Jahr mit \u201eKennen-Lern-Tagen\u201c.<\/p>\n<\/div>\n\n\n\n\n\t\t<\/div> \n\t<\/div>\n\t<\/div> \n<\/div><\/div><div class=\"divider-wrap\" data-alignment=\"default\"><div style=\"margin-top: 50px; height: 1px; margin-bottom: 50px;\" data-width=\"100%\" data-animate=\"\" data-animation-delay=\"\" data-color=\"default\" class=\"divider-border\"><\/div><\/div>\n\t\t\t<\/div> \n\t\t<\/div>\n\t<\/div> \n<\/div><\/div>\n\t\t<div id=\"fws_69e4be24e19ef\"  data-column-margin=\"default\" data-midnight=\"dark\"  class=\"wpb_row vc_row-fluid vc_row\"  style=\"padding-top: 0px; padding-bottom: 0px; \"><div class=\"row-bg-wrap\" data-bg-animation=\"none\" data-bg-animation-delay=\"\" data-bg-overlay=\"false\"><div class=\"inner-wrap row-bg-layer\" ><div class=\"row-bg viewport-desktop\"  style=\"\"><\/div><\/div><\/div><div class=\"row_col_wrap_12 col span_12 dark left\">\n\t<div  class=\"vc_col-sm-6 wpb_column column_container vc_column_container col no-extra-padding inherit_tablet inherit_phone flex_gap_desktop_10px\"  data-padding-pos=\"all\" data-has-bg-color=\"false\" data-bg-color=\"\" data-bg-opacity=\"1\" data-animation=\"\" data-delay=\"0\" >\n\t\t<div class=\"vc_column-inner\" >\n\t\t\t<div class=\"wpb_wrapper\">\n\t\t\t\t\n<div class=\"wpb_text_column wpb_content_element\" >\n\t<h4>Was m\u00fcssen Sie tun,\ndamit Sie aufgenommen werden k\u00f6nnen?<\/h4>\n<ul>\n<li>Erfolgreicher Abschuss BK I<\/li>\n<li>Sie m\u00fcssen in 4 F\u00e4chern gut sein.\nDie F\u00e4cher hei\u00dfen: Deutsch, Englisch, Mathe, Betriebs-Wirtschaft.\nIn diesen F\u00e4chern m\u00fcssen Sie mindestens eine 3,0 haben.<\/li>\n<li>Viele Menschen wollen einen Platz in der Schule.\nDeshalb sollten Sie noch bessere Noten haben.<\/li>\n<\/ul>\n<h4>Wie lange dauert die Ausbildung?\nUnd was kann man danach machen?<\/h4>\n<p>Die Ausbildung am Kaufm\u00e4nnischen BK II dauert ein Jahr.\nVielleicht schaffen Sie die Probe-Zeit nicht?\nDann m\u00fcssen Sie das Berufs-Kolleg verlassen.\nAm Ende vom Schul-Jahr gibt es eine Pr\u00fcfung.\nMit der Pr\u00fcfung schaffen Sie die Fachhochschulreife.\nSie k\u00f6nnen dann an einer Fach-Hochschule in Baden-W\u00fcrttemberg studieren.\nVielleicht schaffen Sie auch die Wirtschafts-Assistenten-Pr\u00fcfung.\nDann k\u00f6nnen Sie an die Wirtschafts-Ober-Schule wechseln.\nDort k\u00f6nnen Sie in zwei Jahren die allgemeine Hochschul-Reife (Abitur) machen. \nMit guten Noten geht das auch in einem Jahr.<\/p>\n<\/div>\n\n\n\n\n\t\t\t<\/div> \n\t\t<\/div>\n\t<\/div> \n\n\t<div  class=\"vc_col-sm-6 wpb_column column_container vc_column_container col no-extra-padding inherit_tablet inherit_phone flex_gap_desktop_10px\"  data-padding-pos=\"all\" data-has-bg-color=\"false\" data-bg-color=\"\" data-bg-opacity=\"1\" data-animation=\"\" data-delay=\"0\" >\n\t\t<div class=\"vc_column-inner\" >\n\t\t\t<div class=\"wpb_wrapper\">\n\t\t\t\t\n<div class=\"wpb_text_column wpb_content_element\" >\n\t<h4 style=\"text-align: left;\">So k\u00f6nnen Sie sich anmelden.<\/h4>\n<p style=\"text-align: left;\">Sie m\u00fcssen sich \u00fcber das Internet anmelden. Sie brauchen eine E-Mail-Adresse und ein Passwort.<\/p>\n<p style=\"text-align: left;\" class=\"translation-block\">Sie k\u00f6nnen sich im Internet bewerben von:\nEnde Januar bis Anfang M\u00e4rz.<\/p>\n<p style=\"text-align: left;\">Download des neuen <a href=\"https:\/\/www.wg-west.de\/cms\/wp-content\/uploads\/2025\/11\/BewO-2026-Flyer-BG-BK-RPS.pdf\">BewO-Flyers<\/a> (WG und BK).<\/p>\n<p style=\"text-align: left;\">Man braucht das Anmelde-Formular und sonst noch:<\/p>\n<ul style=\"text-align: left;\">\n<li>Kopie vom Zeugnis: beglaubigen lassen!<\/li>\n<li>Lebenslauf<\/li>\n<li>Kopie vom Personalausweis<\/li>\n<\/ul>\n<p style=\"text-align: left;\">Die rechtliche Verordnungen f\u00fcr diese Schulart k\u00f6nnen <a href=\"https:\/\/www.wg-west.de\/cms\/wp-content\/uploads\/2024\/02\/BK-II-Verordnung-BerKoll2V_BW_2015.pdf\">hier<\/a> (Landesrecht Baden-W\u00fcrttemberg) nachgelesen werden.<\/p>\n<\/div>\n\n\n\n\n\t\t\t<\/div> \n\t\t<\/div>\n\t<\/div> \n<\/div><\/div>\n\t\t<div id=\"fws_69e4be24e325f\"  data-column-margin=\"default\" data-midnight=\"dark\"  class=\"wpb_row vc_row-fluid vc_row\"  style=\"padding-top: 0px; padding-bottom: 0px; \"><div class=\"row-bg-wrap\" data-bg-animation=\"none\" data-bg-animation-delay=\"\" data-bg-overlay=\"false\"><div class=\"inner-wrap row-bg-layer\" ><div class=\"row-bg viewport-desktop\"  style=\"\"><\/div><\/div><\/div><div class=\"row_col_wrap_12 col span_12 dark left\">\n\t<div  class=\"vc_col-sm-12 wpb_column column_container vc_column_container col no-extra-padding inherit_tablet inherit_phone flex_gap_desktop_10px\"  data-padding-pos=\"all\" data-has-bg-color=\"false\" data-bg-color=\"\" data-bg-opacity=\"1\" data-animation=\"\" data-delay=\"0\" >\n\t\t<div class=\"vc_column-inner\" >\n\t\t\t<div class=\"wpb_wrapper\">\n\t\t\t\t<div class=\"divider-wrap\" data-alignment=\"default\"><div style=\"margin-top: 40px; height: 1px; margin-bottom: 40px;\" data-width=\"100%\" data-animate=\"\" data-animation-delay=\"\" data-color=\"default\" class=\"divider-border\"><\/div><\/div>\n\t\t\t<\/div> \n\t\t<\/div>\n\t<\/div> \n<\/div><\/div>","protected":false},"excerpt":{"rendered":"Kaufm\u00e4nnisches Berufskolleg II &nbsp; &nbsp; Alle Infos zur Anmeldung gibt es hier: Infos f\u00fcr Bewerber*innen Bildungsziele Das Berufskolleg II (BK II) baut auf dem BK I auf. Ziel ist es,...","protected":false},"author":1,"featured_media":0,"parent":17,"menu_order":0,"comment_status":"closed","ping_status":"closed","template":"","meta":{"footnotes":""},"class_list":["post-23","page","type-page","status-publish"],"_links":{"self":[{"href":"http:\/\/www.wg-west.de\/de_ls\/wp-json\/wp\/v2\/pages\/23","targetHints":{"allow":["GET"]}}],"collection":[{"href":"http:\/\/www.wg-west.de\/de_ls\/wp-json\/wp\/v2\/pages"}],"about":[{"href":"http:\/\/www.wg-west.de\/de_ls\/wp-json\/wp\/v2\/types\/page"}],"author":[{"embeddable":true,"href":"http:\/\/www.wg-west.de\/de_ls\/wp-json\/wp\/v2\/users\/1"}],"replies":[{"embeddable":true,"href":"http:\/\/www.wg-west.de\/de_ls\/wp-json\/wp\/v2\/comments?post=23"}],"version-history":[{"count":54,"href":"http:\/\/www.wg-west.de\/de_ls\/wp-json\/wp\/v2\/pages\/23\/revisions"}],"predecessor-version":[{"id":8548,"href":"http:\/\/www.wg-west.de\/de_ls\/wp-json\/wp\/v2\/pages\/23\/revisions\/8548"}],"up":[{"embeddable":true,"href":"http:\/\/www.wg-west.de\/de_ls\/wp-json\/wp\/v2\/pages\/17"}],"wp:attachment":[{"href":"http:\/\/www.wg-west.de\/de_ls\/wp-json\/wp\/v2\/media?parent=23"}],"curies":[{"name":"wp","href":"https:\/\/api.w.org\/{rel}","templated":true}]}}